{"id":2,"date":"2023-11-06T15:59:57","date_gmt":"2023-11-06T12:29:57","guid":{"rendered":"https:\/\/drill-magnet.com\/en\/?page_id=2"},"modified":"2024-10-26T12:49:18","modified_gmt":"2024-10-26T09:19:18","slug":"%d8%a8%d8%b1%da%af%d9%87-%d9%86%d9%85%d9%88%d9%86%d9%87","status":"publish","type":"page","link":"https:\/\/drill-magnet.com\/en\/%d8%a8%d8%b1%da%af%d9%87-%d9%86%d9%85%d9%88%d9%86%d9%87\/","title":{"rendered":"\u00d8\u00a8\u00d8\u00b1\u00da\u00af\u00d9\u2021 \u00d9\u2020\u00d9\u2026\u00d9\u02c6\u00d9\u2020\u00d9\u2021"},"content":{"rendered":"\n<p>\u00d8\u00a7\u00db\u0152\u00d9\u2020 \u00db\u0152\u00da\u00a9 \u00d8\u00a8\u00d8\u00b1\u00da\u00af\u00d9\u2021\u00d9\u201d \u00d9\u2020\u00d9\u2026\u00d9\u02c6\u00d9\u2020\u00d9\u2021 \u00d8\u00a7\u00d8\u00b3\u00d8\u00aa. \u00d8\u00a7\u00db\u0152\u00d9\u2020 \u00d8\u00a7\u00d8\u00b2 \u00db\u0152\u00da\u00a9 \u00d9\u2020\u00d9\u02c6\u00d8\u00b4\u00d8\u00aa\u00d9\u2021\u00d9\u201d \u00d9\u02c6\u00d8\u00a8\u00d9\u201e\u00d8\u00a7\u00da\u00af \u00d9\u2026\u00d8\u00aa\u00d9\u0081\u00d8\u00a7\u00d9\u02c6\u00d8\u00aa \u00d8\u00a7\u00d8\u00b3\u00d8\u00aa \u00d8\u00b2\u00db\u0152\u00d8\u00b1\u00d8\u00a7 \u00d8\u00af\u00d8\u00b1 \u00db\u0152\u00da\u00a9 \u00d9\u2026\u00da\u00a9\u00d8\u00a7\u00d9\u2020 \u00d8\u00a8\u00d8\u00a7\u00d9\u201a\u00db\u0152 \u00d8\u00ae\u00d9\u02c6\u00d8\u00a7\u00d9\u2021\u00d8\u00af \u00d9\u2026\u00d8\u00a7\u00d9\u2020\u00d8\u00af \u00d9\u02c6 \u00d8\u00af\u00d8\u00b1 \u00d8\u00b1\u00d8\u00a7\u00d9\u2021\u00d8\u00a8\u00d8\u00b1\u00db\u0152 \u00d8\u00b3\u00d8\u00a7\u00db\u0152\u00d8\u00aa\u00d8\u00aa\u00d8\u00a7\u00d9\u2020 (\u00d8\u00af\u00d8\u00b1 \u00d8\u00a8\u00db\u0152\u00d8\u00b4\u00d8\u00aa\u00d8\u00b1 \u00d9\u00be\u00d9\u02c6\u00d8\u00b3\u00d8\u00aa\u00d9\u2021\u00e2\u20ac\u0152\u00d9\u2021\u00d8\u00a7) \u00d9\u2020\u00d8\u00b4\u00d8\u00a7\u00d9\u2020 \u00d8\u00af\u00d8\u00a7\u00d8\u00af\u00d9\u2021 \u00d8\u00ae\u00d9\u02c6\u00d8\u00a7\u00d9\u2021\u00d8\u00af \u00d8\u00b4\u00d8\u00af. \u00d8\u00a8\u00db\u0152\u00d8\u00b4\u00d8\u00aa\u00d8\u00b1 \u00d9\u2026\u00d8\u00b1\u00d8\u00af\u00d9\u2026 \u00d8\u00a8\u00d8\u00a7 \u00db\u0152\u00da\u00a9 \u00d8\u00a8\u00d8\u00b1\u00da\u00af\u00d9\u2021 \u00d8\u00af\u00d8\u00b1\u00d8\u00a8\u00d8\u00a7\u00d8\u00b1\u00d9\u2021 \u00da\u00a9\u00d9\u2021 \u00d8\u00a2\u00d9\u2020\u00e2\u20ac\u0152\u00d9\u2021\u00d8\u00a7 \u00d8\u00b1\u00d8\u00a7 \u00d8\u00a8\u00d9\u2021 \u00d8\u00a8\u00d8\u00a7\u00d8\u00b2\u00d8\u00af\u00db\u0152\u00d8\u00af\u00da\u00a9\u00d9\u2020\u00d9\u2020\u00d8\u00af\u00da\u00af\u00d8\u00a7\u00d9\u2020 \u00d8\u00a8\u00d8\u00a7\u00d9\u201e\u00d9\u201a\u00d9\u02c6\u00d9\u2021\u00d9\u201d \u00d8\u00b3\u00d8\u00a7\u00db\u0152\u00d8\u00aa \u00d9\u2026\u00d8\u00b9\u00d8\u00b1\u00d9\u0081\u00db\u0152 \u00d9\u2026\u00db\u0152\u00e2\u20ac\u0152\u00da\u00a9\u00d9\u2020\u00d8\u00af\u00d8\u0152 \u00d8\u00a2\u00d8\u00ba\u00d8\u00a7\u00d8\u00b2 \u00d9\u2026\u00db\u0152\u00e2\u20ac\u0152\u00da\u00a9\u00d9\u2020\u00d9\u2020\u00d8\u00af. \u00da\u00a9\u00d9\u2021 \u00d9\u2026\u00d9\u2026\u00da\u00a9\u00d9\u2020 \u00d8\u00a7\u00d8\u00b3\u00d8\u00aa \u00da\u2020\u00db\u0152\u00d8\u00b2\u00db\u0152 \u00d9\u2021\u00d9\u2026\u00d8\u00a7\u00d9\u2020\u00d9\u2020\u00d8\u00af \u00d8\u00a7\u00db\u0152\u00d9\u2020 \u00d8\u00a8\u00d8\u00a7\u00d8\u00b4\u00d8\u00af:<\/p>\n\n\n\n<blockquote class=\"wp-block-quote is-layout-flow wp-block-quote-is-layout-flow\"><p>\u00d8\u00b3\u00d9\u201e\u00d8\u00a7\u00d9\u2026! \u00d9\u2026\u00d9\u2020 \u00db\u0152\u00da\u00a9 \u00d9\u00be\u00db\u0152\u00d8\u00a7\u00d9\u2026\u00e2\u20ac\u0152\u00d8\u00b1\u00d8\u00b3\u00d8\u00a7\u00d9\u2020 \u00d8\u00af\u00d9\u02c6\u00da\u2020\u00d8\u00b1\u00d8\u00ae\u00d9\u2021\u00e2\u20ac\u0152\u00d8\u00b3\u00d9\u02c6\u00d8\u00a7\u00d8\u00b1 \u00d8\u00af\u00d8\u00b1 \u00d8\u00b1\u00d9\u02c6\u00d8\u00b2\u00d8\u0152 \u00d8\u00a8\u00d8\u00a7\u00d8\u00b2\u00db\u0152\u00da\u00af\u00d8\u00b1 \u00d9\u2026\u00d8\u00b4\u00d8\u00aa\u00d8\u00a7\u00d9\u201a \u00d8\u00af\u00d8\u00b1 \u00d8\u00b4\u00d8\u00a8 \u00d9\u2021\u00d8\u00b3\u00d8\u00aa\u00d9\u2026\u00d8\u0152 \u00d9\u02c6 \u00d8\u00a7\u00db\u0152\u00d9\u2020 \u00d9\u02c6\u00d8\u00a8\u00e2\u20ac\u0152\u00d8\u00b3\u00d8\u00a7\u00db\u0152\u00d8\u00aa \u00d9\u2026\u00d9\u2020 \u00d8\u00a7\u00d8\u00b3\u00d8\u00aa. \u00d9\u2026\u00d9\u2020 \u00d8\u00af\u00d8\u00b1 \u00d9\u201e\u00d8\u00b3 \u00d8\u00a2\u00d9\u2020\u00d8\u00ac\u00d9\u201e\u00d8\u00b3 \u00d8\u00b2\u00d9\u2020\u00d8\u00af\u00da\u00af\u00db\u0152 \u00d9\u2026\u00db\u0152\u00e2\u20ac\u0152\u00da\u00a9\u00d9\u2020\u00d9\u2026\u00d8\u0152 \u00db\u0152\u00da\u00a9 \u00d8\u00b3\u00da\u00af \u00d8\u00a8\u00d8\u00b2\u00d8\u00b1\u00da\u00af \u00d8\u00a8\u00d9\u2021 \u00d9\u2020\u00d8\u00a7\u00d9\u2026 \u00d8\u00ac\u00da\u00a9 \u00d8\u00af\u00d8\u00a7\u00d8\u00b1\u00d9\u2026\u00d8\u0152 \u00d9\u02c6 \u00d9\u2026\u00d9\u2020 \u00d9\u00be\u00db\u0152\u00d9\u2020\u00db\u0152\u00d8\u00a7 \u00da\u00a9\u00d9\u02c6\u00d9\u201e\u00d8\u00a7\u00d8\u00af\u00d8\u00a7 \u00d8\u00af\u00d9\u02c6\u00d8\u00b3\u00d8\u00aa \u00d8\u00af\u00d8\u00a7\u00d8\u00b1\u00d9\u2026. (\u00d9\u2021\u00d9\u2026\u00da\u2020\u00d9\u2020\u00db\u0152\u00d9\u2020 \u00da\u00af\u00d8\u00b1\u00d9\u0081\u00d8\u00aa\u00d8\u00a7\u00d8\u00b1 \u00d8\u00b4\u00d8\u00af\u00d9\u2020 \u00d8\u00af\u00d8\u00b1 \u00d8\u00a8\u00d8\u00a7\u00d8\u00b1\u00d8\u00a7\u00d9\u2020 \u00d8\u00b1\u00d8\u00a7 \u00d8\u00af\u00d9\u02c6\u00d8\u00b3\u00d8\u00aa \u00d8\u00af\u00d8\u00a7\u00d8\u00b1\u00d9\u2026.)<\/p><\/blockquote>\n\n\n\n<p>&#8230;\u00db\u0152\u00d8\u00a7 \u00da\u2020\u00db\u0152\u00d8\u00b2\u00d9\u2021\u00d8\u00a7\u00db\u0152\u00db\u0152 \u00d9\u2026\u00d8\u00a7\u00d9\u2020\u00d9\u2020\u00d8\u00af \u00d8\u00a7\u00db\u0152\u00d9\u2020:<\/p>\n\n\n\n<blockquote class=\"wp-block-quote is-layout-flow wp-block-quote-is-layout-flow\"><p>\u00d8\u00b4\u00d8\u00b1\u00da\u00a9\u00d8\u00aa XYZ \u00d8\u00af\u00d8\u00b1 \u00d8\u00b3\u00d8\u00a7\u00d9\u201e \u00db\u00b1\u00db\u00b9\u00db\u00b7\u00db\u00b1 \u00d8\u00aa\u00d8\u00a3\u00d8\u00b3\u00db\u0152\u00d8\u00b3 \u00d8\u00b4\u00d8\u00af\u00d8\u0152 \u00d9\u02c6 \u00d8\u00aa\u00d8\u00a7 \u00da\u00a9\u00d9\u2020\u00d9\u02c6\u00d9\u2020 \u00da\u2020\u00db\u0152\u00d8\u00b2\u00d9\u2021\u00d8\u00a7\u00db\u0152 \u00d8\u00a8\u00d8\u00a7 \u00da\u00a9\u00db\u0152\u00d9\u0081\u00db\u0152\u00d8\u00aa\u00db\u0152 \u00d8\u00b1\u00d8\u00a7 \u00d8\u00a8\u00d9\u2021 \u00d8\u00b9\u00d9\u2026\u00d9\u02c6\u00d9\u2026 \u00d8\u00b9\u00d8\u00b1\u00d8\u00b6\u00d9\u2021 \u00da\u00a9\u00d8\u00b1\u00d8\u00af\u00d9\u2021 \u00d8\u00a7\u00d8\u00b3\u00d8\u00aa. \u00d8\u00a7\u00db\u0152\u00d9\u2020 \u00d8\u00b4\u00d8\u00b1\u00da\u00a9\u00d8\u00aa \u00d8\u00af\u00d8\u00b1 \u00d8\u00b4\u00d9\u2021\u00d8\u00b1 \u00da\u00af\u00d8\u00a7\u00d8\u00aa\u00d9\u2021\u00d8\u00a7\u00d9\u2026 \u00d9\u02c6\u00d8\u00a7\u00d9\u201a\u00d8\u00b9 \u00d8\u00b4\u00d8\u00af\u00d9\u2021 \u00d8\u00a7\u00d8\u00b3\u00d8\u00aa\u00d8\u0152 \u00d8\u00a8\u00db\u0152\u00d8\u00b4 \u00d8\u00a7\u00d8\u00b2 \u00db\u00b2\u00db\u00b0\u00db\u00b0\u00db\u00b0 \u00d9\u2020\u00d9\u0081\u00d8\u00b1 \u00d8\u00af\u00d8\u00b1 \u00d8\u00a2\u00d9\u2020 \u00da\u00a9\u00d8\u00a7\u00d8\u00b1 \u00d9\u2026\u00db\u0152\u00e2\u20ac\u0152\u00da\u00a9\u00d9\u2020\u00d9\u2020\u00d8\u00af \u00d9\u02c6 \u00d9\u2021\u00d9\u2026\u00d9\u2021 \u00d9\u2020\u00d9\u02c6\u00d8\u00b9 \u00da\u2020\u00db\u0152\u00d8\u00b2 \u00d8\u00b9\u00d8\u00a7\u00d9\u201e\u00db\u0152 \u00d8\u00a8\u00d8\u00b1\u00d8\u00a7\u00db\u0152 \u00d8\u00ac\u00d8\u00a7\u00d9\u2026\u00d8\u00b9\u00d9\u2021 \u00da\u00af\u00d8\u00a7\u00d8\u00aa\u00d9\u2021\u00d8\u00a7\u00d9\u2026 \u00d8\u00a7\u00d9\u2020\u00d8\u00ac\u00d8\u00a7\u00d9\u2026 \u00d9\u2026\u00db\u0152\u00e2\u20ac\u0152\u00d8\u00af\u00d9\u2021\u00d8\u00af.<\/p><\/blockquote>\n\n\n\n<p>\u00d8\u00a8\u00d9\u2021 \u00d8\u00b9\u00d9\u2020\u00d9\u02c6\u00d8\u00a7\u00d9\u2020 \u00db\u0152\u00da\u00a9 \u00da\u00a9\u00d8\u00a7\u00d8\u00b1\u00d8\u00a8\u00d8\u00b1 \u00d8\u00ac\u00d8\u00af\u00db\u0152\u00d8\u00af \u00d9\u02c6\u00d8\u00b1\u00d8\u00af\u00d9\u00be\u00d8\u00b1\u00d8\u00b3\u00d8\u0152 \u00d8\u00a8\u00d8\u00b1\u00d8\u00a7\u00db\u0152 \u00d8\u00ad\u00d8\u00b0\u00d9\u0081 \u00d8\u00a7\u00db\u0152\u00d9\u2020 \u00d8\u00a8\u00d8\u00b1\u00da\u00af\u00d9\u2021 \u00d9\u02c6 \u00d8\u00a7\u00db\u0152\u00d8\u00ac\u00d8\u00a7\u00d8\u00af \u00d8\u00a8\u00d8\u00b1\u00da\u00af\u00d9\u2021\u00e2\u20ac\u0152\u00d9\u2021\u00d8\u00a7\u00db\u0152 \u00d8\u00ac\u00d8\u00af\u00db\u0152\u00d8\u00af \u00d8\u00a8\u00d8\u00b1\u00d8\u00a7\u00db\u0152 \u00d9\u2026\u00d8\u00ad\u00d8\u00aa\u00d9\u02c6\u00d8\u00a7\u00db\u0152 \u00d8\u00ae\u00d9\u02c6\u00d8\u00af \u00d8\u00b4\u00d9\u2026\u00d8\u00a7 \u00d8\u00a8\u00d8\u00a7\u00db\u0152\u00d8\u00af \u00d8\u00a8\u00d9\u2021 <a href=\"https:\/\/drill-magnet.com\/en\/wp-admin\/\">\u00d9\u00be\u00db\u0152\u00d8\u00b4\u00d8\u00ae\u00d9\u02c6\u00d8\u00a7\u00d9\u2020<\/a> \u00d8\u00a8\u00d8\u00b1\u00d9\u02c6\u00db\u0152\u00d8\u00af. \u00d8\u00ae\u00d9\u02c6\u00d8\u00b4 \u00d8\u00a8\u00da\u00af\u00d8\u00b0\u00d8\u00b1\u00d9\u2021!<\/p>\n","protected":false},"excerpt":{"rendered":"<p>\u00d8\u00a7\u00db\u0152\u00d9\u2020 \u00db\u0152\u00da\u00a9 \u00d8\u00a8\u00d8\u00b1\u00da\u00af\u00d9\u2021\u00d9\u201d \u00d9\u2020\u00d9\u2026\u00d9\u02c6\u00d9\u2020\u00d9\u2021 \u00d8\u00a7\u00d8\u00b3\u00d8\u00aa. \u00d8\u00a7\u00db\u0152\u00d9\u2020 \u00d8\u00a7\u00d8\u00b2 \u00db\u0152\u00da\u00a9 \u00d9\u2020\u00d9\u02c6\u00d8\u00b4\u00d8\u00aa\u00d9\u2021\u00d9\u201d \u00d9\u02c6\u00d8\u00a8\u00d9\u201e\u00d8\u00a7\u00da\u00af \u00d9\u2026\u00d8\u00aa\u00d9\u0081\u00d8\u00a7\u00d9\u02c6\u00d8\u00aa \u00d8\u00a7\u00d8\u00b3\u00d8\u00aa \u00d8\u00b2\u00db\u0152\u00d8\u00b1\u00d8\u00a7 \u00d8\u00af\u00d8\u00b1 \u00db\u0152\u00da\u00a9 \u00d9\u2026\u00da\u00a9\u00d8\u00a7\u00d9\u2020 \u00d8\u00a8\u00d8\u00a7\u00d9\u201a\u00db\u0152 \u00d8\u00ae\u00d9\u02c6\u00d8\u00a7\u00d9\u2021\u00d8\u00af \u00d9\u2026\u00d8\u00a7\u00d9\u2020\u00d8\u00af \u00d9\u02c6<\/p>\n","protected":false},"author":1,"featured_media":0,"parent":0,"menu_order":0,"comment_status":"closed","ping_status":"open","template":"","meta":{"footnotes":""},"class_list":["post-2","page","type-page","status-publish","hentry"],"yoast_head":"<!-- This site is optimized with the Yoast SEO Premium plugin v23.9 (Yoast SEO v26.1.1) - https:\/\/yoast.com\/wordpress\/plugins\/seo\/ -->\n<title>\u00d8\u00a8\u00d8\u00b1\u00da\u00af\u00d9\u2021 \u00d9\u2020\u00d9\u2026\u00d9\u02c6\u00d9\u2020\u00d9\u2021 - RAHMANI Magnetic drill store group<\/title>\n<meta name=\"robots\" content=\"index, follow, max-snippet:-1, max-image-preview:large, max-video-preview:-1\" \/>\n<link rel=\"canonical\" href=\"https:\/\/drill-magnet.com\/en\/\u0628\u0631\u06af\u0647-\u0646\u0645\u0648\u0646\u0647\/\" \/>\n<meta property=\"og:locale\" content=\"en_US\" \/>\n<meta property=\"og:type\" content=\"article\" \/>\n<meta property=\"og:title\" content=\"\u00d8\u00a8\u00d8\u00b1\u00da\u00af\u00d9\u2021 \u00d9\u2020\u00d9\u2026\u00d9\u02c6\u00d9\u2020\u00d9\u2021\" \/>\n<meta property=\"og:description\" content=\"\u00d8\u00a7\u00db\u0152\u00d9\u2020 \u00db\u0152\u00da\u00a9 \u00d8\u00a8\u00d8\u00b1\u00da\u00af\u00d9\u2021\u00d9\u201d \u00d9\u2020\u00d9\u2026\u00d9\u02c6\u00d9\u2020\u00d9\u2021 \u00d8\u00a7\u00d8\u00b3\u00d8\u00aa. \u00d8\u00a7\u00db\u0152\u00d9\u2020 \u00d8\u00a7\u00d8\u00b2 \u00db\u0152\u00da\u00a9 \u00d9\u2020\u00d9\u02c6\u00d8\u00b4\u00d8\u00aa\u00d9\u2021\u00d9\u201d \u00d9\u02c6\u00d8\u00a8\u00d9\u201e\u00d8\u00a7\u00da\u00af \u00d9\u2026\u00d8\u00aa\u00d9\u0081\u00d8\u00a7\u00d9\u02c6\u00d8\u00aa \u00d8\u00a7\u00d8\u00b3\u00d8\u00aa \u00d8\u00b2\u00db\u0152\u00d8\u00b1\u00d8\u00a7 \u00d8\u00af\u00d8\u00b1 \u00db\u0152\u00da\u00a9 \u00d9\u2026\u00da\u00a9\u00d8\u00a7\u00d9\u2020 \u00d8\u00a8\u00d8\u00a7\u00d9\u201a\u00db\u0152 \u00d8\u00ae\u00d9\u02c6\u00d8\u00a7\u00d9\u2021\u00d8\u00af \u00d9\u2026\u00d8\u00a7\u00d9\u2020\u00d8\u00af \u00d9\u02c6\" \/>\n<meta property=\"og:url\" content=\"https:\/\/drill-magnet.com\/en\/\u0628\u0631\u06af\u0647-\u0646\u0645\u0648\u0646\u0647\/\" \/>\n<meta property=\"og:site_name\" content=\"RAHMANI Magnetic drill store group\" \/>\n<meta property=\"article:modified_time\" content=\"2024-10-26T09:19:18+00:00\" \/>\n<meta property=\"og:image\" content=\"https:\/\/drill-magnet.com\/en\/wp-content\/uploads\/2025\/02\/63443-10992863.jpg\" \/>\n\t<meta property=\"og:image:width\" content=\"1402\" \/>\n\t<meta property=\"og:image:height\" content=\"487\" \/>\n\t<meta property=\"og:image:type\" content=\"image\/jpeg\" \/>\n<meta name=\"twitter:card\" content=\"summary_large_image\" \/>\n<script type=\"application\/ld+json\" class=\"yoast-schema-graph\">{\"@context\":\"https:\/\/schema.org\",\"@graph\":[{\"@type\":\"WebPage\",\"@id\":\"https:\/\/drill-magnet.com\/en\/%d8%a8%d8%b1%da%af%d9%87-%d9%86%d9%85%d9%88%d9%86%d9%87\/\",\"url\":\"https:\/\/drill-magnet.com\/en\/%d8%a8%d8%b1%da%af%d9%87-%d9%86%d9%85%d9%88%d9%86%d9%87\/\",\"name\":\"\u00d8\u00a8\u00d8\u00b1\u00da\u00af\u00d9\u2021 \u00d9\u2020\u00d9\u2026\u00d9\u02c6\u00d9\u2020\u00d9\u2021 - RAHMANI Magnetic drill store group\",\"isPartOf\":{\"@id\":\"https:\/\/drill-magnet.com\/en\/#website\"},\"datePublished\":\"2023-11-06T12:29:57+00:00\",\"dateModified\":\"2024-10-26T09:19:18+00:00\",\"breadcrumb\":{\"@id\":\"https:\/\/drill-magnet.com\/en\/%d8%a8%d8%b1%da%af%d9%87-%d9%86%d9%85%d9%88%d9%86%d9%87\/#breadcrumb\"},\"inLanguage\":\"en-US\",\"potentialAction\":[{\"@type\":\"ReadAction\",\"target\":[\"https:\/\/drill-magnet.com\/en\/%d8%a8%d8%b1%da%af%d9%87-%d9%86%d9%85%d9%88%d9%86%d9%87\/\"]}]},{\"@type\":\"BreadcrumbList\",\"@id\":\"https:\/\/drill-magnet.com\/en\/%d8%a8%d8%b1%da%af%d9%87-%d9%86%d9%85%d9%88%d9%86%d9%87\/#breadcrumb\",\"itemListElement\":[{\"@type\":\"ListItem\",\"position\":1,\"name\":\"Home\",\"item\":\"https:\/\/drill-magnet.com\/en\/\"},{\"@type\":\"ListItem\",\"position\":2,\"name\":\"\u00d8\u00a8\u00d8\u00b1\u00da\u00af\u00d9\u2021 \u00d9\u2020\u00d9\u2026\u00d9\u02c6\u00d9\u2020\u00d9\u2021\"}]},{\"@type\":\"WebSite\",\"@id\":\"https:\/\/drill-magnet.com\/en\/#website\",\"url\":\"https:\/\/drill-magnet.com\/en\/\",\"name\":\"RAHMANI Magnetic drill store group\",\"description\":\"Buying and selling German, Polish, Belgian and\u00e2\u20ac\u00a6 Magnetic drill | Annular Cutter | Diamond Core Drilling |  Beveling Machine, along with guaranteed specialized repairs\",\"publisher\":{\"@id\":\"https:\/\/drill-magnet.com\/en\/#organization\"},\"potentialAction\":[{\"@type\":\"SearchAction\",\"target\":{\"@type\":\"EntryPoint\",\"urlTemplate\":\"https:\/\/drill-magnet.com\/en\/?s={search_term_string}\"},\"query-input\":{\"@type\":\"PropertyValueSpecification\",\"valueRequired\":true,\"valueName\":\"search_term_string\"}}],\"inLanguage\":\"en-US\"},{\"@type\":[\"Organization\",\"Place\"],\"@id\":\"https:\/\/drill-magnet.com\/en\/#organization\",\"name\":\"RAHMANI Magnetic drill store group\",\"url\":\"https:\/\/drill-magnet.com\/en\/\",\"logo\":{\"@id\":\"https:\/\/drill-magnet.com\/en\/%d8%a8%d8%b1%da%af%d9%87-%d9%86%d9%85%d9%88%d9%86%d9%87\/#local-main-organization-logo\"},\"image\":{\"@id\":\"https:\/\/drill-magnet.com\/en\/%d8%a8%d8%b1%da%af%d9%87-%d9%86%d9%85%d9%88%d9%86%d9%87\/#local-main-organization-logo\"},\"telephone\":[],\"openingHoursSpecification\":[{\"@type\":\"OpeningHoursSpecification\",\"dayOfWeek\":[\"Sunday\",\"Monday\",\"Tuesday\",\"Wednesday\",\"Thursday\",\"Friday\",\"Saturday\"],\"opens\":\"09:00\",\"closes\":\"17:00\"}]},{\"@type\":\"ImageObject\",\"inLanguage\":\"en-US\",\"@id\":\"https:\/\/drill-magnet.com\/en\/%d8%a8%d8%b1%da%af%d9%87-%d9%86%d9%85%d9%88%d9%86%d9%87\/#local-main-organization-logo\",\"url\":\"https:\/\/drill-magnet.com\/en\/wp-content\/uploads\/2023\/11\/Rahmani-En-Logo-site.png\",\"contentUrl\":\"https:\/\/drill-magnet.com\/en\/wp-content\/uploads\/2023\/11\/Rahmani-En-Logo-site.png\",\"width\":350,\"height\":100,\"caption\":\"RAHMANI Magnetic drill store group\"}]}<\/script>\n<!-- \/ Yoast SEO Premium plugin. -->","yoast_head_json":{"title":"\u00d8\u00a8\u00d8\u00b1\u00da\u00af\u00d9\u2021 \u00d9\u2020\u00d9\u2026\u00d9\u02c6\u00d9\u2020\u00d9\u2021 - RAHMANI Magnetic drill store group","robots":{"index":"index","follow":"follow","max-snippet":"max-snippet:-1","max-image-preview":"max-image-preview:large","max-video-preview":"max-video-preview:-1"},"canonical":"https:\/\/drill-magnet.com\/en\/\u0628\u0631\u06af\u0647-\u0646\u0645\u0648\u0646\u0647\/","og_locale":"en_US","og_type":"article","og_title":"\u00d8\u00a8\u00d8\u00b1\u00da\u00af\u00d9\u2021 \u00d9\u2020\u00d9\u2026\u00d9\u02c6\u00d9\u2020\u00d9\u2021","og_description":"\u00d8\u00a7\u00db\u0152\u00d9\u2020 \u00db\u0152\u00da\u00a9 \u00d8\u00a8\u00d8\u00b1\u00da\u00af\u00d9\u2021\u00d9\u201d \u00d9\u2020\u00d9\u2026\u00d9\u02c6\u00d9\u2020\u00d9\u2021 \u00d8\u00a7\u00d8\u00b3\u00d8\u00aa. \u00d8\u00a7\u00db\u0152\u00d9\u2020 \u00d8\u00a7\u00d8\u00b2 \u00db\u0152\u00da\u00a9 \u00d9\u2020\u00d9\u02c6\u00d8\u00b4\u00d8\u00aa\u00d9\u2021\u00d9\u201d \u00d9\u02c6\u00d8\u00a8\u00d9\u201e\u00d8\u00a7\u00da\u00af \u00d9\u2026\u00d8\u00aa\u00d9\u0081\u00d8\u00a7\u00d9\u02c6\u00d8\u00aa \u00d8\u00a7\u00d8\u00b3\u00d8\u00aa \u00d8\u00b2\u00db\u0152\u00d8\u00b1\u00d8\u00a7 \u00d8\u00af\u00d8\u00b1 \u00db\u0152\u00da\u00a9 \u00d9\u2026\u00da\u00a9\u00d8\u00a7\u00d9\u2020 \u00d8\u00a8\u00d8\u00a7\u00d9\u201a\u00db\u0152 \u00d8\u00ae\u00d9\u02c6\u00d8\u00a7\u00d9\u2021\u00d8\u00af \u00d9\u2026\u00d8\u00a7\u00d9\u2020\u00d8\u00af \u00d9\u02c6","og_url":"https:\/\/drill-magnet.com\/en\/\u0628\u0631\u06af\u0647-\u0646\u0645\u0648\u0646\u0647\/","og_site_name":"RAHMANI Magnetic drill store group","article_modified_time":"2024-10-26T09:19:18+00:00","og_image":[{"width":1402,"height":487,"url":"https:\/\/drill-magnet.com\/en\/wp-content\/uploads\/2025\/02\/63443-10992863.jpg","type":"image\/jpeg"}],"twitter_card":"summary_large_image","schema":{"@context":"https:\/\/schema.org","@graph":[{"@type":"WebPage","@id":"https:\/\/drill-magnet.com\/en\/%d8%a8%d8%b1%da%af%d9%87-%d9%86%d9%85%d9%88%d9%86%d9%87\/","url":"https:\/\/drill-magnet.com\/en\/%d8%a8%d8%b1%da%af%d9%87-%d9%86%d9%85%d9%88%d9%86%d9%87\/","name":"\u00d8\u00a8\u00d8\u00b1\u00da\u00af\u00d9\u2021 \u00d9\u2020\u00d9\u2026\u00d9\u02c6\u00d9\u2020\u00d9\u2021 - RAHMANI Magnetic drill store group","isPartOf":{"@id":"https:\/\/drill-magnet.com\/en\/#website"},"datePublished":"2023-11-06T12:29:57+00:00","dateModified":"2024-10-26T09:19:18+00:00","breadcrumb":{"@id":"https:\/\/drill-magnet.com\/en\/%d8%a8%d8%b1%da%af%d9%87-%d9%86%d9%85%d9%88%d9%86%d9%87\/#breadcrumb"},"inLanguage":"en-US","potentialAction":[{"@type":"ReadAction","target":["https:\/\/drill-magnet.com\/en\/%d8%a8%d8%b1%da%af%d9%87-%d9%86%d9%85%d9%88%d9%86%d9%87\/"]}]},{"@type":"BreadcrumbList","@id":"https:\/\/drill-magnet.com\/en\/%d8%a8%d8%b1%da%af%d9%87-%d9%86%d9%85%d9%88%d9%86%d9%87\/#breadcrumb","itemListElement":[{"@type":"ListItem","position":1,"name":"Home","item":"https:\/\/drill-magnet.com\/en\/"},{"@type":"ListItem","position":2,"name":"\u00d8\u00a8\u00d8\u00b1\u00da\u00af\u00d9\u2021 \u00d9\u2020\u00d9\u2026\u00d9\u02c6\u00d9\u2020\u00d9\u2021"}]},{"@type":"WebSite","@id":"https:\/\/drill-magnet.com\/en\/#website","url":"https:\/\/drill-magnet.com\/en\/","name":"RAHMANI Magnetic drill store group","description":"Buying and selling German, Polish, Belgian and\u00e2\u20ac\u00a6 Magnetic drill | Annular Cutter | Diamond Core Drilling |  Beveling Machine, along with guaranteed specialized repairs","publisher":{"@id":"https:\/\/drill-magnet.com\/en\/#organization"},"potentialAction":[{"@type":"SearchAction","target":{"@type":"EntryPoint","urlTemplate":"https:\/\/drill-magnet.com\/en\/?s={search_term_string}"},"query-input":{"@type":"PropertyValueSpecification","valueRequired":true,"valueName":"search_term_string"}}],"inLanguage":"en-US"},{"@type":["Organization","Place"],"@id":"https:\/\/drill-magnet.com\/en\/#organization","name":"RAHMANI Magnetic drill store group","url":"https:\/\/drill-magnet.com\/en\/","logo":{"@id":"https:\/\/drill-magnet.com\/en\/%d8%a8%d8%b1%da%af%d9%87-%d9%86%d9%85%d9%88%d9%86%d9%87\/#local-main-organization-logo"},"image":{"@id":"https:\/\/drill-magnet.com\/en\/%d8%a8%d8%b1%da%af%d9%87-%d9%86%d9%85%d9%88%d9%86%d9%87\/#local-main-organization-logo"},"telephone":[],"openingHoursSpecification":[{"@type":"OpeningHoursSpecification","dayOfWeek":["Sunday","Monday","Tuesday","Wednesday","Thursday","Friday","Saturday"],"opens":"09:00","closes":"17:00"}]},{"@type":"ImageObject","inLanguage":"en-US","@id":"https:\/\/drill-magnet.com\/en\/%d8%a8%d8%b1%da%af%d9%87-%d9%86%d9%85%d9%88%d9%86%d9%87\/#local-main-organization-logo","url":"https:\/\/drill-magnet.com\/en\/wp-content\/uploads\/2023\/11\/Rahmani-En-Logo-site.png","contentUrl":"https:\/\/drill-magnet.com\/en\/wp-content\/uploads\/2023\/11\/Rahmani-En-Logo-site.png","width":350,"height":100,"caption":"RAHMANI Magnetic drill store group"}]}},"_links":{"self":[{"href":"https:\/\/drill-magnet.com\/en\/wp-json\/wp\/v2\/pages\/2","targetHints":{"allow":["GET"]}}],"collection":[{"href":"https:\/\/drill-magnet.com\/en\/wp-json\/wp\/v2\/pages"}],"about":[{"href":"https:\/\/drill-magnet.com\/en\/wp-json\/wp\/v2\/types\/page"}],"author":[{"embeddable":true,"href":"https:\/\/drill-magnet.com\/en\/wp-json\/wp\/v2\/users\/1"}],"replies":[{"embeddable":true,"href":"https:\/\/drill-magnet.com\/en\/wp-json\/wp\/v2\/comments?post=2"}],"version-history":[{"count":0,"href":"https:\/\/drill-magnet.com\/en\/wp-json\/wp\/v2\/pages\/2\/revisions"}],"wp:attachment":[{"href":"https:\/\/drill-magnet.com\/en\/wp-json\/wp\/v2\/media?parent=2"}],"curies":[{"name":"wp","href":"https:\/\/api.w.org\/{rel}","templated":true}]}}