{"id":17402,"date":"2025-02-21T19:27:22","date_gmt":"2025-02-21T20:27:22","guid":{"rendered":"https:\/\/drill-magnet.com\/en\/?post_type=product&#038;p=17402"},"modified":"2025-08-02T15:03:54","modified_gmt":"2025-08-02T15:03:54","slug":"diamond-core-drilling-eibonstock-dbe-352","status":"publish","type":"product","link":"https:\/\/drill-magnet.com\/de\/product\/diamond-core-drilling-eibonstock-dbe-352\/","title":{"rendered":"Diamant-Kernbohrger\u00c3\u00a4t Eibenstock DBE 352"},"content":{"rendered":"<div class=\"description\">\n<h1 class=\"p1\">Diamant-Kernbohrger\u00c3\u00a4t Eibenstock DBE 352<\/h1>\n<p><b>Diamant-Kernbohrger\u00c3\u00a4t Eibenstock DBE 352 \u00e2\u20ac\u201c Leistungsstarkes Nassbohren auf Profi-Niveau. <\/b>Das <span class=\"s2\"><b>Eibenstock DBE 352<\/b><\/span> ist ein professionelles Diamant-Kernbohrger\u00c3\u00a4t, das speziell f\u00c3\u00bcr anspruchsvolle Bohrarbeiten in armiertem Beton, Naturstein und Asphalt entwickelt wurde. Mit einem 3000-Watt-Motor, einer elektronischen Steuerung und einem robusten 3-Gang-Getriebe im \u00c3\u2013lbad bietet dieses Modell maximale Leistungsreserven und eine \u00c3\u00bcberragende Lebensdauer \u00e2\u20ac\u201c ideal f\u00c3\u00bcr den Einsatz im Baugewerbe, Stra\u00c3\u0178enbau oder bei Installationsarbeiten.<\/p>\n<p class=\"p3\">Dank der durchdachten Konstruktion wie der werkzeuglosen Montage am Bohrst\u00c3\u00a4nder, integrierten Libellen und einer um 45\u00c2\u00b0 verstellbaren S\u00c3\u00a4ule l\u00c3\u00a4sst sich mit der DBE 352 pr\u00c3\u00a4zise und effizient arbeiten. Ob im station\u00c3\u00a4ren Einsatz mit Vakuum- oder D\u00c3\u00bcbelbefestigung \u00e2\u20ac\u201c dieses Ger\u00c3\u00a4t garantiert h\u00c3\u00b6chste Flexibilit\u00c3\u00a4t und Ergonomie.<\/p>\n<h3><b>Technische Daten Eibenstock DBE 352<\/b><\/h3>\n<ul>\n<li>\n<p class=\"p1\"><b>Nennspannung:<\/b><span class=\"s1\"> 230 V<\/span><\/p>\n<\/li>\n<li>\n<p class=\"p1\"><b>Leistungsaufnahme:<\/b><span class=\"s1\"> 3000 W<\/span><\/p>\n<\/li>\n<li>\n<p class=\"p1\"><span class=\"s1\"><b>Leerlaufdrehzahl:<\/b><\/span> 230 \/ 500 \/ 1030 U\/min<\/p>\n<\/li>\n<li>\n<p class=\"p1\"><span class=\"s1\"><b>Nenndrehzahl:<\/b><\/span> 230 \/ 500 \/ 1030 U\/min<\/p>\n<\/li>\n<li>\n<p class=\"p1\"><b>Max. Werkzeugdurchmesser:<\/b><span class=\"s1\"> 71 \u00e2\u20ac\u201c 452 mm<\/span><\/p>\n<\/li>\n<li>\n<p class=\"p1\"><b>Werkzeugaufnahme:<\/b><span class=\"s1\"> 1 \u00c2\u00bc\u00e2\u20ac\u009d UNC<\/span><\/p>\n<\/li>\n<li>\n<p class=\"p1\"><span class=\"s1\"><b>Getriebe:<\/b><\/span> 3-Gang-Getriebe im \u00c3\u2013lbad mit Spezial\u00c3\u00b6lpumpe<\/p>\n<\/li>\n<li>\n<p class=\"p1\"><span class=\"s1\"><b>Kabel:<\/b><\/span> PUR-Baustellenkabel, extrem robust<\/p>\n<\/li>\n<li>\n<p class=\"p1\"><span class=\"s1\"><b>Besonderheiten:<\/b><\/span> Mechanische Sicherheitskupplung, elektronische Sanftanlauf- und \u00c3\u0153berlastschutzsysteme, Serviceanzeige f\u00c3\u00bcr Kohleb\u00c3\u00bcrsten, werkzeugloser Vorschubhebelwechsel<\/p>\n<\/li>\n<\/ul>\n<h3><b>Preis &amp; Kaufberatung zum Diamant-Kernbohrger\u00c3\u00a4t Eibenstock DBE 352<\/b><\/h3>\n<p class=\"p3\">Wenn Sie auf der Suche nach einem kompromisslosen Ger\u00c3\u00a4t f\u00c3\u00bcr <span class=\"s2\"><b>pr\u00c3\u00a4zises Nassbohren<\/b><\/span> in harten Materialien sind, ist das Modell <span class=\"s2\"><b>Eibenstock DBE 352<\/b><\/span> die ideale Wahl. Mit seinem hohen Drehmoment, der konstanten Drehzahlregulierung und der robusten Bauweise eignet sich dieses Ger\u00c3\u00a4t hervorragend f\u00c3\u00bcr den gewerblichen Dauerbetrieb. Besonders bei gro\u00c3\u0178dimensionierten Kernbohrungen \u00e2\u20ac\u201c z.\u00e2\u20ac\u00afB. <span class=\"s2\"><b>mit Bohrkronen bis \u00c3\u02dc 452 mm<\/b><\/span> \u00e2\u20ac\u201c \u00c3\u00bcberzeugt das Modell durch Laufruhe und Zuverl\u00c3\u00a4ssigkeit.<\/p>\n<p class=\"p3\">Im <span class=\"s2\"><b>Onlineshop von Drill Magnet Rahmani<\/b><\/span> erhalten Sie das Eibenstock DBE 352 zu einem attraktiven Preis mit <span class=\"s2\"><b>Original-Garantie und Serviceleistungen<\/b><\/span>. Alle Reparaturen erfolgen mit originalen Ersatzteilen direkt im Fachgesch\u00c3\u00a4ft \u00e2\u20ac\u201c f\u00c3\u00bcr maximale Sicherheit und Langlebigkeit Ihres Ger\u00c3\u00a4ts.<\/p>\n<h3><b>Vorteile beim Kauf im Fachgesch\u00c3\u00a4ft Drill Magnet Rahmani<\/b><\/h3>\n<ul>\n<li>\n<p class=\"p1\">\u00e2\u0153\u2026 Originalger\u00c3\u00a4te mit Herstellergarantie<\/p>\n<\/li>\n<li>\n<p class=\"p1\">\u00e2\u0153\u2026 Service &amp; Reparatur mit originalen Ersatzteilen<\/p>\n<\/li>\n<li>\n<p class=\"p1\">\u00e2\u0153\u2026 Professionelle Beratung vor dem Kauf<\/p>\n<\/li>\n<li>\n<p class=\"p1\">\u00e2\u0153\u2026 Schneller Versand deutschlandweit<\/p>\n<\/li>\n<li>\n<p class=\"p1\">\u00e2\u0153\u2026 Fachgesch\u00c3\u00a4ft mit jahrelanger Erfahrung im Bereich Kernbohrtechnik<\/p>\n<\/li>\n<\/ul>\n<\/div>\n","protected":false},"excerpt":{"rendered":"<p class=\"p1\">Das Eibenstock DBE 352 ist ein leistungsstarkes Diamant-Kernbohrger\u00c3\u00a4t f\u00c3\u00bcr Nassbohrungen in Beton, Naturstein und Asphalt. Mit seinem 3000-Watt-Motor, dem 3-Gang-\u00c3\u2013lbadgetriebe und zahlreichen Sicherheitsfunktionen eignet es sich perfekt f\u00c3\u00bcr den professionellen Einsatz im Tiefbau und Bauwesen.<\/p>\n","protected":false},"featured_media":17431,"comment_status":"open","ping_status":"closed","template":"","meta":[],"product_brand":[488],"product_cat":[446],"product_tag":[556],"class_list":{"0":"post-17402","1":"product","2":"type-product","3":"status-publish","4":"has-post-thumbnail","6":"product_brand-eibenstock","7":"product_cat-diamant-kernbohrmaschine","8":"product_tag-diamant-kernbohrgerat-eibenstock-dbe-352","10":"first","11":"instock","12":"shipping-taxable","13":"product-type-simple"},"yoast_head":"<!-- This site is optimized with the Yoast SEO Premium plugin v23.9 (Yoast SEO v26.1.1) - https:\/\/yoast.com\/wordpress\/plugins\/seo\/ -->\n<title>Diamant-Kernbohrger\u00c3\u00a4t Eibenstock DBE 352 - RAHMANI Magnetic drill store group<\/title>\n<meta name=\"description\" content=\"Professionelles Diamant-Kernbohrger\u00c3\u00a4t Eibenstock DBE 352 mit 3000 W Leistung, ideal f\u00c3\u00bcr Nassbohrungen in Beton, Asphalt und Naturstein. Mit \u00c3\u2013lbadgetriebe, Sicherheitskupplung und universeller Werkzeugaufnahme \u00e2\u20ac\u201c jetzt entdecken.\" \/>\n<meta name=\"robots\" content=\"index, follow, max-snippet:-1, max-image-preview:large, max-video-preview:-1\" \/>\n<link rel=\"canonical\" href=\"https:\/\/drill-magnet.com\/de\/product\/diamond-core-drilling-eibonstock-dbe-352\/\" \/>\n<meta property=\"og:locale\" content=\"en_US\" \/>\n<meta property=\"og:type\" content=\"article\" \/>\n<meta property=\"og:title\" content=\"Diamant-Kernbohrger\u00c3\u00a4t Eibenstock DBE 352\" \/>\n<meta property=\"og:description\" content=\"Professionelles Diamant-Kernbohrger\u00c3\u00a4t Eibenstock DBE 352 mit 3000 W Leistung, ideal f\u00c3\u00bcr Nassbohrungen in Beton, Asphalt und Naturstein. Mit \u00c3\u2013lbadgetriebe, Sicherheitskupplung und universeller Werkzeugaufnahme \u00e2\u20ac\u201c jetzt entdecken.\" \/>\n<meta property=\"og:url\" content=\"https:\/\/drill-magnet.com\/de\/product\/diamond-core-drilling-eibonstock-dbe-352\/\" \/>\n<meta property=\"og:site_name\" content=\"RAHMANI Magnetic drill store group\" \/>\n<meta property=\"article:modified_time\" content=\"2025-08-02T15:03:54+00:00\" \/>\n<meta property=\"og:image\" content=\"https:\/\/drill-magnet.com\/de\/wp-content\/uploads\/2025\/02\/Diamond-core-drilling-Eibonstock-DBE-352.png\" \/>\n\t<meta property=\"og:image:width\" content=\"300\" \/>\n\t<meta property=\"og:image:height\" content=\"300\" \/>\n\t<meta property=\"og:image:type\" content=\"image\/png\" \/>\n<meta name=\"twitter:card\" content=\"summary_large_image\" \/>\n<meta name=\"twitter:label1\" content=\"Price\" \/>\n\t<meta name=\"twitter:data1\" content=\"\" \/>\n\t<meta name=\"twitter:label2\" content=\"Availability\" \/>\n\t<meta name=\"twitter:data2\" content=\"In stock\" \/>\n<script type=\"application\/ld+json\" class=\"yoast-schema-graph\">{\"@context\":\"https:\/\/schema.org\",\"@graph\":[{\"@type\":\"WebPage\",\"@id\":\"https:\/\/drill-magnet.com\/de\/product\/diamond-core-drilling-eibonstock-dbe-352\/\",\"url\":\"https:\/\/drill-magnet.com\/de\/product\/diamond-core-drilling-eibonstock-dbe-352\/\",\"name\":\"Diamant-Kernbohrger\u00c3\u00a4t Eibenstock DBE 352 - RAHMANI Magnetic drill store group\",\"isPartOf\":{\"@id\":\"https:\/\/drill-magnet.com\/de\/#website\"},\"primaryImageOfPage\":{\"@id\":\"https:\/\/drill-magnet.com\/de\/product\/diamond-core-drilling-eibonstock-dbe-352\/#primaryimage\"},\"image\":{\"@id\":\"https:\/\/drill-magnet.com\/de\/product\/diamond-core-drilling-eibonstock-dbe-352\/#primaryimage\"},\"thumbnailUrl\":\"https:\/\/drill-magnet.com\/de\/wp-content\/uploads\/2025\/02\/Diamond-core-drilling-Eibonstock-DBE-352.png\",\"datePublished\":\"2025-02-21T20:27:22+00:00\",\"dateModified\":\"2025-08-02T15:03:54+00:00\",\"description\":\"Professionelles Diamant-Kernbohrger\u00c3\u00a4t Eibenstock DBE 352 mit 3000 W Leistung, ideal f\u00c3\u00bcr Nassbohrungen in Beton, Asphalt und Naturstein. Mit \u00c3\u2013lbadgetriebe, Sicherheitskupplung und universeller Werkzeugaufnahme \u00e2\u20ac\u201c jetzt entdecken.\",\"breadcrumb\":{\"@id\":\"https:\/\/drill-magnet.com\/de\/product\/diamond-core-drilling-eibonstock-dbe-352\/#breadcrumb\"},\"inLanguage\":\"en-US\",\"potentialAction\":[{\"@type\":\"ReadAction\",\"target\":[\"https:\/\/drill-magnet.com\/de\/product\/diamond-core-drilling-eibonstock-dbe-352\/\"]}]},{\"@type\":\"ImageObject\",\"inLanguage\":\"en-US\",\"@id\":\"https:\/\/drill-magnet.com\/de\/product\/diamond-core-drilling-eibonstock-dbe-352\/#primaryimage\",\"url\":\"https:\/\/drill-magnet.com\/de\/wp-content\/uploads\/2025\/02\/Diamond-core-drilling-Eibonstock-DBE-352.png\",\"contentUrl\":\"https:\/\/drill-magnet.com\/de\/wp-content\/uploads\/2025\/02\/Diamond-core-drilling-Eibonstock-DBE-352.png\",\"width\":300,\"height\":300,\"caption\":\"Diamond core drilling Eibonstock DBE 352\"},{\"@type\":\"BreadcrumbList\",\"@id\":\"https:\/\/drill-magnet.com\/de\/product\/diamond-core-drilling-eibonstock-dbe-352\/#breadcrumb\",\"itemListElement\":[{\"@type\":\"ListItem\",\"position\":1,\"name\":\"Home\",\"item\":\"https:\/\/drill-magnet.com\/de\/\"},{\"@type\":\"ListItem\",\"position\":2,\"name\":\"Shop\",\"item\":\"https:\/\/drill-magnet.com\/de\/shop\/\"},{\"@type\":\"ListItem\",\"position\":3,\"name\":\"Diamant-Kernbohrger\u00c3\u00a4t Eibenstock DBE 352\"}]},{\"@type\":\"WebSite\",\"@id\":\"https:\/\/drill-magnet.com\/de\/#website\",\"url\":\"https:\/\/drill-magnet.com\/de\/\",\"name\":\"RAHMANI Magnetic drill store group\",\"description\":\"Buying and selling German, Polish, Belgian and\u00e2\u20ac\u00a6 Magnetic drill | Annular Cutter | Diamond Core Drilling |  Beveling Machine, along with guaranteed specialized repairs\",\"publisher\":{\"@id\":\"https:\/\/drill-magnet.com\/de\/#organization\"},\"potentialAction\":[{\"@type\":\"SearchAction\",\"target\":{\"@type\":\"EntryPoint\",\"urlTemplate\":\"https:\/\/drill-magnet.com\/de\/?s={search_term_string}\"},\"query-input\":{\"@type\":\"PropertyValueSpecification\",\"valueRequired\":true,\"valueName\":\"search_term_string\"}}],\"inLanguage\":\"en-US\"},{\"@type\":[\"Organization\",\"Place\"],\"@id\":\"https:\/\/drill-magnet.com\/de\/#organization\",\"name\":\"RAHMANI Magnetic drill store group\",\"url\":\"https:\/\/drill-magnet.com\/de\/\",\"logo\":{\"@id\":\"https:\/\/drill-magnet.com\/de\/product\/diamond-core-drilling-eibonstock-dbe-352\/#local-main-organization-logo\"},\"image\":{\"@id\":\"https:\/\/drill-magnet.com\/de\/product\/diamond-core-drilling-eibonstock-dbe-352\/#local-main-organization-logo\"},\"telephone\":[],\"openingHoursSpecification\":[{\"@type\":\"OpeningHoursSpecification\",\"dayOfWeek\":[\"Sunday\",\"Monday\",\"Tuesday\",\"Wednesday\",\"Thursday\",\"Friday\",\"Saturday\"],\"opens\":\"09:00\",\"closes\":\"17:00\"}]},{\"@type\":\"ImageObject\",\"inLanguage\":\"en-US\",\"@id\":\"https:\/\/drill-magnet.com\/de\/product\/diamond-core-drilling-eibonstock-dbe-352\/#local-main-organization-logo\",\"url\":\"https:\/\/drill-magnet.com\/de\/wp-content\/uploads\/2023\/11\/Rahmani-En-Logo-site.png\",\"contentUrl\":\"https:\/\/drill-magnet.com\/de\/wp-content\/uploads\/2023\/11\/Rahmani-En-Logo-site.png\",\"width\":350,\"height\":100,\"caption\":\"RAHMANI Magnetic drill store group\"}]}<\/script>\n<meta property=\"product:price:amount\" content=\"0\" \/>\n<meta property=\"product:price:currency\" content=\"USD\" \/>\n<meta property=\"og:availability\" content=\"instock\" \/>\n<meta property=\"product:availability\" content=\"instock\" \/>\n<meta property=\"product:condition\" content=\"new\" \/>\n<!-- \/ Yoast SEO Premium plugin. -->","yoast_head_json":{"title":"Diamant-Kernbohrger\u00c3\u00a4t Eibenstock DBE 352 - RAHMANI Magnetic drill store group","description":"Professionelles Diamant-Kernbohrger\u00c3\u00a4t Eibenstock DBE 352 mit 3000 W Leistung, ideal f\u00c3\u00bcr Nassbohrungen in Beton, Asphalt und Naturstein. Mit \u00c3\u2013lbadgetriebe, Sicherheitskupplung und universeller Werkzeugaufnahme \u00e2\u20ac\u201c jetzt entdecken.","robots":{"index":"index","follow":"follow","max-snippet":"max-snippet:-1","max-image-preview":"max-image-preview:large","max-video-preview":"max-video-preview:-1"},"canonical":"https:\/\/drill-magnet.com\/de\/product\/diamond-core-drilling-eibonstock-dbe-352\/","og_locale":"en_US","og_type":"article","og_title":"Diamant-Kernbohrger\u00c3\u00a4t Eibenstock DBE 352","og_description":"Professionelles Diamant-Kernbohrger\u00c3\u00a4t Eibenstock DBE 352 mit 3000 W Leistung, ideal f\u00c3\u00bcr Nassbohrungen in Beton, Asphalt und Naturstein. Mit \u00c3\u2013lbadgetriebe, Sicherheitskupplung und universeller Werkzeugaufnahme \u00e2\u20ac\u201c jetzt entdecken.","og_url":"https:\/\/drill-magnet.com\/de\/product\/diamond-core-drilling-eibonstock-dbe-352\/","og_site_name":"RAHMANI Magnetic drill store group","article_modified_time":"2025-08-02T15:03:54+00:00","og_image":[{"width":300,"height":300,"url":"https:\/\/drill-magnet.com\/de\/wp-content\/uploads\/2025\/02\/Diamond-core-drilling-Eibonstock-DBE-352.png","type":"image\/png"}],"twitter_card":"summary_large_image","twitter_misc":{"Price":"","Availability":"In stock"},"schema":{"@context":"https:\/\/schema.org","@graph":[{"@type":"WebPage","@id":"https:\/\/drill-magnet.com\/de\/product\/diamond-core-drilling-eibonstock-dbe-352\/","url":"https:\/\/drill-magnet.com\/de\/product\/diamond-core-drilling-eibonstock-dbe-352\/","name":"Diamant-Kernbohrger\u00c3\u00a4t Eibenstock DBE 352 - RAHMANI Magnetic drill store group","isPartOf":{"@id":"https:\/\/drill-magnet.com\/de\/#website"},"primaryImageOfPage":{"@id":"https:\/\/drill-magnet.com\/de\/product\/diamond-core-drilling-eibonstock-dbe-352\/#primaryimage"},"image":{"@id":"https:\/\/drill-magnet.com\/de\/product\/diamond-core-drilling-eibonstock-dbe-352\/#primaryimage"},"thumbnailUrl":"https:\/\/drill-magnet.com\/de\/wp-content\/uploads\/2025\/02\/Diamond-core-drilling-Eibonstock-DBE-352.png","datePublished":"2025-02-21T20:27:22+00:00","dateModified":"2025-08-02T15:03:54+00:00","description":"Professionelles Diamant-Kernbohrger\u00c3\u00a4t Eibenstock DBE 352 mit 3000 W Leistung, ideal f\u00c3\u00bcr Nassbohrungen in Beton, Asphalt und Naturstein. Mit \u00c3\u2013lbadgetriebe, Sicherheitskupplung und universeller Werkzeugaufnahme \u00e2\u20ac\u201c jetzt entdecken.","breadcrumb":{"@id":"https:\/\/drill-magnet.com\/de\/product\/diamond-core-drilling-eibonstock-dbe-352\/#breadcrumb"},"inLanguage":"en-US","potentialAction":[{"@type":"ReadAction","target":["https:\/\/drill-magnet.com\/de\/product\/diamond-core-drilling-eibonstock-dbe-352\/"]}]},{"@type":"ImageObject","inLanguage":"en-US","@id":"https:\/\/drill-magnet.com\/de\/product\/diamond-core-drilling-eibonstock-dbe-352\/#primaryimage","url":"https:\/\/drill-magnet.com\/de\/wp-content\/uploads\/2025\/02\/Diamond-core-drilling-Eibonstock-DBE-352.png","contentUrl":"https:\/\/drill-magnet.com\/de\/wp-content\/uploads\/2025\/02\/Diamond-core-drilling-Eibonstock-DBE-352.png","width":300,"height":300,"caption":"Diamond core drilling Eibonstock DBE 352"},{"@type":"BreadcrumbList","@id":"https:\/\/drill-magnet.com\/de\/product\/diamond-core-drilling-eibonstock-dbe-352\/#breadcrumb","itemListElement":[{"@type":"ListItem","position":1,"name":"Home","item":"https:\/\/drill-magnet.com\/de\/"},{"@type":"ListItem","position":2,"name":"Shop","item":"https:\/\/drill-magnet.com\/de\/shop\/"},{"@type":"ListItem","position":3,"name":"Diamant-Kernbohrger\u00c3\u00a4t Eibenstock DBE 352"}]},{"@type":"WebSite","@id":"https:\/\/drill-magnet.com\/de\/#website","url":"https:\/\/drill-magnet.com\/de\/","name":"RAHMANI Magnetic drill store group","description":"Buying and selling German, Polish, Belgian and\u00e2\u20ac\u00a6 Magnetic drill | Annular Cutter | Diamond Core Drilling |  Beveling Machine, along with guaranteed specialized repairs","publisher":{"@id":"https:\/\/drill-magnet.com\/de\/#organization"},"potentialAction":[{"@type":"SearchAction","target":{"@type":"EntryPoint","urlTemplate":"https:\/\/drill-magnet.com\/de\/?s={search_term_string}"},"query-input":{"@type":"PropertyValueSpecification","valueRequired":true,"valueName":"search_term_string"}}],"inLanguage":"en-US"},{"@type":["Organization","Place"],"@id":"https:\/\/drill-magnet.com\/de\/#organization","name":"RAHMANI Magnetic drill store group","url":"https:\/\/drill-magnet.com\/de\/","logo":{"@id":"https:\/\/drill-magnet.com\/de\/product\/diamond-core-drilling-eibonstock-dbe-352\/#local-main-organization-logo"},"image":{"@id":"https:\/\/drill-magnet.com\/de\/product\/diamond-core-drilling-eibonstock-dbe-352\/#local-main-organization-logo"},"telephone":[],"openingHoursSpecification":[{"@type":"OpeningHoursSpecification","dayOfWeek":["Sunday","Monday","Tuesday","Wednesday","Thursday","Friday","Saturday"],"opens":"09:00","closes":"17:00"}]},{"@type":"ImageObject","inLanguage":"en-US","@id":"https:\/\/drill-magnet.com\/de\/product\/diamond-core-drilling-eibonstock-dbe-352\/#local-main-organization-logo","url":"https:\/\/drill-magnet.com\/de\/wp-content\/uploads\/2023\/11\/Rahmani-En-Logo-site.png","contentUrl":"https:\/\/drill-magnet.com\/de\/wp-content\/uploads\/2023\/11\/Rahmani-En-Logo-site.png","width":350,"height":100,"caption":"RAHMANI Magnetic drill store group"}]},"product_price_currency":"USD","og_availability":"instock","product_availability":"instock","product_condition":"new"},"_links":{"self":[{"href":"https:\/\/drill-magnet.com\/de\/wp-json\/wp\/v2\/product\/17402","targetHints":{"allow":["GET"]}}],"collection":[{"href":"https:\/\/drill-magnet.com\/de\/wp-json\/wp\/v2\/product"}],"about":[{"href":"https:\/\/drill-magnet.com\/de\/wp-json\/wp\/v2\/types\/product"}],"replies":[{"embeddable":true,"href":"https:\/\/drill-magnet.com\/de\/wp-json\/wp\/v2\/comments?post=17402"}],"version-history":[{"count":2,"href":"https:\/\/drill-magnet.com\/de\/wp-json\/wp\/v2\/product\/17402\/revisions"}],"predecessor-version":[{"id":17723,"href":"https:\/\/drill-magnet.com\/de\/wp-json\/wp\/v2\/product\/17402\/revisions\/17723"}],"wp:featuredmedia":[{"embeddable":true,"href":"https:\/\/drill-magnet.com\/de\/wp-json\/wp\/v2\/media\/17431"}],"wp:attachment":[{"href":"https:\/\/drill-magnet.com\/de\/wp-json\/wp\/v2\/media?parent=17402"}],"wp:term":[{"taxonomy":"product_brand","embeddable":true,"href":"https:\/\/drill-magnet.com\/de\/wp-json\/wp\/v2\/product_brand?post=17402"},{"taxonomy":"product_cat","embeddable":true,"href":"https:\/\/drill-magnet.com\/de\/wp-json\/wp\/v2\/product_cat?post=17402"},{"taxonomy":"product_tag","embeddable":true,"href":"https:\/\/drill-magnet.com\/de\/wp-json\/wp\/v2\/product_tag?post=17402"}],"curies":[{"name":"wp","href":"https:\/\/api.w.org\/{rel}","templated":true}]}}