{"id":17392,"date":"2025-02-21T19:22:35","date_gmt":"2025-02-21T20:22:35","guid":{"rendered":"https:\/\/drill-magnet.com\/en\/?post_type=product&#038;p=17392"},"modified":"2025-08-05T19:45:17","modified_gmt":"2025-08-05T19:45:17","slug":"diamond-core-drilling-eibonstock-db-201","status":"publish","type":"product","link":"https:\/\/drill-magnet.com\/de\/product\/diamond-core-drilling-eibonstock-db-201\/","title":{"rendered":"Diamant-Kernbohrger\u00c3\u00a4t Eibenstock DB 201"},"content":{"rendered":"<div class=\"description\">\n<div>\n<div class=\"infos\">\n<div class=\"description\">\n<div>\n<div class=\"technische-daten\">\n<div>\n<h1 class=\"ProductAttribute\"><strong data-start=\"110\" data-end=\"153\">Diamant-Kernbohrger\u00c3\u00a4t Eibenstock DB 201<\/strong><\/h1>\n<\/div>\n<div>\n<p data-start=\"155\" data-end=\"173\"><strong data-start=\"155\" data-end=\"173\">Einsatzbereich<\/strong><\/p>\n<ul data-start=\"175\" data-end=\"295\">\n<li data-start=\"175\" data-end=\"227\">\n<p data-start=\"177\" data-end=\"227\">Nassbohren in Stahlbeton, Naturstein und Asphalt<\/p>\n<\/li>\n<li data-start=\"228\" data-end=\"295\">\n<p data-start=\"230\" data-end=\"295\">Sanit\u00c3\u00a4r-, Heizungs- und L\u00c3\u00bcftungsbau, Tiefbau und Landschaftsbau<\/p>\n<\/li>\n<\/ul>\n<h2 data-start=\"297\" data-end=\"349\"><strong data-start=\"297\" data-end=\"349\">Merkmale Diamant-Kernbohrger\u00c3\u00a4t Eibenstock DB 201<\/strong><\/h2>\n<ul data-start=\"351\" data-end=\"787\">\n<li data-start=\"351\" data-end=\"444\">\n<p data-start=\"353\" data-end=\"444\">Schalter mit \u00c3\u0153berstromabschaltung \u00e2\u20ac\u201c Schutz vor Motor\u00c3\u00bcberlastung, schaltet Kohleb\u00c3\u00bcrsten ab<\/p>\n<\/li>\n<li data-start=\"445\" data-end=\"495\">\n<p data-start=\"447\" data-end=\"495\">1-Gang-Getriebe im \u00c3\u2013lbad \u00e2\u20ac\u201c optimale Schmierung<\/p>\n<\/li>\n<li data-start=\"496\" data-end=\"531\">\n<p data-start=\"498\" data-end=\"531\">Mechanische Sicherheitskupplung<\/p>\n<\/li>\n<li data-start=\"532\" data-end=\"564\">\n<p data-start=\"534\" data-end=\"564\">Integrierte Wasserversorgung<\/p>\n<\/li>\n<li data-start=\"565\" data-end=\"640\">\n<p data-start=\"567\" data-end=\"640\">Edelstahl-Kombinationsspindel zum Anschluss von R\u00c2\u00bd&#8221;- und 1\u00c2\u00bc&#8221;-Bohrkronen<\/p>\n<\/li>\n<li data-start=\"641\" data-end=\"688\">\n<p data-start=\"643\" data-end=\"688\">Motor und Bohrst\u00c3\u00a4nder als komplette Einheit<\/p>\n<\/li>\n<li data-start=\"689\" data-end=\"728\">\n<p data-start=\"691\" data-end=\"728\">Handlich, robust und wirtschaftlich<\/p>\n<\/li>\n<li data-start=\"729\" data-end=\"787\">\n<p data-start=\"731\" data-end=\"787\">Platzsparende, kompakte Bohreinheit \u00e2\u20ac\u201c geringes Gewicht<\/p>\n<\/li>\n<\/ul>\n<h2 data-start=\"789\" data-end=\"827\"><strong data-start=\"789\" data-end=\"827\">Technische Daten Eibenstock DB 201<\/strong><\/h2>\n<ul data-start=\"829\" data-end=\"1028\">\n<li data-start=\"829\" data-end=\"852\">\n<p data-start=\"831\" data-end=\"852\">Nennspannung: 230 V<\/p>\n<\/li>\n<li data-start=\"853\" data-end=\"883\">\n<p data-start=\"855\" data-end=\"883\">Leistungsaufnahme: 2.500 W<\/p>\n<\/li>\n<li data-start=\"884\" data-end=\"915\">\n<p data-start=\"886\" data-end=\"915\">Leerlaufdrehzahl: 675 U\/min<\/p>\n<\/li>\n<li data-start=\"916\" data-end=\"962\">\n<p data-start=\"918\" data-end=\"962\">Maximaler Werkzeugdurchmesser: max. 202 mm<\/p>\n<\/li>\n<li data-start=\"963\" data-end=\"1002\">\n<p data-start=\"965\" data-end=\"1002\">Werkzeugaufnahme: 1 1\/4&#8221;m \u00e2\u20ac\u201c 1\/2&#8221;f<\/p>\n<\/li>\n<li data-start=\"1003\" data-end=\"1028\">\n<p data-start=\"1005\" data-end=\"1028\">EPTA-Gewicht: 15,5 kg<\/p>\n<\/li>\n<\/ul>\n<\/div>\n<\/div>\n<\/div>\n<\/div>\n<\/div>\n<\/div>\n<\/div>\n","protected":false},"excerpt":{"rendered":"<p>Diamant-Kernbohrger\u00c3\u00a4t Eibenstock DB 201 Einsatzbereich Nassbohren in Stahlbeton, Naturstein und Asphalt Sanit\u00c3\u00a4r-, Heizungs- und L\u00c3\u00bcftungsbau, Tiefbau und Landschaftsbau Merkmale Diamant-Kernbohrger\u00c3\u00a4t<\/p>\n","protected":false},"featured_media":17414,"comment_status":"open","ping_status":"closed","template":"","meta":[],"product_brand":[488],"product_cat":[446],"product_tag":[480],"class_list":{"0":"post-17392","1":"product","2":"type-product","3":"status-publish","4":"has-post-thumbnail","6":"product_brand-eibenstock","7":"product_cat-diamant-kernbohrmaschine","8":"product_tag-diamond-core-drilling-eibonstock-db-201","10":"first","11":"instock","12":"shipping-taxable","13":"product-type-simple"},"yoast_head":"<!-- This site is optimized with the Yoast SEO Premium plugin v23.9 (Yoast SEO v26.1.1) - https:\/\/yoast.com\/wordpress\/plugins\/seo\/ -->\n<title>Diamant-Kernbohrger\u00c3\u00a4t Eibenstock DB 201 - RAHMANI Magnetic drill store group<\/title>\n<meta name=\"description\" content=\"Diamond core drilling Eibonstock DB 201\" \/>\n<meta name=\"robots\" content=\"index, follow, max-snippet:-1, max-image-preview:large, max-video-preview:-1\" \/>\n<link rel=\"canonical\" href=\"https:\/\/drill-magnet.com\/de\/product\/diamond-core-drilling-eibonstock-db-201\/\" \/>\n<meta property=\"og:locale\" content=\"en_US\" \/>\n<meta property=\"og:type\" content=\"article\" \/>\n<meta property=\"og:title\" content=\"Diamant-Kernbohrger\u00c3\u00a4t Eibenstock DB 201\" \/>\n<meta property=\"og:description\" content=\"Diamond core drilling Eibonstock DB 201\" \/>\n<meta property=\"og:url\" content=\"https:\/\/drill-magnet.com\/de\/product\/diamond-core-drilling-eibonstock-db-201\/\" \/>\n<meta property=\"og:site_name\" content=\"RAHMANI Magnetic drill store group\" \/>\n<meta property=\"article:modified_time\" content=\"2025-08-05T19:45:17+00:00\" \/>\n<meta property=\"og:image\" content=\"https:\/\/drill-magnet.com\/de\/wp-content\/uploads\/2025\/02\/Diamond-core-drilling-Eibonstock-DB-201.png\" \/>\n\t<meta property=\"og:image:width\" content=\"300\" \/>\n\t<meta property=\"og:image:height\" content=\"300\" \/>\n\t<meta property=\"og:image:type\" content=\"image\/png\" \/>\n<meta name=\"twitter:card\" content=\"summary_large_image\" \/>\n<meta name=\"twitter:label1\" content=\"Price\" \/>\n\t<meta name=\"twitter:data1\" content=\"\" \/>\n\t<meta name=\"twitter:label2\" content=\"Availability\" \/>\n\t<meta name=\"twitter:data2\" content=\"In stock\" \/>\n<script type=\"application\/ld+json\" class=\"yoast-schema-graph\">{\"@context\":\"https:\/\/schema.org\",\"@graph\":[{\"@type\":\"WebPage\",\"@id\":\"https:\/\/drill-magnet.com\/de\/product\/diamond-core-drilling-eibonstock-db-201\/\",\"url\":\"https:\/\/drill-magnet.com\/de\/product\/diamond-core-drilling-eibonstock-db-201\/\",\"name\":\"Diamant-Kernbohrger\u00c3\u00a4t Eibenstock DB 201 - RAHMANI Magnetic drill store group\",\"isPartOf\":{\"@id\":\"https:\/\/drill-magnet.com\/de\/#website\"},\"primaryImageOfPage\":{\"@id\":\"https:\/\/drill-magnet.com\/de\/product\/diamond-core-drilling-eibonstock-db-201\/#primaryimage\"},\"image\":{\"@id\":\"https:\/\/drill-magnet.com\/de\/product\/diamond-core-drilling-eibonstock-db-201\/#primaryimage\"},\"thumbnailUrl\":\"https:\/\/drill-magnet.com\/de\/wp-content\/uploads\/2025\/02\/Diamond-core-drilling-Eibonstock-DB-201.png\",\"datePublished\":\"2025-02-21T20:22:35+00:00\",\"dateModified\":\"2025-08-05T19:45:17+00:00\",\"description\":\"Diamond core drilling Eibonstock DB 201\",\"breadcrumb\":{\"@id\":\"https:\/\/drill-magnet.com\/de\/product\/diamond-core-drilling-eibonstock-db-201\/#breadcrumb\"},\"inLanguage\":\"en-US\",\"potentialAction\":[{\"@type\":\"ReadAction\",\"target\":[\"https:\/\/drill-magnet.com\/de\/product\/diamond-core-drilling-eibonstock-db-201\/\"]}]},{\"@type\":\"ImageObject\",\"inLanguage\":\"en-US\",\"@id\":\"https:\/\/drill-magnet.com\/de\/product\/diamond-core-drilling-eibonstock-db-201\/#primaryimage\",\"url\":\"https:\/\/drill-magnet.com\/de\/wp-content\/uploads\/2025\/02\/Diamond-core-drilling-Eibonstock-DB-201.png\",\"contentUrl\":\"https:\/\/drill-magnet.com\/de\/wp-content\/uploads\/2025\/02\/Diamond-core-drilling-Eibonstock-DB-201.png\",\"width\":300,\"height\":300,\"caption\":\"Diamond core drilling Eibonstock DB 201\"},{\"@type\":\"BreadcrumbList\",\"@id\":\"https:\/\/drill-magnet.com\/de\/product\/diamond-core-drilling-eibonstock-db-201\/#breadcrumb\",\"itemListElement\":[{\"@type\":\"ListItem\",\"position\":1,\"name\":\"Home\",\"item\":\"https:\/\/drill-magnet.com\/de\/\"},{\"@type\":\"ListItem\",\"position\":2,\"name\":\"Shop\",\"item\":\"https:\/\/drill-magnet.com\/de\/shop\/\"},{\"@type\":\"ListItem\",\"position\":3,\"name\":\"Diamant-Kernbohrger\u00c3\u00a4t Eibenstock DB 201\"}]},{\"@type\":\"WebSite\",\"@id\":\"https:\/\/drill-magnet.com\/de\/#website\",\"url\":\"https:\/\/drill-magnet.com\/de\/\",\"name\":\"RAHMANI Magnetic drill store group\",\"description\":\"Buying and selling German, Polish, Belgian and\u00e2\u20ac\u00a6 Magnetic drill | Annular Cutter | Diamond Core Drilling |  Beveling Machine, along with guaranteed specialized repairs\",\"publisher\":{\"@id\":\"https:\/\/drill-magnet.com\/de\/#organization\"},\"potentialAction\":[{\"@type\":\"SearchAction\",\"target\":{\"@type\":\"EntryPoint\",\"urlTemplate\":\"https:\/\/drill-magnet.com\/de\/?s={search_term_string}\"},\"query-input\":{\"@type\":\"PropertyValueSpecification\",\"valueRequired\":true,\"valueName\":\"search_term_string\"}}],\"inLanguage\":\"en-US\"},{\"@type\":[\"Organization\",\"Place\"],\"@id\":\"https:\/\/drill-magnet.com\/de\/#organization\",\"name\":\"RAHMANI Magnetic drill store group\",\"url\":\"https:\/\/drill-magnet.com\/de\/\",\"logo\":{\"@id\":\"https:\/\/drill-magnet.com\/de\/product\/diamond-core-drilling-eibonstock-db-201\/#local-main-organization-logo\"},\"image\":{\"@id\":\"https:\/\/drill-magnet.com\/de\/product\/diamond-core-drilling-eibonstock-db-201\/#local-main-organization-logo\"},\"telephone\":[],\"openingHoursSpecification\":[{\"@type\":\"OpeningHoursSpecification\",\"dayOfWeek\":[\"Sunday\",\"Monday\",\"Tuesday\",\"Wednesday\",\"Thursday\",\"Friday\",\"Saturday\"],\"opens\":\"09:00\",\"closes\":\"17:00\"}]},{\"@type\":\"ImageObject\",\"inLanguage\":\"en-US\",\"@id\":\"https:\/\/drill-magnet.com\/de\/product\/diamond-core-drilling-eibonstock-db-201\/#local-main-organization-logo\",\"url\":\"https:\/\/drill-magnet.com\/de\/wp-content\/uploads\/2023\/11\/Rahmani-En-Logo-site.png\",\"contentUrl\":\"https:\/\/drill-magnet.com\/de\/wp-content\/uploads\/2023\/11\/Rahmani-En-Logo-site.png\",\"width\":350,\"height\":100,\"caption\":\"RAHMANI Magnetic drill store group\"}]}<\/script>\n<meta property=\"product:price:amount\" content=\"0\" \/>\n<meta property=\"product:price:currency\" content=\"USD\" \/>\n<meta property=\"og:availability\" content=\"instock\" \/>\n<meta property=\"product:availability\" content=\"instock\" \/>\n<meta property=\"product:condition\" content=\"new\" \/>\n<!-- \/ Yoast SEO Premium plugin. -->","yoast_head_json":{"title":"Diamant-Kernbohrger\u00c3\u00a4t Eibenstock DB 201 - RAHMANI Magnetic drill store group","description":"Diamond core drilling Eibonstock DB 201","robots":{"index":"index","follow":"follow","max-snippet":"max-snippet:-1","max-image-preview":"max-image-preview:large","max-video-preview":"max-video-preview:-1"},"canonical":"https:\/\/drill-magnet.com\/de\/product\/diamond-core-drilling-eibonstock-db-201\/","og_locale":"en_US","og_type":"article","og_title":"Diamant-Kernbohrger\u00c3\u00a4t Eibenstock DB 201","og_description":"Diamond core drilling Eibonstock DB 201","og_url":"https:\/\/drill-magnet.com\/de\/product\/diamond-core-drilling-eibonstock-db-201\/","og_site_name":"RAHMANI Magnetic drill store group","article_modified_time":"2025-08-05T19:45:17+00:00","og_image":[{"width":300,"height":300,"url":"https:\/\/drill-magnet.com\/de\/wp-content\/uploads\/2025\/02\/Diamond-core-drilling-Eibonstock-DB-201.png","type":"image\/png"}],"twitter_card":"summary_large_image","twitter_misc":{"Price":"","Availability":"In stock"},"schema":{"@context":"https:\/\/schema.org","@graph":[{"@type":"WebPage","@id":"https:\/\/drill-magnet.com\/de\/product\/diamond-core-drilling-eibonstock-db-201\/","url":"https:\/\/drill-magnet.com\/de\/product\/diamond-core-drilling-eibonstock-db-201\/","name":"Diamant-Kernbohrger\u00c3\u00a4t Eibenstock DB 201 - RAHMANI Magnetic drill store group","isPartOf":{"@id":"https:\/\/drill-magnet.com\/de\/#website"},"primaryImageOfPage":{"@id":"https:\/\/drill-magnet.com\/de\/product\/diamond-core-drilling-eibonstock-db-201\/#primaryimage"},"image":{"@id":"https:\/\/drill-magnet.com\/de\/product\/diamond-core-drilling-eibonstock-db-201\/#primaryimage"},"thumbnailUrl":"https:\/\/drill-magnet.com\/de\/wp-content\/uploads\/2025\/02\/Diamond-core-drilling-Eibonstock-DB-201.png","datePublished":"2025-02-21T20:22:35+00:00","dateModified":"2025-08-05T19:45:17+00:00","description":"Diamond core drilling Eibonstock DB 201","breadcrumb":{"@id":"https:\/\/drill-magnet.com\/de\/product\/diamond-core-drilling-eibonstock-db-201\/#breadcrumb"},"inLanguage":"en-US","potentialAction":[{"@type":"ReadAction","target":["https:\/\/drill-magnet.com\/de\/product\/diamond-core-drilling-eibonstock-db-201\/"]}]},{"@type":"ImageObject","inLanguage":"en-US","@id":"https:\/\/drill-magnet.com\/de\/product\/diamond-core-drilling-eibonstock-db-201\/#primaryimage","url":"https:\/\/drill-magnet.com\/de\/wp-content\/uploads\/2025\/02\/Diamond-core-drilling-Eibonstock-DB-201.png","contentUrl":"https:\/\/drill-magnet.com\/de\/wp-content\/uploads\/2025\/02\/Diamond-core-drilling-Eibonstock-DB-201.png","width":300,"height":300,"caption":"Diamond core drilling Eibonstock DB 201"},{"@type":"BreadcrumbList","@id":"https:\/\/drill-magnet.com\/de\/product\/diamond-core-drilling-eibonstock-db-201\/#breadcrumb","itemListElement":[{"@type":"ListItem","position":1,"name":"Home","item":"https:\/\/drill-magnet.com\/de\/"},{"@type":"ListItem","position":2,"name":"Shop","item":"https:\/\/drill-magnet.com\/de\/shop\/"},{"@type":"ListItem","position":3,"name":"Diamant-Kernbohrger\u00c3\u00a4t Eibenstock DB 201"}]},{"@type":"WebSite","@id":"https:\/\/drill-magnet.com\/de\/#website","url":"https:\/\/drill-magnet.com\/de\/","name":"RAHMANI Magnetic drill store group","description":"Buying and selling German, Polish, Belgian and\u00e2\u20ac\u00a6 Magnetic drill | Annular Cutter | Diamond Core Drilling |  Beveling Machine, along with guaranteed specialized repairs","publisher":{"@id":"https:\/\/drill-magnet.com\/de\/#organization"},"potentialAction":[{"@type":"SearchAction","target":{"@type":"EntryPoint","urlTemplate":"https:\/\/drill-magnet.com\/de\/?s={search_term_string}"},"query-input":{"@type":"PropertyValueSpecification","valueRequired":true,"valueName":"search_term_string"}}],"inLanguage":"en-US"},{"@type":["Organization","Place"],"@id":"https:\/\/drill-magnet.com\/de\/#organization","name":"RAHMANI Magnetic drill store group","url":"https:\/\/drill-magnet.com\/de\/","logo":{"@id":"https:\/\/drill-magnet.com\/de\/product\/diamond-core-drilling-eibonstock-db-201\/#local-main-organization-logo"},"image":{"@id":"https:\/\/drill-magnet.com\/de\/product\/diamond-core-drilling-eibonstock-db-201\/#local-main-organization-logo"},"telephone":[],"openingHoursSpecification":[{"@type":"OpeningHoursSpecification","dayOfWeek":["Sunday","Monday","Tuesday","Wednesday","Thursday","Friday","Saturday"],"opens":"09:00","closes":"17:00"}]},{"@type":"ImageObject","inLanguage":"en-US","@id":"https:\/\/drill-magnet.com\/de\/product\/diamond-core-drilling-eibonstock-db-201\/#local-main-organization-logo","url":"https:\/\/drill-magnet.com\/de\/wp-content\/uploads\/2023\/11\/Rahmani-En-Logo-site.png","contentUrl":"https:\/\/drill-magnet.com\/de\/wp-content\/uploads\/2023\/11\/Rahmani-En-Logo-site.png","width":350,"height":100,"caption":"RAHMANI Magnetic drill store group"}]},"product_price_currency":"USD","og_availability":"instock","product_availability":"instock","product_condition":"new"},"_links":{"self":[{"href":"https:\/\/drill-magnet.com\/de\/wp-json\/wp\/v2\/product\/17392","targetHints":{"allow":["GET"]}}],"collection":[{"href":"https:\/\/drill-magnet.com\/de\/wp-json\/wp\/v2\/product"}],"about":[{"href":"https:\/\/drill-magnet.com\/de\/wp-json\/wp\/v2\/types\/product"}],"replies":[{"embeddable":true,"href":"https:\/\/drill-magnet.com\/de\/wp-json\/wp\/v2\/comments?post=17392"}],"version-history":[{"count":3,"href":"https:\/\/drill-magnet.com\/de\/wp-json\/wp\/v2\/product\/17392\/revisions"}],"predecessor-version":[{"id":17728,"href":"https:\/\/drill-magnet.com\/de\/wp-json\/wp\/v2\/product\/17392\/revisions\/17728"}],"wp:featuredmedia":[{"embeddable":true,"href":"https:\/\/drill-magnet.com\/de\/wp-json\/wp\/v2\/media\/17414"}],"wp:attachment":[{"href":"https:\/\/drill-magnet.com\/de\/wp-json\/wp\/v2\/media?parent=17392"}],"wp:term":[{"taxonomy":"product_brand","embeddable":true,"href":"https:\/\/drill-magnet.com\/de\/wp-json\/wp\/v2\/product_brand?post=17392"},{"taxonomy":"product_cat","embeddable":true,"href":"https:\/\/drill-magnet.com\/de\/wp-json\/wp\/v2\/product_cat?post=17392"},{"taxonomy":"product_tag","embeddable":true,"href":"https:\/\/drill-magnet.com\/de\/wp-json\/wp\/v2\/product_tag?post=17392"}],"curies":[{"name":"wp","href":"https:\/\/api.w.org\/{rel}","templated":true}]}}