{"id":17386,"date":"2025-02-21T19:17:00","date_gmt":"2025-02-21T20:17:00","guid":{"rendered":"https:\/\/drill-magnet.com\/en\/?post_type=product&#038;p=17386"},"modified":"2025-08-05T19:48:11","modified_gmt":"2025-08-05T19:48:11","slug":"cutting-oil-for-hole-cutters-annular-cutters-fe-powertools","status":"publish","type":"product","link":"https:\/\/drill-magnet.com\/de\/product\/cutting-oil-for-hole-cutters-annular-cutters-fe-powertools\/","title":{"rendered":"Schneid\u00c3\u00b6l f\u00c3\u00bcr Lochs\u00c3\u00a4gen \/ Kernbohrer FE Powertools"},"content":{"rendered":"<div class=\"et_pb_column et_pb_column_3_5 et_pb_column_15 et_pb_css_mix_blend_mode_passthrough et-last-child\">\n<div class=\"et_pb_module et_pb_text et_pb_text_2 et_pb_text_align_left et_pb_bg_layout_light\">\n<div class=\"et_pb_text_inner\">\n<div class=\"et_pb_column et_pb_column_3_5 et_pb_column_17 et_pb_css_mix_blend_mode_passthrough et-last-child\">\n<div class=\"et_pb_module et_pb_text et_pb_text_3 et_pb_text_align_left et_pb_bg_layout_light\">\n<div class=\"et_pb_text_inner\">\n<div class=\"et_pb_column et_pb_column_3_5 et_pb_column_13 et_pb_css_mix_blend_mode_passthrough et-last-child\">\n<div class=\"et_pb_module et_pb_text et_pb_text_1 et_pb_text_align_left et_pb_bg_layout_light\">\n<div class=\"et_pb_text_inner\">\n<h1 data-start=\"134\" data-end=\"180\"><strong data-start=\"134\" data-end=\"180\">Alle FE Powertools Schneid\u00c3\u00b6le garantieren:<\/strong><\/h1>\n<ul data-start=\"182\" data-end=\"330\">\n<li data-start=\"182\" data-end=\"218\">\n<p data-start=\"184\" data-end=\"218\">Universelle Einsatzm\u00c3\u00b6glichkeiten<\/p>\n<\/li>\n<li data-start=\"219\" data-end=\"243\">\n<p data-start=\"221\" data-end=\"243\">Oxidationsstabilit\u00c3\u00a4t<\/p>\n<\/li>\n<li data-start=\"244\" data-end=\"269\">\n<p data-start=\"246\" data-end=\"269\">Minimale Nebelbildung<\/p>\n<\/li>\n<li data-start=\"270\" data-end=\"294\">\n<p data-start=\"272\" data-end=\"294\">Hohe Schneidleistung<\/p>\n<\/li>\n<li data-start=\"295\" data-end=\"330\">\n<p data-start=\"297\" data-end=\"330\">Lange Lebensdauer des Werkzeugs<\/p>\n<\/li>\n<\/ul>\n<p data-start=\"332\" data-end=\"449\">Schneid\u00c3\u00b6l f\u00c3\u00bcr Lochs\u00c3\u00a4gen und Kernbohrer verleiht Ihren Werkzeugen die zus\u00c3\u00a4tzliche Schneidkraft, die sie ben\u00c3\u00b6tigen.<\/p>\n<p data-start=\"451\" data-end=\"1081\">FCO steht f\u00c3\u00bcr <strong data-start=\"465\" data-end=\"494\">FE Powertools Cutting Oil<\/strong>. Dieses \u00c3\u00a4u\u00c3\u0178erst leistungsstarke Schneid\u00c3\u00b6l wurde speziell f\u00c3\u00bcr Schneid-, Bohr- und Gewindeschneidanwendungen in der Metall- und Stahlindustrie entwickelt. Dieses Schneid- bzw. Schmier\u00c3\u00b6l ist ein hervorragendes K\u00c3\u00bchlmittel. Die Zusammensetzung besteht aus paraffinischen Mineral\u00c3\u00b6len mit Verschlei\u00c3\u0178schutz- und Antinebel-Zus\u00c3\u00a4tzen. Es handelt sich um ein universelles Schneid\u00c3\u00b6l zur Bearbeitung aller Arten von Stahl. Die spezielle Rezeptur macht es zur idealen und empfohlenen Wahl f\u00c3\u00bcr Werkst\u00c3\u00a4tten, in denen mit nur einem \u00c3\u2013l m\u00c3\u00b6glichst viele verschiedene Metallbearbeitungen durchgef\u00c3\u00bchrt werden.<\/p>\n<h2 data-start=\"1088\" data-end=\"1124\"><strong data-start=\"1088\" data-end=\"1124\">Schneid\u00c3\u00b6l speziell f\u00c3\u00bcr Edelstahl<\/strong><\/h2>\n<p data-start=\"1126\" data-end=\"1465\">F\u00c3\u00bcr die Bearbeitung von Edelstahl empfehlen wir eine spezielle Variante des FCO-Schneid\u00c3\u00b6ls: das <strong data-start=\"1222\" data-end=\"1231\">FCO S<\/strong>. Dieses \u00c3\u2013l ist ein universelles Schneid\u00c3\u00b6l f\u00c3\u00bcr Edelstahl und andere extrem harte Werkstoffe mit hoher Zugfestigkeit.<br data-start=\"1347\" data-end=\"1350\" \/>Der Hauptunterschied zwischen <strong data-start=\"1380\" data-end=\"1387\">FCO<\/strong> und <strong data-start=\"1392\" data-end=\"1401\">FCO S<\/strong> liegt in den <strong data-start=\"1415\" data-end=\"1435\">Schwefelzus\u00c3\u00a4tzen<\/strong>, die im FCO S enthalten sind.<\/p>\n<h2 data-start=\"1472\" data-end=\"1517\"><strong data-start=\"1472\" data-end=\"1517\">Schneidpaste f\u00c3\u00bcr extrem harte Materialien<\/strong><\/h2>\n<p data-start=\"1519\" data-end=\"1918\">Wenn Sie mit Ihrer Maschine \u00c3\u00bcber Kopf arbeiten m\u00c3\u00bcssen oder besonders harte Materialien bearbeiten, empfehlen wir die Verwendung der <strong data-start=\"1651\" data-end=\"1688\">FCP (FE Powertools Cutting Paste)<\/strong>. Diese Paste ist sehr haftfest und tropft nicht wie \u00c3\u2013l. Sie sorgt f\u00c3\u00bcr bessere Schneid- und K\u00c3\u00bchlleistung.<br data-start=\"1793\" data-end=\"1796\" \/>Ein weiterer Vorteil: Die Paste hinterl\u00c3\u00a4sst <strong data-start=\"1840\" data-end=\"1861\">keine Fettflecken<\/strong> auf dem Material \u00e2\u20ac\u201c ein h\u00c3\u00a4ufiges Problem bei Schneid\u00c3\u00b6len.<\/p>\n<\/div>\n<\/div>\n<\/div>\n<\/div>\n<\/div>\n<\/div>\n<\/div>\n<\/div>\n<\/div>\n","protected":false},"excerpt":{"rendered":"<p>Alle FE Powertools Schneid\u00c3\u00b6le garantieren: Universelle Einsatzm\u00c3\u00b6glichkeiten Oxidationsstabilit\u00c3\u00a4t Minimale Nebelbildung Hohe Schneidleistung Lange Lebensdauer des Werkzeugs Schneid\u00c3\u00b6l f\u00c3\u00bcr Lochs\u00c3\u00a4gen und<\/p>\n","protected":false},"featured_media":17419,"comment_status":"open","ping_status":"closed","template":"","meta":[],"product_brand":[487],"product_cat":[486,451],"product_tag":[481],"class_list":{"0":"post-17386","1":"product","2":"type-product","3":"status-publish","4":"has-post-thumbnail","6":"product_brand-fe-powertools","7":"product_cat-related-products-to-a-drill","8":"product_cat-zubehor","9":"product_tag-cutting-oil-for-hole-cutters-annular-cutters-fe-powertools","11":"first","12":"instock","13":"shipping-taxable","14":"product-type-simple"},"yoast_head":"<!-- This site is optimized with the Yoast SEO Premium plugin v23.9 (Yoast SEO v26.1.1) - https:\/\/yoast.com\/wordpress\/plugins\/seo\/ -->\n<title>Schneid\u00c3\u00b6l f\u00c3\u00bcr Lochs\u00c3\u00a4gen \/ Kernbohrer FE Powertools - RAHMANI Magnetic drill store group<\/title>\n<meta name=\"description\" content=\"Cutting oil for hole cutters \/ annular cutters FE Powertools\" \/>\n<meta name=\"robots\" content=\"index, follow, max-snippet:-1, max-image-preview:large, max-video-preview:-1\" \/>\n<link rel=\"canonical\" href=\"https:\/\/drill-magnet.com\/de\/product\/cutting-oil-for-hole-cutters-annular-cutters-fe-powertools\/\" \/>\n<meta property=\"og:locale\" content=\"en_US\" \/>\n<meta property=\"og:type\" content=\"article\" \/>\n<meta property=\"og:title\" content=\"Schneid\u00c3\u00b6l f\u00c3\u00bcr Lochs\u00c3\u00a4gen \/ Kernbohrer FE Powertools\" \/>\n<meta property=\"og:description\" content=\"Cutting oil for hole cutters \/ annular cutters FE Powertools\" \/>\n<meta property=\"og:url\" content=\"https:\/\/drill-magnet.com\/de\/product\/cutting-oil-for-hole-cutters-annular-cutters-fe-powertools\/\" \/>\n<meta property=\"og:site_name\" content=\"RAHMANI Magnetic drill store group\" \/>\n<meta property=\"article:modified_time\" content=\"2025-08-05T19:48:11+00:00\" \/>\n<meta property=\"og:image\" content=\"https:\/\/drill-magnet.com\/de\/wp-content\/uploads\/2025\/02\/Cutting-oil-for-hole-cutters.-annular-cutters-FE-Powertools.png\" \/>\n\t<meta property=\"og:image:width\" content=\"300\" \/>\n\t<meta property=\"og:image:height\" content=\"300\" \/>\n\t<meta property=\"og:image:type\" content=\"image\/png\" \/>\n<meta name=\"twitter:card\" content=\"summary_large_image\" \/>\n<meta name=\"twitter:label1\" content=\"Price\" \/>\n\t<meta name=\"twitter:data1\" content=\"\" \/>\n\t<meta name=\"twitter:label2\" content=\"Availability\" \/>\n\t<meta name=\"twitter:data2\" content=\"In stock\" \/>\n<script type=\"application\/ld+json\" class=\"yoast-schema-graph\">{\"@context\":\"https:\/\/schema.org\",\"@graph\":[{\"@type\":\"WebPage\",\"@id\":\"https:\/\/drill-magnet.com\/de\/product\/cutting-oil-for-hole-cutters-annular-cutters-fe-powertools\/\",\"url\":\"https:\/\/drill-magnet.com\/de\/product\/cutting-oil-for-hole-cutters-annular-cutters-fe-powertools\/\",\"name\":\"Schneid\u00c3\u00b6l f\u00c3\u00bcr Lochs\u00c3\u00a4gen \/ Kernbohrer FE Powertools - RAHMANI Magnetic drill store group\",\"isPartOf\":{\"@id\":\"https:\/\/drill-magnet.com\/de\/#website\"},\"primaryImageOfPage\":{\"@id\":\"https:\/\/drill-magnet.com\/de\/product\/cutting-oil-for-hole-cutters-annular-cutters-fe-powertools\/#primaryimage\"},\"image\":{\"@id\":\"https:\/\/drill-magnet.com\/de\/product\/cutting-oil-for-hole-cutters-annular-cutters-fe-powertools\/#primaryimage\"},\"thumbnailUrl\":\"https:\/\/drill-magnet.com\/de\/wp-content\/uploads\/2025\/02\/Cutting-oil-for-hole-cutters.-annular-cutters-FE-Powertools.png\",\"datePublished\":\"2025-02-21T20:17:00+00:00\",\"dateModified\":\"2025-08-05T19:48:11+00:00\",\"description\":\"Cutting oil for hole cutters \/ annular cutters FE Powertools\",\"breadcrumb\":{\"@id\":\"https:\/\/drill-magnet.com\/de\/product\/cutting-oil-for-hole-cutters-annular-cutters-fe-powertools\/#breadcrumb\"},\"inLanguage\":\"en-US\",\"potentialAction\":[{\"@type\":\"ReadAction\",\"target\":[\"https:\/\/drill-magnet.com\/de\/product\/cutting-oil-for-hole-cutters-annular-cutters-fe-powertools\/\"]}]},{\"@type\":\"ImageObject\",\"inLanguage\":\"en-US\",\"@id\":\"https:\/\/drill-magnet.com\/de\/product\/cutting-oil-for-hole-cutters-annular-cutters-fe-powertools\/#primaryimage\",\"url\":\"https:\/\/drill-magnet.com\/de\/wp-content\/uploads\/2025\/02\/Cutting-oil-for-hole-cutters.-annular-cutters-FE-Powertools.png\",\"contentUrl\":\"https:\/\/drill-magnet.com\/de\/wp-content\/uploads\/2025\/02\/Cutting-oil-for-hole-cutters.-annular-cutters-FE-Powertools.png\",\"width\":300,\"height\":300,\"caption\":\"Cutting oil for hole cutters \/ annular cutters FE Powertools\"},{\"@type\":\"BreadcrumbList\",\"@id\":\"https:\/\/drill-magnet.com\/de\/product\/cutting-oil-for-hole-cutters-annular-cutters-fe-powertools\/#breadcrumb\",\"itemListElement\":[{\"@type\":\"ListItem\",\"position\":1,\"name\":\"Home\",\"item\":\"https:\/\/drill-magnet.com\/de\/\"},{\"@type\":\"ListItem\",\"position\":2,\"name\":\"Shop\",\"item\":\"https:\/\/drill-magnet.com\/de\/shop\/\"},{\"@type\":\"ListItem\",\"position\":3,\"name\":\"Schneid\u00c3\u00b6l f\u00c3\u00bcr Lochs\u00c3\u00a4gen \/ Kernbohrer FE Powertools\"}]},{\"@type\":\"WebSite\",\"@id\":\"https:\/\/drill-magnet.com\/de\/#website\",\"url\":\"https:\/\/drill-magnet.com\/de\/\",\"name\":\"RAHMANI Magnetic drill store group\",\"description\":\"Buying and selling German, Polish, Belgian and\u00e2\u20ac\u00a6 Magnetic drill | Annular Cutter | Diamond Core Drilling |  Beveling Machine, along with guaranteed specialized repairs\",\"publisher\":{\"@id\":\"https:\/\/drill-magnet.com\/de\/#organization\"},\"potentialAction\":[{\"@type\":\"SearchAction\",\"target\":{\"@type\":\"EntryPoint\",\"urlTemplate\":\"https:\/\/drill-magnet.com\/de\/?s={search_term_string}\"},\"query-input\":{\"@type\":\"PropertyValueSpecification\",\"valueRequired\":true,\"valueName\":\"search_term_string\"}}],\"inLanguage\":\"en-US\"},{\"@type\":[\"Organization\",\"Place\"],\"@id\":\"https:\/\/drill-magnet.com\/de\/#organization\",\"name\":\"RAHMANI Magnetic drill store group\",\"url\":\"https:\/\/drill-magnet.com\/de\/\",\"logo\":{\"@id\":\"https:\/\/drill-magnet.com\/de\/product\/cutting-oil-for-hole-cutters-annular-cutters-fe-powertools\/#local-main-organization-logo\"},\"image\":{\"@id\":\"https:\/\/drill-magnet.com\/de\/product\/cutting-oil-for-hole-cutters-annular-cutters-fe-powertools\/#local-main-organization-logo\"},\"telephone\":[],\"openingHoursSpecification\":[{\"@type\":\"OpeningHoursSpecification\",\"dayOfWeek\":[\"Sunday\",\"Monday\",\"Tuesday\",\"Wednesday\",\"Thursday\",\"Friday\",\"Saturday\"],\"opens\":\"09:00\",\"closes\":\"17:00\"}]},{\"@type\":\"ImageObject\",\"inLanguage\":\"en-US\",\"@id\":\"https:\/\/drill-magnet.com\/de\/product\/cutting-oil-for-hole-cutters-annular-cutters-fe-powertools\/#local-main-organization-logo\",\"url\":\"https:\/\/drill-magnet.com\/de\/wp-content\/uploads\/2023\/11\/Rahmani-En-Logo-site.png\",\"contentUrl\":\"https:\/\/drill-magnet.com\/de\/wp-content\/uploads\/2023\/11\/Rahmani-En-Logo-site.png\",\"width\":350,\"height\":100,\"caption\":\"RAHMANI Magnetic drill store group\"}]}<\/script>\n<meta property=\"product:price:amount\" content=\"0\" \/>\n<meta property=\"product:price:currency\" content=\"USD\" \/>\n<meta property=\"og:availability\" content=\"instock\" \/>\n<meta property=\"product:availability\" content=\"instock\" \/>\n<meta property=\"product:condition\" content=\"new\" \/>\n<!-- \/ Yoast SEO Premium plugin. -->","yoast_head_json":{"title":"Schneid\u00c3\u00b6l f\u00c3\u00bcr Lochs\u00c3\u00a4gen \/ Kernbohrer FE Powertools - RAHMANI Magnetic drill store group","description":"Cutting oil for hole cutters \/ annular cutters FE Powertools","robots":{"index":"index","follow":"follow","max-snippet":"max-snippet:-1","max-image-preview":"max-image-preview:large","max-video-preview":"max-video-preview:-1"},"canonical":"https:\/\/drill-magnet.com\/de\/product\/cutting-oil-for-hole-cutters-annular-cutters-fe-powertools\/","og_locale":"en_US","og_type":"article","og_title":"Schneid\u00c3\u00b6l f\u00c3\u00bcr Lochs\u00c3\u00a4gen \/ Kernbohrer FE Powertools","og_description":"Cutting oil for hole cutters \/ annular cutters FE Powertools","og_url":"https:\/\/drill-magnet.com\/de\/product\/cutting-oil-for-hole-cutters-annular-cutters-fe-powertools\/","og_site_name":"RAHMANI Magnetic drill store group","article_modified_time":"2025-08-05T19:48:11+00:00","og_image":[{"width":300,"height":300,"url":"https:\/\/drill-magnet.com\/de\/wp-content\/uploads\/2025\/02\/Cutting-oil-for-hole-cutters.-annular-cutters-FE-Powertools.png","type":"image\/png"}],"twitter_card":"summary_large_image","twitter_misc":{"Price":"","Availability":"In stock"},"schema":{"@context":"https:\/\/schema.org","@graph":[{"@type":"WebPage","@id":"https:\/\/drill-magnet.com\/de\/product\/cutting-oil-for-hole-cutters-annular-cutters-fe-powertools\/","url":"https:\/\/drill-magnet.com\/de\/product\/cutting-oil-for-hole-cutters-annular-cutters-fe-powertools\/","name":"Schneid\u00c3\u00b6l f\u00c3\u00bcr Lochs\u00c3\u00a4gen \/ Kernbohrer FE Powertools - RAHMANI Magnetic drill store group","isPartOf":{"@id":"https:\/\/drill-magnet.com\/de\/#website"},"primaryImageOfPage":{"@id":"https:\/\/drill-magnet.com\/de\/product\/cutting-oil-for-hole-cutters-annular-cutters-fe-powertools\/#primaryimage"},"image":{"@id":"https:\/\/drill-magnet.com\/de\/product\/cutting-oil-for-hole-cutters-annular-cutters-fe-powertools\/#primaryimage"},"thumbnailUrl":"https:\/\/drill-magnet.com\/de\/wp-content\/uploads\/2025\/02\/Cutting-oil-for-hole-cutters.-annular-cutters-FE-Powertools.png","datePublished":"2025-02-21T20:17:00+00:00","dateModified":"2025-08-05T19:48:11+00:00","description":"Cutting oil for hole cutters \/ annular cutters FE Powertools","breadcrumb":{"@id":"https:\/\/drill-magnet.com\/de\/product\/cutting-oil-for-hole-cutters-annular-cutters-fe-powertools\/#breadcrumb"},"inLanguage":"en-US","potentialAction":[{"@type":"ReadAction","target":["https:\/\/drill-magnet.com\/de\/product\/cutting-oil-for-hole-cutters-annular-cutters-fe-powertools\/"]}]},{"@type":"ImageObject","inLanguage":"en-US","@id":"https:\/\/drill-magnet.com\/de\/product\/cutting-oil-for-hole-cutters-annular-cutters-fe-powertools\/#primaryimage","url":"https:\/\/drill-magnet.com\/de\/wp-content\/uploads\/2025\/02\/Cutting-oil-for-hole-cutters.-annular-cutters-FE-Powertools.png","contentUrl":"https:\/\/drill-magnet.com\/de\/wp-content\/uploads\/2025\/02\/Cutting-oil-for-hole-cutters.-annular-cutters-FE-Powertools.png","width":300,"height":300,"caption":"Cutting oil for hole cutters \/ annular cutters FE Powertools"},{"@type":"BreadcrumbList","@id":"https:\/\/drill-magnet.com\/de\/product\/cutting-oil-for-hole-cutters-annular-cutters-fe-powertools\/#breadcrumb","itemListElement":[{"@type":"ListItem","position":1,"name":"Home","item":"https:\/\/drill-magnet.com\/de\/"},{"@type":"ListItem","position":2,"name":"Shop","item":"https:\/\/drill-magnet.com\/de\/shop\/"},{"@type":"ListItem","position":3,"name":"Schneid\u00c3\u00b6l f\u00c3\u00bcr Lochs\u00c3\u00a4gen \/ Kernbohrer FE Powertools"}]},{"@type":"WebSite","@id":"https:\/\/drill-magnet.com\/de\/#website","url":"https:\/\/drill-magnet.com\/de\/","name":"RAHMANI Magnetic drill store group","description":"Buying and selling German, Polish, Belgian and\u00e2\u20ac\u00a6 Magnetic drill | Annular Cutter | Diamond Core Drilling |  Beveling Machine, along with guaranteed specialized repairs","publisher":{"@id":"https:\/\/drill-magnet.com\/de\/#organization"},"potentialAction":[{"@type":"SearchAction","target":{"@type":"EntryPoint","urlTemplate":"https:\/\/drill-magnet.com\/de\/?s={search_term_string}"},"query-input":{"@type":"PropertyValueSpecification","valueRequired":true,"valueName":"search_term_string"}}],"inLanguage":"en-US"},{"@type":["Organization","Place"],"@id":"https:\/\/drill-magnet.com\/de\/#organization","name":"RAHMANI Magnetic drill store group","url":"https:\/\/drill-magnet.com\/de\/","logo":{"@id":"https:\/\/drill-magnet.com\/de\/product\/cutting-oil-for-hole-cutters-annular-cutters-fe-powertools\/#local-main-organization-logo"},"image":{"@id":"https:\/\/drill-magnet.com\/de\/product\/cutting-oil-for-hole-cutters-annular-cutters-fe-powertools\/#local-main-organization-logo"},"telephone":[],"openingHoursSpecification":[{"@type":"OpeningHoursSpecification","dayOfWeek":["Sunday","Monday","Tuesday","Wednesday","Thursday","Friday","Saturday"],"opens":"09:00","closes":"17:00"}]},{"@type":"ImageObject","inLanguage":"en-US","@id":"https:\/\/drill-magnet.com\/de\/product\/cutting-oil-for-hole-cutters-annular-cutters-fe-powertools\/#local-main-organization-logo","url":"https:\/\/drill-magnet.com\/de\/wp-content\/uploads\/2023\/11\/Rahmani-En-Logo-site.png","contentUrl":"https:\/\/drill-magnet.com\/de\/wp-content\/uploads\/2023\/11\/Rahmani-En-Logo-site.png","width":350,"height":100,"caption":"RAHMANI Magnetic drill store group"}]},"product_price_currency":"USD","og_availability":"instock","product_availability":"instock","product_condition":"new"},"_links":{"self":[{"href":"https:\/\/drill-magnet.com\/de\/wp-json\/wp\/v2\/product\/17386","targetHints":{"allow":["GET"]}}],"collection":[{"href":"https:\/\/drill-magnet.com\/de\/wp-json\/wp\/v2\/product"}],"about":[{"href":"https:\/\/drill-magnet.com\/de\/wp-json\/wp\/v2\/types\/product"}],"replies":[{"embeddable":true,"href":"https:\/\/drill-magnet.com\/de\/wp-json\/wp\/v2\/comments?post=17386"}],"version-history":[{"count":3,"href":"https:\/\/drill-magnet.com\/de\/wp-json\/wp\/v2\/product\/17386\/revisions"}],"predecessor-version":[{"id":17730,"href":"https:\/\/drill-magnet.com\/de\/wp-json\/wp\/v2\/product\/17386\/revisions\/17730"}],"wp:featuredmedia":[{"embeddable":true,"href":"https:\/\/drill-magnet.com\/de\/wp-json\/wp\/v2\/media\/17419"}],"wp:attachment":[{"href":"https:\/\/drill-magnet.com\/de\/wp-json\/wp\/v2\/media?parent=17386"}],"wp:term":[{"taxonomy":"product_brand","embeddable":true,"href":"https:\/\/drill-magnet.com\/de\/wp-json\/wp\/v2\/product_brand?post=17386"},{"taxonomy":"product_cat","embeddable":true,"href":"https:\/\/drill-magnet.com\/de\/wp-json\/wp\/v2\/product_cat?post=17386"},{"taxonomy":"product_tag","embeddable":true,"href":"https:\/\/drill-magnet.com\/de\/wp-json\/wp\/v2\/product_tag?post=17386"}],"curies":[{"name":"wp","href":"https:\/\/api.w.org\/{rel}","templated":true}]}}