{"id":17377,"date":"2025-02-21T19:09:40","date_gmt":"2025-02-21T20:09:40","guid":{"rendered":"https:\/\/drill-magnet.com\/en\/?post_type=product&#038;p=17377"},"modified":"2025-08-05T19:48:47","modified_gmt":"2025-08-05T19:48:47","slug":"diamond-core-drilling-eibonstock-ple-182","status":"publish","type":"product","link":"https:\/\/drill-magnet.com\/de\/product\/diamond-core-drilling-eibonstock-ple-182\/","title":{"rendered":"Diamant-Kernbohrger\u00c3\u00a4t Eibenstock PLE 182"},"content":{"rendered":"<div>\n<div class=\"infos\">\n<div class=\"description\">\n<div>\n<div class=\"technische-daten\">\n<div>\n<h1 class=\"ProductAttribute\"><strong data-start=\"147\" data-end=\"191\">Diamant-Kernbohrger\u00c3\u00a4t Eibenstock PLE 182<\/strong><\/h1>\n<div>\n<p data-start=\"193\" data-end=\"211\">Einsatzbereich<\/p>\n<ul data-start=\"213\" data-end=\"491\">\n<li data-start=\"213\" data-end=\"269\">\n<p data-start=\"215\" data-end=\"269\">Nassbohren in Stahlbeton, Naturstein und Asphalt<\/p>\n<\/li>\n<li data-start=\"270\" data-end=\"370\">\n<p data-start=\"272\" data-end=\"370\">Trockenbohren in Kalksandstein, Mauerwerk, Klinker, Ziegel und anderen abrasiven Materialien<\/p>\n<\/li>\n<li data-start=\"371\" data-end=\"491\">\n<p data-start=\"373\" data-end=\"491\">F\u00c3\u00bcr Bohrbetriebe, Tiefbau, Sanit\u00c3\u00a4r-, Heizungs- und L\u00c3\u00bcftungsbau, Installationsfirmen sowie Garten- und Landschaftsbau<\/p>\n<\/li>\n<\/ul>\n<h2 data-start=\"493\" data-end=\"513\"><strong data-start=\"493\" data-end=\"513\">Merkmale PLE 182<\/strong><\/h2>\n<ul data-start=\"515\" data-end=\"1537\">\n<li data-start=\"515\" data-end=\"624\">\n<p data-start=\"517\" data-end=\"624\">Elektronik \u00e2\u20ac\u201c Sanftanlauf, \u00c3\u0153berstromabschaltung, \u00c3\u0153berlastanzeige, Abschaltung bei abgenutzten Kohleb\u00c3\u00bcrsten<\/p>\n<\/li>\n<li data-start=\"625\" data-end=\"813\">\n<p data-start=\"627\" data-end=\"813\">3-Gang-\u00c3\u2013lbadgetriebe \u00e2\u20ac\u201c optimale Schmierung in allen Arbeitspositionen durch speziell entwickelte \u00c3\u2013lpumpe und ideal abgestimmtes Drehmoment-Drehzahl-Verh\u00c3\u00a4ltnis f\u00c3\u00bcr s\u00c3\u00a4mtliche Durchmesser<\/p>\n<\/li>\n<li data-start=\"814\" data-end=\"849\">\n<p data-start=\"816\" data-end=\"849\">Mechanische Sicherheitskupplung<\/p>\n<\/li>\n<li data-start=\"850\" data-end=\"959\">\n<p data-start=\"852\" data-end=\"959\">Kombinationsspindel mit integrierter Aufnahme f\u00c3\u00bcr Zentrierstange \u00e2\u20ac\u201c schnelles und pr\u00c3\u00a4zises Punktbohren<\/p>\n<\/li>\n<li data-start=\"960\" data-end=\"1034\">\n<p data-start=\"962\" data-end=\"1034\">PUR-Baustellenkabel \u00e2\u20ac\u201c extrem robust f\u00c3\u00bcr den schweren Baustelleneinsatz<\/p>\n<\/li>\n<li data-start=\"1035\" data-end=\"1160\">\n<p data-start=\"1037\" data-end=\"1160\">Integrierte Wasserwaagen an der Maschine und am Bohrst\u00c3\u00a4nder, Skala sowie Bohrmittelpunktanzeige \u00e2\u20ac\u201c f\u00c3\u00bcr pr\u00c3\u00a4zises Bohren<\/p>\n<\/li>\n<li data-start=\"1161\" data-end=\"1229\">\n<p data-start=\"1163\" data-end=\"1229\">Klemmhalsbefestigung \u00e2\u20ac\u201c flexible Maschinenposition im Bohrst\u00c3\u00a4nder<\/p>\n<\/li>\n<li data-start=\"1230\" data-end=\"1282\">\n<p data-start=\"1232\" data-end=\"1282\">Verstellbare Bohrs\u00c3\u00a4ule \u00e2\u20ac\u201c Neigung bis 45\u00c2\u00b0 m\u00c3\u00b6glich<\/p>\n<\/li>\n<li data-start=\"1283\" data-end=\"1380\">\n<p data-start=\"1285\" data-end=\"1380\">Kompakte Kombi-Grundplatte \u00e2\u20ac\u201c Befestigung mit D\u00c3\u00bcbeln oder Vakuum (Vakuum-Set erforderlich)<\/p>\n<\/li>\n<li data-start=\"1381\" data-end=\"1471\">\n<p data-start=\"1383\" data-end=\"1471\">Werkzeugloser Wechsel des Vorschubhebels \u00e2\u20ac\u201c schneller Standortwechsel auf der Baustelle<\/p>\n<\/li>\n<li data-start=\"1472\" data-end=\"1537\">\n<p data-start=\"1474\" data-end=\"1537\">Nachr\u00c3\u00bcstbare Radachse (Zubeh\u00c3\u00b6r) \u00e2\u20ac\u201c f\u00c3\u00bcr einfachen Transport<\/p>\n<\/li>\n<\/ul>\n<h2 data-start=\"1539\" data-end=\"1600\"><strong data-start=\"1539\" data-end=\"1600\">Technische Daten Diamant-Kernbohrger\u00c3\u00a4t Eibenstock PLE 182<\/strong><\/h2>\n<ul data-start=\"1602\" data-end=\"1936\">\n<li data-start=\"1602\" data-end=\"1625\">\n<p data-start=\"1604\" data-end=\"1625\">Nennspannung: 230 V<\/p>\n<\/li>\n<li data-start=\"1626\" data-end=\"1656\">\n<p data-start=\"1628\" data-end=\"1656\">Leistungsaufnahme: 2.300 W<\/p>\n<\/li>\n<li data-start=\"1657\" data-end=\"1708\">\n<p data-start=\"1659\" data-end=\"1708\">Leerlaufdrehzahl: 0\u00e2\u20ac\u201c1.000 \/ 2.200 \/ 4.400 U\/min<\/p>\n<\/li>\n<li data-start=\"1709\" data-end=\"1754\">\n<p data-start=\"1711\" data-end=\"1754\">Nenndrehzahl: 0\u00e2\u20ac\u201c520 \/ 1.200 \/ 2.500 U\/min<\/p>\n<\/li>\n<li data-start=\"1755\" data-end=\"1828\">\n<p data-start=\"1757\" data-end=\"1828\">Maximaler Werkzeugdurchmesser: nass 12\u00e2\u20ac\u201c182 mm \/ trocken 12\u00e2\u20ac\u201c202 mm<\/p>\n<\/li>\n<li data-start=\"1829\" data-end=\"1878\">\n<p data-start=\"1831\" data-end=\"1878\">Werkzeugaufnahme: G 1\/2&#8243; innen + 1 1\/4&#8243; au\u00c3\u0178en<\/p>\n<\/li>\n<li data-start=\"1879\" data-end=\"1910\">\n<p data-start=\"1881\" data-end=\"1910\">Klemmhalsdurchmesser: 60 mm<\/p>\n<\/li>\n<li data-start=\"1911\" data-end=\"1936\">\n<p data-start=\"1913\" data-end=\"1936\">EPTA-Gewicht: 22,4 kg<\/p>\n<\/li>\n<\/ul>\n<\/div>\n<\/div>\n<\/div>\n<\/div>\n<\/div>\n<\/div>\n<\/div>\n","protected":false},"excerpt":{"rendered":"<p>Diamant-Kernbohrger\u00c3\u00a4t Eibenstock PLE 182 Einsatzbereich Nassbohren in Stahlbeton, Naturstein und Asphalt Trockenbohren in Kalksandstein, Mauerwerk, Klinker, Ziegel und anderen abrasiven<\/p>\n","protected":false},"featured_media":17404,"comment_status":"open","ping_status":"closed","template":"","meta":[],"product_brand":[488],"product_cat":[446],"product_tag":[478],"class_list":{"0":"post-17377","1":"product","2":"type-product","3":"status-publish","4":"has-post-thumbnail","6":"product_brand-eibenstock","7":"product_cat-diamant-kernbohrmaschine","8":"product_tag-diamond-core-drilling-eibonstock-ple-182","10":"first","11":"instock","12":"shipping-taxable","13":"product-type-simple"},"yoast_head":"<!-- This site is optimized with the Yoast SEO Premium plugin v23.9 (Yoast SEO v26.1.1) - https:\/\/yoast.com\/wordpress\/plugins\/seo\/ -->\n<title>Diamant-Kernbohrger\u00c3\u00a4t Eibenstock PLE 182 - RAHMANI Magnetic drill store group<\/title>\n<meta name=\"description\" content=\"Diamond core drilling Eibonstock PLE 182\" \/>\n<meta name=\"robots\" content=\"index, follow, max-snippet:-1, max-image-preview:large, max-video-preview:-1\" \/>\n<link rel=\"canonical\" href=\"https:\/\/drill-magnet.com\/de\/product\/diamond-core-drilling-eibonstock-ple-182\/\" \/>\n<meta property=\"og:locale\" content=\"en_US\" \/>\n<meta property=\"og:type\" content=\"article\" \/>\n<meta property=\"og:title\" content=\"Diamant-Kernbohrger\u00c3\u00a4t Eibenstock PLE 182\" \/>\n<meta property=\"og:description\" content=\"Diamond core drilling Eibonstock PLE 182\" \/>\n<meta property=\"og:url\" content=\"https:\/\/drill-magnet.com\/de\/product\/diamond-core-drilling-eibonstock-ple-182\/\" \/>\n<meta property=\"og:site_name\" content=\"RAHMANI Magnetic drill store group\" \/>\n<meta property=\"article:modified_time\" content=\"2025-08-05T19:48:47+00:00\" \/>\n<meta property=\"og:image\" content=\"https:\/\/drill-magnet.com\/de\/wp-content\/uploads\/2025\/02\/Diamond-core-drilling-Eibonstock-PLE-182.png\" \/>\n\t<meta property=\"og:image:width\" content=\"300\" \/>\n\t<meta property=\"og:image:height\" content=\"300\" \/>\n\t<meta property=\"og:image:type\" content=\"image\/png\" \/>\n<meta name=\"twitter:card\" content=\"summary_large_image\" \/>\n<meta name=\"twitter:label1\" content=\"Price\" \/>\n\t<meta name=\"twitter:data1\" content=\"\" \/>\n\t<meta name=\"twitter:label2\" content=\"Availability\" \/>\n\t<meta name=\"twitter:data2\" content=\"In stock\" \/>\n<script type=\"application\/ld+json\" class=\"yoast-schema-graph\">{\"@context\":\"https:\/\/schema.org\",\"@graph\":[{\"@type\":\"WebPage\",\"@id\":\"https:\/\/drill-magnet.com\/de\/product\/diamond-core-drilling-eibonstock-ple-182\/\",\"url\":\"https:\/\/drill-magnet.com\/de\/product\/diamond-core-drilling-eibonstock-ple-182\/\",\"name\":\"Diamant-Kernbohrger\u00c3\u00a4t Eibenstock PLE 182 - RAHMANI Magnetic drill store group\",\"isPartOf\":{\"@id\":\"https:\/\/drill-magnet.com\/de\/#website\"},\"primaryImageOfPage\":{\"@id\":\"https:\/\/drill-magnet.com\/de\/product\/diamond-core-drilling-eibonstock-ple-182\/#primaryimage\"},\"image\":{\"@id\":\"https:\/\/drill-magnet.com\/de\/product\/diamond-core-drilling-eibonstock-ple-182\/#primaryimage\"},\"thumbnailUrl\":\"https:\/\/drill-magnet.com\/de\/wp-content\/uploads\/2025\/02\/Diamond-core-drilling-Eibonstock-PLE-182.png\",\"datePublished\":\"2025-02-21T20:09:40+00:00\",\"dateModified\":\"2025-08-05T19:48:47+00:00\",\"description\":\"Diamond core drilling Eibonstock PLE 182\",\"breadcrumb\":{\"@id\":\"https:\/\/drill-magnet.com\/de\/product\/diamond-core-drilling-eibonstock-ple-182\/#breadcrumb\"},\"inLanguage\":\"en-US\",\"potentialAction\":[{\"@type\":\"ReadAction\",\"target\":[\"https:\/\/drill-magnet.com\/de\/product\/diamond-core-drilling-eibonstock-ple-182\/\"]}]},{\"@type\":\"ImageObject\",\"inLanguage\":\"en-US\",\"@id\":\"https:\/\/drill-magnet.com\/de\/product\/diamond-core-drilling-eibonstock-ple-182\/#primaryimage\",\"url\":\"https:\/\/drill-magnet.com\/de\/wp-content\/uploads\/2025\/02\/Diamond-core-drilling-Eibonstock-PLE-182.png\",\"contentUrl\":\"https:\/\/drill-magnet.com\/de\/wp-content\/uploads\/2025\/02\/Diamond-core-drilling-Eibonstock-PLE-182.png\",\"width\":300,\"height\":300,\"caption\":\"Diamond core drilling Eibonstock PLE 182\"},{\"@type\":\"BreadcrumbList\",\"@id\":\"https:\/\/drill-magnet.com\/de\/product\/diamond-core-drilling-eibonstock-ple-182\/#breadcrumb\",\"itemListElement\":[{\"@type\":\"ListItem\",\"position\":1,\"name\":\"Home\",\"item\":\"https:\/\/drill-magnet.com\/de\/\"},{\"@type\":\"ListItem\",\"position\":2,\"name\":\"Shop\",\"item\":\"https:\/\/drill-magnet.com\/de\/shop\/\"},{\"@type\":\"ListItem\",\"position\":3,\"name\":\"Diamant-Kernbohrger\u00c3\u00a4t Eibenstock PLE 182\"}]},{\"@type\":\"WebSite\",\"@id\":\"https:\/\/drill-magnet.com\/de\/#website\",\"url\":\"https:\/\/drill-magnet.com\/de\/\",\"name\":\"RAHMANI Magnetic drill store group\",\"description\":\"Buying and selling German, Polish, Belgian and\u00e2\u20ac\u00a6 Magnetic drill | Annular Cutter | Diamond Core Drilling |  Beveling Machine, along with guaranteed specialized repairs\",\"publisher\":{\"@id\":\"https:\/\/drill-magnet.com\/de\/#organization\"},\"potentialAction\":[{\"@type\":\"SearchAction\",\"target\":{\"@type\":\"EntryPoint\",\"urlTemplate\":\"https:\/\/drill-magnet.com\/de\/?s={search_term_string}\"},\"query-input\":{\"@type\":\"PropertyValueSpecification\",\"valueRequired\":true,\"valueName\":\"search_term_string\"}}],\"inLanguage\":\"en-US\"},{\"@type\":[\"Organization\",\"Place\"],\"@id\":\"https:\/\/drill-magnet.com\/de\/#organization\",\"name\":\"RAHMANI Magnetic drill store group\",\"url\":\"https:\/\/drill-magnet.com\/de\/\",\"logo\":{\"@id\":\"https:\/\/drill-magnet.com\/de\/product\/diamond-core-drilling-eibonstock-ple-182\/#local-main-organization-logo\"},\"image\":{\"@id\":\"https:\/\/drill-magnet.com\/de\/product\/diamond-core-drilling-eibonstock-ple-182\/#local-main-organization-logo\"},\"telephone\":[],\"openingHoursSpecification\":[{\"@type\":\"OpeningHoursSpecification\",\"dayOfWeek\":[\"Sunday\",\"Monday\",\"Tuesday\",\"Wednesday\",\"Thursday\",\"Friday\",\"Saturday\"],\"opens\":\"09:00\",\"closes\":\"17:00\"}]},{\"@type\":\"ImageObject\",\"inLanguage\":\"en-US\",\"@id\":\"https:\/\/drill-magnet.com\/de\/product\/diamond-core-drilling-eibonstock-ple-182\/#local-main-organization-logo\",\"url\":\"https:\/\/drill-magnet.com\/de\/wp-content\/uploads\/2023\/11\/Rahmani-En-Logo-site.png\",\"contentUrl\":\"https:\/\/drill-magnet.com\/de\/wp-content\/uploads\/2023\/11\/Rahmani-En-Logo-site.png\",\"width\":350,\"height\":100,\"caption\":\"RAHMANI Magnetic drill store group\"}]}<\/script>\n<meta property=\"product:price:amount\" content=\"0\" \/>\n<meta property=\"product:price:currency\" content=\"USD\" \/>\n<meta property=\"og:availability\" content=\"instock\" \/>\n<meta property=\"product:availability\" content=\"instock\" \/>\n<meta property=\"product:condition\" content=\"new\" \/>\n<!-- \/ Yoast SEO Premium plugin. -->","yoast_head_json":{"title":"Diamant-Kernbohrger\u00c3\u00a4t Eibenstock PLE 182 - RAHMANI Magnetic drill store group","description":"Diamond core drilling Eibonstock PLE 182","robots":{"index":"index","follow":"follow","max-snippet":"max-snippet:-1","max-image-preview":"max-image-preview:large","max-video-preview":"max-video-preview:-1"},"canonical":"https:\/\/drill-magnet.com\/de\/product\/diamond-core-drilling-eibonstock-ple-182\/","og_locale":"en_US","og_type":"article","og_title":"Diamant-Kernbohrger\u00c3\u00a4t Eibenstock PLE 182","og_description":"Diamond core drilling Eibonstock PLE 182","og_url":"https:\/\/drill-magnet.com\/de\/product\/diamond-core-drilling-eibonstock-ple-182\/","og_site_name":"RAHMANI Magnetic drill store group","article_modified_time":"2025-08-05T19:48:47+00:00","og_image":[{"width":300,"height":300,"url":"https:\/\/drill-magnet.com\/de\/wp-content\/uploads\/2025\/02\/Diamond-core-drilling-Eibonstock-PLE-182.png","type":"image\/png"}],"twitter_card":"summary_large_image","twitter_misc":{"Price":"","Availability":"In stock"},"schema":{"@context":"https:\/\/schema.org","@graph":[{"@type":"WebPage","@id":"https:\/\/drill-magnet.com\/de\/product\/diamond-core-drilling-eibonstock-ple-182\/","url":"https:\/\/drill-magnet.com\/de\/product\/diamond-core-drilling-eibonstock-ple-182\/","name":"Diamant-Kernbohrger\u00c3\u00a4t Eibenstock PLE 182 - RAHMANI Magnetic drill store group","isPartOf":{"@id":"https:\/\/drill-magnet.com\/de\/#website"},"primaryImageOfPage":{"@id":"https:\/\/drill-magnet.com\/de\/product\/diamond-core-drilling-eibonstock-ple-182\/#primaryimage"},"image":{"@id":"https:\/\/drill-magnet.com\/de\/product\/diamond-core-drilling-eibonstock-ple-182\/#primaryimage"},"thumbnailUrl":"https:\/\/drill-magnet.com\/de\/wp-content\/uploads\/2025\/02\/Diamond-core-drilling-Eibonstock-PLE-182.png","datePublished":"2025-02-21T20:09:40+00:00","dateModified":"2025-08-05T19:48:47+00:00","description":"Diamond core drilling Eibonstock PLE 182","breadcrumb":{"@id":"https:\/\/drill-magnet.com\/de\/product\/diamond-core-drilling-eibonstock-ple-182\/#breadcrumb"},"inLanguage":"en-US","potentialAction":[{"@type":"ReadAction","target":["https:\/\/drill-magnet.com\/de\/product\/diamond-core-drilling-eibonstock-ple-182\/"]}]},{"@type":"ImageObject","inLanguage":"en-US","@id":"https:\/\/drill-magnet.com\/de\/product\/diamond-core-drilling-eibonstock-ple-182\/#primaryimage","url":"https:\/\/drill-magnet.com\/de\/wp-content\/uploads\/2025\/02\/Diamond-core-drilling-Eibonstock-PLE-182.png","contentUrl":"https:\/\/drill-magnet.com\/de\/wp-content\/uploads\/2025\/02\/Diamond-core-drilling-Eibonstock-PLE-182.png","width":300,"height":300,"caption":"Diamond core drilling Eibonstock PLE 182"},{"@type":"BreadcrumbList","@id":"https:\/\/drill-magnet.com\/de\/product\/diamond-core-drilling-eibonstock-ple-182\/#breadcrumb","itemListElement":[{"@type":"ListItem","position":1,"name":"Home","item":"https:\/\/drill-magnet.com\/de\/"},{"@type":"ListItem","position":2,"name":"Shop","item":"https:\/\/drill-magnet.com\/de\/shop\/"},{"@type":"ListItem","position":3,"name":"Diamant-Kernbohrger\u00c3\u00a4t Eibenstock PLE 182"}]},{"@type":"WebSite","@id":"https:\/\/drill-magnet.com\/de\/#website","url":"https:\/\/drill-magnet.com\/de\/","name":"RAHMANI Magnetic drill store group","description":"Buying and selling German, Polish, Belgian and\u00e2\u20ac\u00a6 Magnetic drill | Annular Cutter | Diamond Core Drilling |  Beveling Machine, along with guaranteed specialized repairs","publisher":{"@id":"https:\/\/drill-magnet.com\/de\/#organization"},"potentialAction":[{"@type":"SearchAction","target":{"@type":"EntryPoint","urlTemplate":"https:\/\/drill-magnet.com\/de\/?s={search_term_string}"},"query-input":{"@type":"PropertyValueSpecification","valueRequired":true,"valueName":"search_term_string"}}],"inLanguage":"en-US"},{"@type":["Organization","Place"],"@id":"https:\/\/drill-magnet.com\/de\/#organization","name":"RAHMANI Magnetic drill store group","url":"https:\/\/drill-magnet.com\/de\/","logo":{"@id":"https:\/\/drill-magnet.com\/de\/product\/diamond-core-drilling-eibonstock-ple-182\/#local-main-organization-logo"},"image":{"@id":"https:\/\/drill-magnet.com\/de\/product\/diamond-core-drilling-eibonstock-ple-182\/#local-main-organization-logo"},"telephone":[],"openingHoursSpecification":[{"@type":"OpeningHoursSpecification","dayOfWeek":["Sunday","Monday","Tuesday","Wednesday","Thursday","Friday","Saturday"],"opens":"09:00","closes":"17:00"}]},{"@type":"ImageObject","inLanguage":"en-US","@id":"https:\/\/drill-magnet.com\/de\/product\/diamond-core-drilling-eibonstock-ple-182\/#local-main-organization-logo","url":"https:\/\/drill-magnet.com\/de\/wp-content\/uploads\/2023\/11\/Rahmani-En-Logo-site.png","contentUrl":"https:\/\/drill-magnet.com\/de\/wp-content\/uploads\/2023\/11\/Rahmani-En-Logo-site.png","width":350,"height":100,"caption":"RAHMANI Magnetic drill store group"}]},"product_price_currency":"USD","og_availability":"instock","product_availability":"instock","product_condition":"new"},"_links":{"self":[{"href":"https:\/\/drill-magnet.com\/de\/wp-json\/wp\/v2\/product\/17377","targetHints":{"allow":["GET"]}}],"collection":[{"href":"https:\/\/drill-magnet.com\/de\/wp-json\/wp\/v2\/product"}],"about":[{"href":"https:\/\/drill-magnet.com\/de\/wp-json\/wp\/v2\/types\/product"}],"replies":[{"embeddable":true,"href":"https:\/\/drill-magnet.com\/de\/wp-json\/wp\/v2\/comments?post=17377"}],"version-history":[{"count":3,"href":"https:\/\/drill-magnet.com\/de\/wp-json\/wp\/v2\/product\/17377\/revisions"}],"predecessor-version":[{"id":17734,"href":"https:\/\/drill-magnet.com\/de\/wp-json\/wp\/v2\/product\/17377\/revisions\/17734"}],"wp:featuredmedia":[{"embeddable":true,"href":"https:\/\/drill-magnet.com\/de\/wp-json\/wp\/v2\/media\/17404"}],"wp:attachment":[{"href":"https:\/\/drill-magnet.com\/de\/wp-json\/wp\/v2\/media?parent=17377"}],"wp:term":[{"taxonomy":"product_brand","embeddable":true,"href":"https:\/\/drill-magnet.com\/de\/wp-json\/wp\/v2\/product_brand?post=17377"},{"taxonomy":"product_cat","embeddable":true,"href":"https:\/\/drill-magnet.com\/de\/wp-json\/wp\/v2\/product_cat?post=17377"},{"taxonomy":"product_tag","embeddable":true,"href":"https:\/\/drill-magnet.com\/de\/wp-json\/wp\/v2\/product_tag?post=17377"}],"curies":[{"name":"wp","href":"https:\/\/api.w.org\/{rel}","templated":true}]}}