{"id":17373,"date":"2025-02-21T19:05:00","date_gmt":"2025-02-21T20:05:00","guid":{"rendered":"https:\/\/drill-magnet.com\/en\/?post_type=product&#038;p=17373"},"modified":"2025-08-05T19:49:08","modified_gmt":"2025-08-05T19:49:08","slug":"magnetic-drill-stand-metabo-m100","status":"publish","type":"product","link":"https:\/\/drill-magnet.com\/de\/product\/magnetic-drill-stand-metabo-m100\/","title":{"rendered":"Magnetbohrst\u00c3\u00a4nder Metabo M100"},"content":{"rendered":"<div class=\"attributes\">\n<div class=\"attributesRow\">\n<h1 class=\"attrTitle_6\"><strong data-start=\"134\" data-end=\"167\">Magnetbohrst\u00c3\u00a4nder Metabo M100<\/strong><\/h1>\n<div>\n<p data-start=\"169\" data-end=\"181\"><strong data-start=\"169\" data-end=\"181\">Merkmale:<\/strong><\/p>\n<ul data-start=\"183\" data-end=\"1075\">\n<li data-start=\"183\" data-end=\"241\">\n<p data-start=\"185\" data-end=\"241\">Magnetfu\u00c3\u0178 mit hoher Haftkraft f\u00c3\u00bcr sicheren Betrieb<\/p>\n<\/li>\n<li data-start=\"242\" data-end=\"380\">\n<p data-start=\"244\" data-end=\"380\">Auch geeignet f\u00c3\u00bcr Arbeiten an senkrechten, schr\u00c3\u00a4gen oder \u00c3\u0153berkopf-Fl\u00c3\u00a4chen \u00e2\u20ac\u201c in Kombination mit der mitgelieferten Sicherheitskette<\/p>\n<\/li>\n<li data-start=\"381\" data-end=\"432\">\n<p data-start=\"383\" data-end=\"432\">Vertikalvorschub \u00c3\u00bcber Zahnstange und Ritzel<\/p>\n<\/li>\n<li data-start=\"433\" data-end=\"586\">\n<p data-start=\"435\" data-end=\"586\">Zur exakten Positionierung der Bohrspitze \u00c3\u00bcber der Anrissmarkierung l\u00c3\u00a4sst sich der obere Teil des Bohrst\u00c3\u00a4nders seitlich verschieben und schwenken<\/p>\n<\/li>\n<li data-start=\"587\" data-end=\"673\">\n<p data-start=\"589\" data-end=\"673\">Stromanschluss direkt am Bohrst\u00c3\u00a4nder \u00e2\u20ac\u201c zum direkten Anschluss der Bohrmaschine<\/p>\n<\/li>\n<li data-start=\"674\" data-end=\"790\">\n<p data-start=\"676\" data-end=\"790\">Die am Bohrst\u00c3\u00a4nder montierte Bohrmaschine kann erst gestartet werden, wenn der Bohrst\u00c3\u00a4nder eingeschaltet ist<\/p>\n<\/li>\n<li data-start=\"791\" data-end=\"888\">\n<p data-start=\"793\" data-end=\"888\">Einstellbare Abst\u00c3\u00bctzung zur Stabilisierung des St\u00c3\u00a4nders gegen hohe R\u00c3\u00bccksto\u00c3\u0178kr\u00c3\u00a4fte beim Bohren<\/p>\n<\/li>\n<li data-start=\"889\" data-end=\"946\">\n<p data-start=\"891\" data-end=\"946\">Skaliertes Klemmhalsma\u00c3\u0178 zur Anzeige der Bohrtiefe<\/p>\n<\/li>\n<li data-start=\"947\" data-end=\"1075\">\n<p data-start=\"949\" data-end=\"1075\">Kombinierbar mit der Bohrmaschine B 32\/3 zu einer Magnetbohreinheit f\u00c3\u00bcr max. Bohrdurchmesser 100 mm (mit Kernbohrer)<\/p>\n<\/li>\n<\/ul>\n<h2 data-start=\"1077\" data-end=\"1127\"><strong data-start=\"1077\" data-end=\"1127\">Technische Daten Magnetbohrst\u00c3\u00a4nder Metabo M100<\/strong><\/h2>\n<ul data-start=\"1129\" data-end=\"1345\">\n<li data-start=\"1129\" data-end=\"1148\">\n<p data-start=\"1131\" data-end=\"1148\">Aufnahme: 65 mm<\/p>\n<\/li>\n<li data-start=\"1149\" data-end=\"1184\">\n<p data-start=\"1151\" data-end=\"1184\">Vorschubtiefe: 260 mm \/ 10 1\/4&#8243;<\/p>\n<\/li>\n<li data-start=\"1185\" data-end=\"1222\">\n<p data-start=\"1187\" data-end=\"1222\">Maximale H\u00c3\u00b6he: 650 mm \/ 25 19\/32&#8243;<\/p>\n<\/li>\n<li data-start=\"1223\" data-end=\"1272\">\n<p data-start=\"1225\" data-end=\"1272\">Magnetkraft (maximal): 18.000 N \/ 1.631,4 lbs<\/p>\n<\/li>\n<li data-start=\"1273\" data-end=\"1326\">\n<p data-start=\"1275\" data-end=\"1326\">Ma\u00c3\u0178e Magnetfu\u00c3\u0178: 110 x 220 mm \/ 4 5\/16&#8243; x 8 21\/32&#8243;<\/p>\n<\/li>\n<li data-start=\"1327\" data-end=\"1345\">\n<p data-start=\"1329\" data-end=\"1345\">Gewicht: 22 kg<\/p>\n<\/li>\n<\/ul>\n<\/div>\n<\/div>\n<\/div>\n","protected":false},"excerpt":{"rendered":"<p>Magnetbohrst\u00c3\u00a4nder Metabo M100 Merkmale: Magnetfu\u00c3\u0178 mit hoher Haftkraft f\u00c3\u00bcr sicheren Betrieb Auch geeignet f\u00c3\u00bcr Arbeiten an senkrechten, schr\u00c3\u00a4gen oder \u00c3\u0153berkopf-Fl\u00c3\u00a4chen<\/p>\n","protected":false},"featured_media":17391,"comment_status":"open","ping_status":"closed","template":"","meta":[],"product_brand":[],"product_cat":[448,486],"product_tag":[477],"class_list":{"0":"post-17373","1":"product","2":"type-product","3":"status-publish","4":"has-post-thumbnail","6":"product_cat-magnetbohrstander","7":"product_cat-related-products-to-a-drill","8":"product_tag-magnetic-drill-stand-metabo-m100","10":"first","11":"instock","12":"shipping-taxable","13":"product-type-simple"},"yoast_head":"<!-- This site is optimized with the Yoast SEO Premium plugin v23.9 (Yoast SEO v26.1.1) - https:\/\/yoast.com\/wordpress\/plugins\/seo\/ -->\n<title>Magnetbohrst\u00c3\u00a4nder Metabo M100 - RAHMANI Magnetic drill store group<\/title>\n<meta name=\"description\" content=\"Magnetic Drill Stand Bosch GMB 32 Magnet base with high holding power for safe operation\" \/>\n<meta name=\"robots\" content=\"index, follow, max-snippet:-1, max-image-preview:large, max-video-preview:-1\" \/>\n<link rel=\"canonical\" href=\"https:\/\/drill-magnet.com\/de\/product\/magnetic-drill-stand-metabo-m100\/\" \/>\n<meta property=\"og:locale\" content=\"en_US\" \/>\n<meta property=\"og:type\" content=\"article\" \/>\n<meta property=\"og:title\" content=\"Magnetbohrst\u00c3\u00a4nder Metabo M100\" \/>\n<meta property=\"og:description\" content=\"Magnetic Drill Stand Bosch GMB 32 Magnet base with high holding power for safe operation\" \/>\n<meta property=\"og:url\" content=\"https:\/\/drill-magnet.com\/de\/product\/magnetic-drill-stand-metabo-m100\/\" \/>\n<meta property=\"og:site_name\" content=\"RAHMANI Magnetic drill store group\" \/>\n<meta property=\"article:modified_time\" content=\"2025-08-05T19:49:08+00:00\" \/>\n<meta property=\"og:image\" content=\"https:\/\/drill-magnet.com\/de\/wp-content\/uploads\/2025\/02\/Magnetic-drill-stand-Metabo-M100.png\" \/>\n\t<meta property=\"og:image:width\" content=\"300\" \/>\n\t<meta property=\"og:image:height\" content=\"300\" \/>\n\t<meta property=\"og:image:type\" content=\"image\/png\" \/>\n<meta name=\"twitter:card\" content=\"summary_large_image\" \/>\n<meta name=\"twitter:label1\" content=\"Price\" \/>\n\t<meta name=\"twitter:data1\" content=\"\" \/>\n\t<meta name=\"twitter:label2\" content=\"Availability\" \/>\n\t<meta name=\"twitter:data2\" content=\"In stock\" \/>\n<script type=\"application\/ld+json\" class=\"yoast-schema-graph\">{\"@context\":\"https:\/\/schema.org\",\"@graph\":[{\"@type\":\"WebPage\",\"@id\":\"https:\/\/drill-magnet.com\/de\/product\/magnetic-drill-stand-metabo-m100\/\",\"url\":\"https:\/\/drill-magnet.com\/de\/product\/magnetic-drill-stand-metabo-m100\/\",\"name\":\"Magnetbohrst\u00c3\u00a4nder Metabo M100 - RAHMANI Magnetic drill store group\",\"isPartOf\":{\"@id\":\"https:\/\/drill-magnet.com\/de\/#website\"},\"primaryImageOfPage\":{\"@id\":\"https:\/\/drill-magnet.com\/de\/product\/magnetic-drill-stand-metabo-m100\/#primaryimage\"},\"image\":{\"@id\":\"https:\/\/drill-magnet.com\/de\/product\/magnetic-drill-stand-metabo-m100\/#primaryimage\"},\"thumbnailUrl\":\"https:\/\/drill-magnet.com\/de\/wp-content\/uploads\/2025\/02\/Magnetic-drill-stand-Metabo-M100.png\",\"datePublished\":\"2025-02-21T20:05:00+00:00\",\"dateModified\":\"2025-08-05T19:49:08+00:00\",\"description\":\"Magnetic Drill Stand Bosch GMB 32 Magnet base with high holding power for safe operation\",\"breadcrumb\":{\"@id\":\"https:\/\/drill-magnet.com\/de\/product\/magnetic-drill-stand-metabo-m100\/#breadcrumb\"},\"inLanguage\":\"en-US\",\"potentialAction\":[{\"@type\":\"ReadAction\",\"target\":[\"https:\/\/drill-magnet.com\/de\/product\/magnetic-drill-stand-metabo-m100\/\"]}]},{\"@type\":\"ImageObject\",\"inLanguage\":\"en-US\",\"@id\":\"https:\/\/drill-magnet.com\/de\/product\/magnetic-drill-stand-metabo-m100\/#primaryimage\",\"url\":\"https:\/\/drill-magnet.com\/de\/wp-content\/uploads\/2025\/02\/Magnetic-drill-stand-Metabo-M100.png\",\"contentUrl\":\"https:\/\/drill-magnet.com\/de\/wp-content\/uploads\/2025\/02\/Magnetic-drill-stand-Metabo-M100.png\",\"width\":300,\"height\":300},{\"@type\":\"BreadcrumbList\",\"@id\":\"https:\/\/drill-magnet.com\/de\/product\/magnetic-drill-stand-metabo-m100\/#breadcrumb\",\"itemListElement\":[{\"@type\":\"ListItem\",\"position\":1,\"name\":\"Home\",\"item\":\"https:\/\/drill-magnet.com\/de\/\"},{\"@type\":\"ListItem\",\"position\":2,\"name\":\"Shop\",\"item\":\"https:\/\/drill-magnet.com\/de\/shop\/\"},{\"@type\":\"ListItem\",\"position\":3,\"name\":\"Magnetbohrst\u00c3\u00a4nder Metabo M100\"}]},{\"@type\":\"WebSite\",\"@id\":\"https:\/\/drill-magnet.com\/de\/#website\",\"url\":\"https:\/\/drill-magnet.com\/de\/\",\"name\":\"RAHMANI Magnetic drill store group\",\"description\":\"Buying and selling German, Polish, Belgian and\u00e2\u20ac\u00a6 Magnetic drill | Annular Cutter | Diamond Core Drilling |  Beveling Machine, along with guaranteed specialized repairs\",\"publisher\":{\"@id\":\"https:\/\/drill-magnet.com\/de\/#organization\"},\"potentialAction\":[{\"@type\":\"SearchAction\",\"target\":{\"@type\":\"EntryPoint\",\"urlTemplate\":\"https:\/\/drill-magnet.com\/de\/?s={search_term_string}\"},\"query-input\":{\"@type\":\"PropertyValueSpecification\",\"valueRequired\":true,\"valueName\":\"search_term_string\"}}],\"inLanguage\":\"en-US\"},{\"@type\":[\"Organization\",\"Place\"],\"@id\":\"https:\/\/drill-magnet.com\/de\/#organization\",\"name\":\"RAHMANI Magnetic drill store group\",\"url\":\"https:\/\/drill-magnet.com\/de\/\",\"logo\":{\"@id\":\"https:\/\/drill-magnet.com\/de\/product\/magnetic-drill-stand-metabo-m100\/#local-main-organization-logo\"},\"image\":{\"@id\":\"https:\/\/drill-magnet.com\/de\/product\/magnetic-drill-stand-metabo-m100\/#local-main-organization-logo\"},\"telephone\":[],\"openingHoursSpecification\":[{\"@type\":\"OpeningHoursSpecification\",\"dayOfWeek\":[\"Sunday\",\"Monday\",\"Tuesday\",\"Wednesday\",\"Thursday\",\"Friday\",\"Saturday\"],\"opens\":\"09:00\",\"closes\":\"17:00\"}]},{\"@type\":\"ImageObject\",\"inLanguage\":\"en-US\",\"@id\":\"https:\/\/drill-magnet.com\/de\/product\/magnetic-drill-stand-metabo-m100\/#local-main-organization-logo\",\"url\":\"https:\/\/drill-magnet.com\/de\/wp-content\/uploads\/2023\/11\/Rahmani-En-Logo-site.png\",\"contentUrl\":\"https:\/\/drill-magnet.com\/de\/wp-content\/uploads\/2023\/11\/Rahmani-En-Logo-site.png\",\"width\":350,\"height\":100,\"caption\":\"RAHMANI Magnetic drill store group\"}]}<\/script>\n<meta property=\"product:price:amount\" content=\"0\" \/>\n<meta property=\"product:price:currency\" content=\"USD\" \/>\n<meta property=\"og:availability\" content=\"instock\" \/>\n<meta property=\"product:availability\" content=\"instock\" \/>\n<meta property=\"product:condition\" content=\"new\" \/>\n<!-- \/ Yoast SEO Premium plugin. -->","yoast_head_json":{"title":"Magnetbohrst\u00c3\u00a4nder Metabo M100 - RAHMANI Magnetic drill store group","description":"Magnetic Drill Stand Bosch GMB 32 Magnet base with high holding power for safe operation","robots":{"index":"index","follow":"follow","max-snippet":"max-snippet:-1","max-image-preview":"max-image-preview:large","max-video-preview":"max-video-preview:-1"},"canonical":"https:\/\/drill-magnet.com\/de\/product\/magnetic-drill-stand-metabo-m100\/","og_locale":"en_US","og_type":"article","og_title":"Magnetbohrst\u00c3\u00a4nder Metabo M100","og_description":"Magnetic Drill Stand Bosch GMB 32 Magnet base with high holding power for safe operation","og_url":"https:\/\/drill-magnet.com\/de\/product\/magnetic-drill-stand-metabo-m100\/","og_site_name":"RAHMANI Magnetic drill store group","article_modified_time":"2025-08-05T19:49:08+00:00","og_image":[{"width":300,"height":300,"url":"https:\/\/drill-magnet.com\/de\/wp-content\/uploads\/2025\/02\/Magnetic-drill-stand-Metabo-M100.png","type":"image\/png"}],"twitter_card":"summary_large_image","twitter_misc":{"Price":"","Availability":"In stock"},"schema":{"@context":"https:\/\/schema.org","@graph":[{"@type":"WebPage","@id":"https:\/\/drill-magnet.com\/de\/product\/magnetic-drill-stand-metabo-m100\/","url":"https:\/\/drill-magnet.com\/de\/product\/magnetic-drill-stand-metabo-m100\/","name":"Magnetbohrst\u00c3\u00a4nder Metabo M100 - RAHMANI Magnetic drill store group","isPartOf":{"@id":"https:\/\/drill-magnet.com\/de\/#website"},"primaryImageOfPage":{"@id":"https:\/\/drill-magnet.com\/de\/product\/magnetic-drill-stand-metabo-m100\/#primaryimage"},"image":{"@id":"https:\/\/drill-magnet.com\/de\/product\/magnetic-drill-stand-metabo-m100\/#primaryimage"},"thumbnailUrl":"https:\/\/drill-magnet.com\/de\/wp-content\/uploads\/2025\/02\/Magnetic-drill-stand-Metabo-M100.png","datePublished":"2025-02-21T20:05:00+00:00","dateModified":"2025-08-05T19:49:08+00:00","description":"Magnetic Drill Stand Bosch GMB 32 Magnet base with high holding power for safe operation","breadcrumb":{"@id":"https:\/\/drill-magnet.com\/de\/product\/magnetic-drill-stand-metabo-m100\/#breadcrumb"},"inLanguage":"en-US","potentialAction":[{"@type":"ReadAction","target":["https:\/\/drill-magnet.com\/de\/product\/magnetic-drill-stand-metabo-m100\/"]}]},{"@type":"ImageObject","inLanguage":"en-US","@id":"https:\/\/drill-magnet.com\/de\/product\/magnetic-drill-stand-metabo-m100\/#primaryimage","url":"https:\/\/drill-magnet.com\/de\/wp-content\/uploads\/2025\/02\/Magnetic-drill-stand-Metabo-M100.png","contentUrl":"https:\/\/drill-magnet.com\/de\/wp-content\/uploads\/2025\/02\/Magnetic-drill-stand-Metabo-M100.png","width":300,"height":300},{"@type":"BreadcrumbList","@id":"https:\/\/drill-magnet.com\/de\/product\/magnetic-drill-stand-metabo-m100\/#breadcrumb","itemListElement":[{"@type":"ListItem","position":1,"name":"Home","item":"https:\/\/drill-magnet.com\/de\/"},{"@type":"ListItem","position":2,"name":"Shop","item":"https:\/\/drill-magnet.com\/de\/shop\/"},{"@type":"ListItem","position":3,"name":"Magnetbohrst\u00c3\u00a4nder Metabo M100"}]},{"@type":"WebSite","@id":"https:\/\/drill-magnet.com\/de\/#website","url":"https:\/\/drill-magnet.com\/de\/","name":"RAHMANI Magnetic drill store group","description":"Buying and selling German, Polish, Belgian and\u00e2\u20ac\u00a6 Magnetic drill | Annular Cutter | Diamond Core Drilling |  Beveling Machine, along with guaranteed specialized repairs","publisher":{"@id":"https:\/\/drill-magnet.com\/de\/#organization"},"potentialAction":[{"@type":"SearchAction","target":{"@type":"EntryPoint","urlTemplate":"https:\/\/drill-magnet.com\/de\/?s={search_term_string}"},"query-input":{"@type":"PropertyValueSpecification","valueRequired":true,"valueName":"search_term_string"}}],"inLanguage":"en-US"},{"@type":["Organization","Place"],"@id":"https:\/\/drill-magnet.com\/de\/#organization","name":"RAHMANI Magnetic drill store group","url":"https:\/\/drill-magnet.com\/de\/","logo":{"@id":"https:\/\/drill-magnet.com\/de\/product\/magnetic-drill-stand-metabo-m100\/#local-main-organization-logo"},"image":{"@id":"https:\/\/drill-magnet.com\/de\/product\/magnetic-drill-stand-metabo-m100\/#local-main-organization-logo"},"telephone":[],"openingHoursSpecification":[{"@type":"OpeningHoursSpecification","dayOfWeek":["Sunday","Monday","Tuesday","Wednesday","Thursday","Friday","Saturday"],"opens":"09:00","closes":"17:00"}]},{"@type":"ImageObject","inLanguage":"en-US","@id":"https:\/\/drill-magnet.com\/de\/product\/magnetic-drill-stand-metabo-m100\/#local-main-organization-logo","url":"https:\/\/drill-magnet.com\/de\/wp-content\/uploads\/2023\/11\/Rahmani-En-Logo-site.png","contentUrl":"https:\/\/drill-magnet.com\/de\/wp-content\/uploads\/2023\/11\/Rahmani-En-Logo-site.png","width":350,"height":100,"caption":"RAHMANI Magnetic drill store group"}]},"product_price_currency":"USD","og_availability":"instock","product_availability":"instock","product_condition":"new"},"_links":{"self":[{"href":"https:\/\/drill-magnet.com\/de\/wp-json\/wp\/v2\/product\/17373","targetHints":{"allow":["GET"]}}],"collection":[{"href":"https:\/\/drill-magnet.com\/de\/wp-json\/wp\/v2\/product"}],"about":[{"href":"https:\/\/drill-magnet.com\/de\/wp-json\/wp\/v2\/types\/product"}],"replies":[{"embeddable":true,"href":"https:\/\/drill-magnet.com\/de\/wp-json\/wp\/v2\/comments?post=17373"}],"version-history":[{"count":3,"href":"https:\/\/drill-magnet.com\/de\/wp-json\/wp\/v2\/product\/17373\/revisions"}],"predecessor-version":[{"id":17765,"href":"https:\/\/drill-magnet.com\/de\/wp-json\/wp\/v2\/product\/17373\/revisions\/17765"}],"wp:featuredmedia":[{"embeddable":true,"href":"https:\/\/drill-magnet.com\/de\/wp-json\/wp\/v2\/media\/17391"}],"wp:attachment":[{"href":"https:\/\/drill-magnet.com\/de\/wp-json\/wp\/v2\/media?parent=17373"}],"wp:term":[{"taxonomy":"product_brand","embeddable":true,"href":"https:\/\/drill-magnet.com\/de\/wp-json\/wp\/v2\/product_brand?post=17373"},{"taxonomy":"product_cat","embeddable":true,"href":"https:\/\/drill-magnet.com\/de\/wp-json\/wp\/v2\/product_cat?post=17373"},{"taxonomy":"product_tag","embeddable":true,"href":"https:\/\/drill-magnet.com\/de\/wp-json\/wp\/v2\/product_tag?post=17373"}],"curies":[{"name":"wp","href":"https:\/\/api.w.org\/{rel}","templated":true}]}}