{"id":17366,"date":"2025-02-21T19:00:15","date_gmt":"2025-02-21T20:00:15","guid":{"rendered":"https:\/\/drill-magnet.com\/en\/?post_type=product&#038;p=17366"},"modified":"2026-05-05T18:00:06","modified_gmt":"2026-05-05T18:00:06","slug":"magnetic-drill-stand-bosch-gmb-32","status":"publish","type":"product","link":"https:\/\/drill-magnet.com\/de\/product\/magnetic-drill-stand-bosch-gmb-32\/","title":{"rendered":"Magnetbohrst\u00c3\u00a4nder Bosch GMB 32"},"content":{"rendered":"<div class=\"product--description\">\n<h1 data-start=\"405\" data-end=\"443\"><strong data-start=\"409\" data-end=\"443\">Magnetbohrst\u00c3\u00a4nder Bosch GMB 32<\/strong><\/h1>\n<p data-start=\"445\" data-end=\"486\"><strong data-start=\"445\" data-end=\"486\">Hohe Haltekraft f\u00c3\u00bcr sicheres Arbeiten<\/strong><\/p>\n<p data-start=\"488\" data-end=\"903\">Magnetbohrst\u00c3\u00a4nder mit hoher Haltekraft des Magnetfu\u00c3\u0178es f\u00c3\u00bcr sicheres Arbeiten. Ideal f\u00c3\u00bcr Arbeiten an vertikalen und schr\u00c3\u00a4gen Fl\u00c3\u00a4chen sowie \u00c3\u0153berkopf.<br data-start=\"635\" data-end=\"638\" \/>Steckdose f\u00c3\u00bcr die Bohrmaschine mit Einschaltschutz: Die Bohrmaschine kann nur eingeschaltet werden, wenn der Magnetfu\u00c3\u0178 aktiviert ist.<br data-start=\"771\" data-end=\"774\" \/>Verbindungsschraube zwischen GBM 32-4 Professional und Bohrst\u00c3\u00a4nder erm\u00c3\u00b6glicht pr\u00c3\u00a4zises Bohren mit Kernbohrern.<br data-start=\"884\" data-end=\"887\" \/>Handwerkerkoffer<\/p>\n<h2 data-start=\"905\" data-end=\"1903\"><strong data-start=\"905\" data-end=\"956\">Technische Daten Magnetbohrst\u00c3\u00a4nder Bosch GMB 32<\/strong><\/h2>\n<p data-start=\"905\" data-end=\"1903\"><br data-start=\"956\" data-end=\"959\" \/>Breitenma\u00c3\u0178: 475 mm<br data-start=\"977\" data-end=\"980\" \/>L\u00c3\u00a4ngenma\u00c3\u0178: 475 mm<br data-start=\"997\" data-end=\"1000\" \/>Kernbohrdurchmesser, ab: 12 mm<br data-start=\"1030\" data-end=\"1033\" \/>Nennaufnahmeleistung: 95 W<br data-start=\"1059\" data-end=\"1062\" \/>Verpackungsma\u00c3\u0178e (Breite): 475 mm<br data-start=\"1094\" data-end=\"1097\" data-is-only-node=\"\" \/>Spannflansch-\u00c3\u02dc: 65 mm<br data-start=\"1118\" data-end=\"1121\" \/>Bezeichnung: Magnetbohrst\u00c3\u00a4nder GMB 32 Professional<br data-start=\"1171\" data-end=\"1174\" \/>Verpackungsma\u00c3\u0178e (H\u00c3\u00b6he): 213 mm<br data-start=\"1204\" data-end=\"1207\" \/>Verpackungsma\u00c3\u0178e (L\u00c3\u00a4nge): 475 mm<br data-start=\"1238\" data-end=\"1241\" \/>Benutzer-Vorteile inkl. Begr\u00c3\u00bcndung: Magnetbohrst\u00c3\u00a4nder mit hoher Haltekraft des Magnetfu\u00c3\u0178es f\u00c3\u00bcr sicheres Arbeiten, ideal f\u00c3\u00bcr Arbeiten an vertikalen und schr\u00c3\u00a4gen Fl\u00c3\u00a4chen sowie \u00c3\u0153berkopf, Steckdose f\u00c3\u00bcr die Bohrmaschine mit Einschaltschutz.<br data-start=\"1476\" data-end=\"1479\" \/>Die Bohrmaschine kann nur eingeschaltet werden, wenn der Magnetfu\u00c3\u0178 aktiviert ist<br data-start=\"1559\" data-end=\"1562\" \/>Magnetische Haltekraft: 25 kN<br data-start=\"1591\" data-end=\"1594\" \/>Spiralbohrer-\u00c3\u02dc: 32 mm<br data-start=\"1615\" data-end=\"1618\" \/>Teilungsbezeichnung: 71<br data-start=\"1641\" data-end=\"1644\" \/>Gewicht: 26,0 kg<br data-start=\"1660\" data-end=\"1663\" \/>Volumen: 48,058 dm\u00c2\u00b3<br data-start=\"1682\" data-end=\"1685\" \/>Arbeitshub, Z-Achse: 223 mm<br data-start=\"1712\" data-end=\"1715\" \/>Bruttogewicht: 29,440 kg<br data-start=\"1739\" data-end=\"1742\" \/>H\u00c3\u00b6henma\u00c3\u0178: 213 mm<br data-start=\"1758\" data-end=\"1761\" \/>Kernbohrer-\u00c3\u02dc: 12 &#8211; 60 mm<br data-start=\"1785\" data-end=\"1788\" \/>Nettogewicht: 18,580 kg<br data-start=\"1811\" data-end=\"1814\" \/>Verpackungsma\u00c3\u0178e (L\u00c3\u00a4nge)\/(Breite)\/(H\u00c3\u00b6he): 475x475x213 mm<br data-start=\"1869\" data-end=\"1872\" \/>Kernbohrdurchmesser, bis: 60 mm<\/p>\n<\/div>\n","protected":false},"excerpt":{"rendered":"<p>Magnetbohrst\u00c3\u00a4nder Bosch GMB 32 Hohe Haltekraft f\u00c3\u00bcr sicheres Arbeiten Magnetbohrst\u00c3\u00a4nder mit hoher Haltekraft des Magnetfu\u00c3\u0178es f\u00c3\u00bcr sicheres Arbeiten. Ideal f\u00c3\u00bcr<\/p>\n","protected":false},"featured_media":17394,"comment_status":"open","ping_status":"closed","template":"","meta":[],"product_brand":[490],"product_cat":[448,486],"product_tag":[476],"class_list":{"0":"post-17366","1":"product","2":"type-product","3":"status-publish","4":"has-post-thumbnail","6":"product_brand-bosch","7":"product_cat-magnetbohrstander","8":"product_cat-related-products-to-a-drill","9":"product_tag-magnetic-drill-stand-bosch-gmb-32","11":"first","12":"instock","13":"shipping-taxable","14":"product-type-simple"},"yoast_head":"<!-- This site is optimized with the Yoast SEO Premium plugin v23.9 (Yoast SEO v26.1.1) - https:\/\/yoast.com\/wordpress\/plugins\/seo\/ -->\n<title>Magnetbohrst\u00c3\u00a4nder Bosch GMB 32 - RAHMANI Magnetic drill store group<\/title>\n<meta name=\"description\" content=\"Magnetic Drill Stand Bosch GMB 32 Magnetic drill stand with high holding force of the magnetic base for safe working. Ideal for working on vertical and sloping surfaces as well as overhead.\" \/>\n<meta name=\"robots\" content=\"index, follow, max-snippet:-1, max-image-preview:large, max-video-preview:-1\" \/>\n<link rel=\"canonical\" href=\"https:\/\/drill-magnet.com\/de\/product\/magnetic-drill-stand-bosch-gmb-32\/\" \/>\n<meta property=\"og:locale\" content=\"en_US\" \/>\n<meta property=\"og:type\" content=\"article\" \/>\n<meta property=\"og:title\" content=\"Magnetbohrst\u00c3\u00a4nder Bosch GMB 32\" \/>\n<meta property=\"og:description\" content=\"Magnetic Drill Stand Bosch GMB 32 Magnetic drill stand with high holding force of the magnetic base for safe working. Ideal for working on vertical and sloping surfaces as well as overhead.\" \/>\n<meta property=\"og:url\" content=\"https:\/\/drill-magnet.com\/de\/product\/magnetic-drill-stand-bosch-gmb-32\/\" \/>\n<meta property=\"og:site_name\" content=\"RAHMANI Magnetic drill store group\" \/>\n<meta property=\"article:modified_time\" content=\"2026-05-05T18:00:06+00:00\" \/>\n<meta property=\"og:image\" content=\"https:\/\/drill-magnet.com\/de\/wp-content\/uploads\/2025\/02\/Magnetic-Drill-Stand-Bosch-GMB-32.png\" \/>\n\t<meta property=\"og:image:width\" content=\"300\" \/>\n\t<meta property=\"og:image:height\" content=\"300\" \/>\n\t<meta property=\"og:image:type\" content=\"image\/png\" \/>\n<meta name=\"twitter:card\" content=\"summary_large_image\" \/>\n<meta name=\"twitter:label1\" content=\"Price\" \/>\n\t<meta name=\"twitter:data1\" content=\"\" \/>\n\t<meta name=\"twitter:label2\" content=\"Availability\" \/>\n\t<meta name=\"twitter:data2\" content=\"In stock\" \/>\n<script type=\"application\/ld+json\" class=\"yoast-schema-graph\">{\"@context\":\"https:\/\/schema.org\",\"@graph\":[{\"@type\":\"WebPage\",\"@id\":\"https:\/\/drill-magnet.com\/de\/product\/magnetic-drill-stand-bosch-gmb-32\/\",\"url\":\"https:\/\/drill-magnet.com\/de\/product\/magnetic-drill-stand-bosch-gmb-32\/\",\"name\":\"Magnetbohrst\u00c3\u00a4nder Bosch GMB 32 - RAHMANI Magnetic drill store group\",\"isPartOf\":{\"@id\":\"https:\/\/drill-magnet.com\/de\/#website\"},\"primaryImageOfPage\":{\"@id\":\"https:\/\/drill-magnet.com\/de\/product\/magnetic-drill-stand-bosch-gmb-32\/#primaryimage\"},\"image\":{\"@id\":\"https:\/\/drill-magnet.com\/de\/product\/magnetic-drill-stand-bosch-gmb-32\/#primaryimage\"},\"thumbnailUrl\":\"https:\/\/drill-magnet.com\/de\/wp-content\/uploads\/2025\/02\/Magnetic-Drill-Stand-Bosch-GMB-32.png\",\"datePublished\":\"2025-02-21T20:00:15+00:00\",\"dateModified\":\"2026-05-05T18:00:06+00:00\",\"description\":\"Magnetic Drill Stand Bosch GMB 32 Magnetic drill stand with high holding force of the magnetic base for safe working. Ideal for working on vertical and sloping surfaces as well as overhead.\",\"breadcrumb\":{\"@id\":\"https:\/\/drill-magnet.com\/de\/product\/magnetic-drill-stand-bosch-gmb-32\/#breadcrumb\"},\"inLanguage\":\"en-US\",\"potentialAction\":[{\"@type\":\"ReadAction\",\"target\":[\"https:\/\/drill-magnet.com\/de\/product\/magnetic-drill-stand-bosch-gmb-32\/\"]}]},{\"@type\":\"ImageObject\",\"inLanguage\":\"en-US\",\"@id\":\"https:\/\/drill-magnet.com\/de\/product\/magnetic-drill-stand-bosch-gmb-32\/#primaryimage\",\"url\":\"https:\/\/drill-magnet.com\/de\/wp-content\/uploads\/2025\/02\/Magnetic-Drill-Stand-Bosch-GMB-32.png\",\"contentUrl\":\"https:\/\/drill-magnet.com\/de\/wp-content\/uploads\/2025\/02\/Magnetic-Drill-Stand-Bosch-GMB-32.png\",\"width\":300,\"height\":300,\"caption\":\"Magnetic Drill Stand Bosch GMB 32\"},{\"@type\":\"BreadcrumbList\",\"@id\":\"https:\/\/drill-magnet.com\/de\/product\/magnetic-drill-stand-bosch-gmb-32\/#breadcrumb\",\"itemListElement\":[{\"@type\":\"ListItem\",\"position\":1,\"name\":\"Home\",\"item\":\"https:\/\/drill-magnet.com\/de\/\"},{\"@type\":\"ListItem\",\"position\":2,\"name\":\"Shop\",\"item\":\"https:\/\/drill-magnet.com\/de\/shop\/\"},{\"@type\":\"ListItem\",\"position\":3,\"name\":\"Magnetbohrst\u00c3\u00a4nder Bosch GMB 32\"}]},{\"@type\":\"WebSite\",\"@id\":\"https:\/\/drill-magnet.com\/de\/#website\",\"url\":\"https:\/\/drill-magnet.com\/de\/\",\"name\":\"RAHMANI Magnetic drill store group\",\"description\":\"Buying and selling German, Polish, Belgian and\u00e2\u20ac\u00a6 Magnetic drill | Annular Cutter | Diamond Core Drilling |  Beveling Machine, along with guaranteed specialized repairs\",\"publisher\":{\"@id\":\"https:\/\/drill-magnet.com\/de\/#organization\"},\"potentialAction\":[{\"@type\":\"SearchAction\",\"target\":{\"@type\":\"EntryPoint\",\"urlTemplate\":\"https:\/\/drill-magnet.com\/de\/?s={search_term_string}\"},\"query-input\":{\"@type\":\"PropertyValueSpecification\",\"valueRequired\":true,\"valueName\":\"search_term_string\"}}],\"inLanguage\":\"en-US\"},{\"@type\":[\"Organization\",\"Place\"],\"@id\":\"https:\/\/drill-magnet.com\/de\/#organization\",\"name\":\"RAHMANI Magnetic drill store group\",\"url\":\"https:\/\/drill-magnet.com\/de\/\",\"logo\":{\"@id\":\"https:\/\/drill-magnet.com\/de\/product\/magnetic-drill-stand-bosch-gmb-32\/#local-main-organization-logo\"},\"image\":{\"@id\":\"https:\/\/drill-magnet.com\/de\/product\/magnetic-drill-stand-bosch-gmb-32\/#local-main-organization-logo\"},\"telephone\":[],\"openingHoursSpecification\":[{\"@type\":\"OpeningHoursSpecification\",\"dayOfWeek\":[\"Sunday\",\"Monday\",\"Tuesday\",\"Wednesday\",\"Thursday\",\"Friday\",\"Saturday\"],\"opens\":\"09:00\",\"closes\":\"17:00\"}]},{\"@type\":\"ImageObject\",\"inLanguage\":\"en-US\",\"@id\":\"https:\/\/drill-magnet.com\/de\/product\/magnetic-drill-stand-bosch-gmb-32\/#local-main-organization-logo\",\"url\":\"https:\/\/drill-magnet.com\/de\/wp-content\/uploads\/2023\/11\/Rahmani-En-Logo-site.png\",\"contentUrl\":\"https:\/\/drill-magnet.com\/de\/wp-content\/uploads\/2023\/11\/Rahmani-En-Logo-site.png\",\"width\":350,\"height\":100,\"caption\":\"RAHMANI Magnetic drill store group\"}]}<\/script>\n<meta property=\"product:price:amount\" content=\"0\" \/>\n<meta property=\"product:price:currency\" content=\"USD\" \/>\n<meta property=\"og:availability\" content=\"instock\" \/>\n<meta property=\"product:availability\" content=\"instock\" \/>\n<meta property=\"product:condition\" content=\"new\" \/>\n<!-- \/ Yoast SEO Premium plugin. -->","yoast_head_json":{"title":"Magnetbohrst\u00c3\u00a4nder Bosch GMB 32 - RAHMANI Magnetic drill store group","description":"Magnetic Drill Stand Bosch GMB 32 Magnetic drill stand with high holding force of the magnetic base for safe working. Ideal for working on vertical and sloping surfaces as well as overhead.","robots":{"index":"index","follow":"follow","max-snippet":"max-snippet:-1","max-image-preview":"max-image-preview:large","max-video-preview":"max-video-preview:-1"},"canonical":"https:\/\/drill-magnet.com\/de\/product\/magnetic-drill-stand-bosch-gmb-32\/","og_locale":"en_US","og_type":"article","og_title":"Magnetbohrst\u00c3\u00a4nder Bosch GMB 32","og_description":"Magnetic Drill Stand Bosch GMB 32 Magnetic drill stand with high holding force of the magnetic base for safe working. Ideal for working on vertical and sloping surfaces as well as overhead.","og_url":"https:\/\/drill-magnet.com\/de\/product\/magnetic-drill-stand-bosch-gmb-32\/","og_site_name":"RAHMANI Magnetic drill store group","article_modified_time":"2026-05-05T18:00:06+00:00","og_image":[{"width":300,"height":300,"url":"https:\/\/drill-magnet.com\/de\/wp-content\/uploads\/2025\/02\/Magnetic-Drill-Stand-Bosch-GMB-32.png","type":"image\/png"}],"twitter_card":"summary_large_image","twitter_misc":{"Price":"","Availability":"In stock"},"schema":{"@context":"https:\/\/schema.org","@graph":[{"@type":"WebPage","@id":"https:\/\/drill-magnet.com\/de\/product\/magnetic-drill-stand-bosch-gmb-32\/","url":"https:\/\/drill-magnet.com\/de\/product\/magnetic-drill-stand-bosch-gmb-32\/","name":"Magnetbohrst\u00c3\u00a4nder Bosch GMB 32 - RAHMANI Magnetic drill store group","isPartOf":{"@id":"https:\/\/drill-magnet.com\/de\/#website"},"primaryImageOfPage":{"@id":"https:\/\/drill-magnet.com\/de\/product\/magnetic-drill-stand-bosch-gmb-32\/#primaryimage"},"image":{"@id":"https:\/\/drill-magnet.com\/de\/product\/magnetic-drill-stand-bosch-gmb-32\/#primaryimage"},"thumbnailUrl":"https:\/\/drill-magnet.com\/de\/wp-content\/uploads\/2025\/02\/Magnetic-Drill-Stand-Bosch-GMB-32.png","datePublished":"2025-02-21T20:00:15+00:00","dateModified":"2026-05-05T18:00:06+00:00","description":"Magnetic Drill Stand Bosch GMB 32 Magnetic drill stand with high holding force of the magnetic base for safe working. Ideal for working on vertical and sloping surfaces as well as overhead.","breadcrumb":{"@id":"https:\/\/drill-magnet.com\/de\/product\/magnetic-drill-stand-bosch-gmb-32\/#breadcrumb"},"inLanguage":"en-US","potentialAction":[{"@type":"ReadAction","target":["https:\/\/drill-magnet.com\/de\/product\/magnetic-drill-stand-bosch-gmb-32\/"]}]},{"@type":"ImageObject","inLanguage":"en-US","@id":"https:\/\/drill-magnet.com\/de\/product\/magnetic-drill-stand-bosch-gmb-32\/#primaryimage","url":"https:\/\/drill-magnet.com\/de\/wp-content\/uploads\/2025\/02\/Magnetic-Drill-Stand-Bosch-GMB-32.png","contentUrl":"https:\/\/drill-magnet.com\/de\/wp-content\/uploads\/2025\/02\/Magnetic-Drill-Stand-Bosch-GMB-32.png","width":300,"height":300,"caption":"Magnetic Drill Stand Bosch GMB 32"},{"@type":"BreadcrumbList","@id":"https:\/\/drill-magnet.com\/de\/product\/magnetic-drill-stand-bosch-gmb-32\/#breadcrumb","itemListElement":[{"@type":"ListItem","position":1,"name":"Home","item":"https:\/\/drill-magnet.com\/de\/"},{"@type":"ListItem","position":2,"name":"Shop","item":"https:\/\/drill-magnet.com\/de\/shop\/"},{"@type":"ListItem","position":3,"name":"Magnetbohrst\u00c3\u00a4nder Bosch GMB 32"}]},{"@type":"WebSite","@id":"https:\/\/drill-magnet.com\/de\/#website","url":"https:\/\/drill-magnet.com\/de\/","name":"RAHMANI Magnetic drill store group","description":"Buying and selling German, Polish, Belgian and\u00e2\u20ac\u00a6 Magnetic drill | Annular Cutter | Diamond Core Drilling |  Beveling Machine, along with guaranteed specialized repairs","publisher":{"@id":"https:\/\/drill-magnet.com\/de\/#organization"},"potentialAction":[{"@type":"SearchAction","target":{"@type":"EntryPoint","urlTemplate":"https:\/\/drill-magnet.com\/de\/?s={search_term_string}"},"query-input":{"@type":"PropertyValueSpecification","valueRequired":true,"valueName":"search_term_string"}}],"inLanguage":"en-US"},{"@type":["Organization","Place"],"@id":"https:\/\/drill-magnet.com\/de\/#organization","name":"RAHMANI Magnetic drill store group","url":"https:\/\/drill-magnet.com\/de\/","logo":{"@id":"https:\/\/drill-magnet.com\/de\/product\/magnetic-drill-stand-bosch-gmb-32\/#local-main-organization-logo"},"image":{"@id":"https:\/\/drill-magnet.com\/de\/product\/magnetic-drill-stand-bosch-gmb-32\/#local-main-organization-logo"},"telephone":[],"openingHoursSpecification":[{"@type":"OpeningHoursSpecification","dayOfWeek":["Sunday","Monday","Tuesday","Wednesday","Thursday","Friday","Saturday"],"opens":"09:00","closes":"17:00"}]},{"@type":"ImageObject","inLanguage":"en-US","@id":"https:\/\/drill-magnet.com\/de\/product\/magnetic-drill-stand-bosch-gmb-32\/#local-main-organization-logo","url":"https:\/\/drill-magnet.com\/de\/wp-content\/uploads\/2023\/11\/Rahmani-En-Logo-site.png","contentUrl":"https:\/\/drill-magnet.com\/de\/wp-content\/uploads\/2023\/11\/Rahmani-En-Logo-site.png","width":350,"height":100,"caption":"RAHMANI Magnetic drill store group"}]},"product_price_currency":"USD","og_availability":"instock","product_availability":"instock","product_condition":"new"},"_links":{"self":[{"href":"https:\/\/drill-magnet.com\/de\/wp-json\/wp\/v2\/product\/17366","targetHints":{"allow":["GET"]}}],"collection":[{"href":"https:\/\/drill-magnet.com\/de\/wp-json\/wp\/v2\/product"}],"about":[{"href":"https:\/\/drill-magnet.com\/de\/wp-json\/wp\/v2\/types\/product"}],"replies":[{"embeddable":true,"href":"https:\/\/drill-magnet.com\/de\/wp-json\/wp\/v2\/comments?post=17366"}],"version-history":[{"count":3,"href":"https:\/\/drill-magnet.com\/de\/wp-json\/wp\/v2\/product\/17366\/revisions"}],"predecessor-version":[{"id":17738,"href":"https:\/\/drill-magnet.com\/de\/wp-json\/wp\/v2\/product\/17366\/revisions\/17738"}],"wp:featuredmedia":[{"embeddable":true,"href":"https:\/\/drill-magnet.com\/de\/wp-json\/wp\/v2\/media\/17394"}],"wp:attachment":[{"href":"https:\/\/drill-magnet.com\/de\/wp-json\/wp\/v2\/media?parent=17366"}],"wp:term":[{"taxonomy":"product_brand","embeddable":true,"href":"https:\/\/drill-magnet.com\/de\/wp-json\/wp\/v2\/product_brand?post=17366"},{"taxonomy":"product_cat","embeddable":true,"href":"https:\/\/drill-magnet.com\/de\/wp-json\/wp\/v2\/product_cat?post=17366"},{"taxonomy":"product_tag","embeddable":true,"href":"https:\/\/drill-magnet.com\/de\/wp-json\/wp\/v2\/product_tag?post=17366"}],"curies":[{"name":"wp","href":"https:\/\/api.w.org\/{rel}","templated":true}]}}