{"id":17362,"date":"2025-02-21T18:57:27","date_gmt":"2025-02-21T19:57:27","guid":{"rendered":"https:\/\/drill-magnet.com\/en\/?post_type=product&#038;p=17362"},"modified":"2025-08-05T19:50:57","modified_gmt":"2025-08-05T19:50:57","slug":"magnetic-drill-stand-eibenstock-10-036-11","status":"publish","type":"product","link":"https:\/\/drill-magnet.com\/de\/product\/magnetic-drill-stand-eibenstock-10-036-11\/","title":{"rendered":"Magnetbohrst\u00c3\u00a4nder Eibenstock"},"content":{"rendered":"<h1 data-start=\"150\" data-end=\"182\"><strong data-start=\"150\" data-end=\"182\">Magnetbohrst\u00c3\u00a4nder Eibenstock<\/strong><\/h1>\n<p data-start=\"184\" data-end=\"325\">Der eingebaute Schutz verhindert ein unbeabsichtigtes Einschalten der Bohrmaschine.<br data-start=\"267\" data-end=\"270\" \/>Sehr starke Magnetkraft und Drehkreuz mit langen Armen.<\/p>\n<h3 data-start=\"327\" data-end=\"780\"><strong data-start=\"327\" data-end=\"339\">Features<\/strong><\/h3>\n<p data-start=\"327\" data-end=\"780\">Sicheres Bohren und Fr\u00c3\u00a4sen \u00c3\u00bcber Kopf und an schr\u00c3\u00a4gen Stahlfl\u00c3\u00a4chen<br data-start=\"407\" data-end=\"410\" \/>Metallbau, Maschinen-, Anlagen- und Fahrzeugbau<br data-start=\"457\" data-end=\"460\" \/>Verbindungsschraube Bohrst\u00c3\u00a4nder\/Kernbohrmotor f\u00c3\u00bcr pr\u00c3\u00a4zise F\u00c3\u00bchrung \u00e2\u20ac\u201c besonders beim Kernlochbohren \u00e2\u20ac\u201c Schutz gegen Verdrehen<br data-start=\"582\" data-end=\"585\" \/>Grundplatte mit hoher Magnetkraft \u00e2\u20ac\u201c sicheres Arbeiten<br data-start=\"638\" data-end=\"641\" \/>Robuste Ausf\u00c3\u00bchrung mit solider, langlebiger Schwalbenschwanzf\u00c3\u00bchrung<br data-start=\"708\" data-end=\"711\" \/>Geeignet f\u00c3\u00bcr die Modelle EIBENSTOCK EHB 32\/2.2 R R\/L und EHB 32\/4.2<\/p>\n<h3 data-start=\"782\" data-end=\"1079\"><strong data-start=\"782\" data-end=\"831\">Technische Daten Magnetbohrst\u00c3\u00a4nder Eibenstock<\/strong><\/h3>\n<ul>\n<li>Fu\u00c3\u0178ma\u00c3\u0178e: 220 x 110 mm<\/li>\n<li>Steckdosen: max. 16 A<\/li>\n<li>Gewicht: 17 kg<\/li>\n<li>H\u00c3\u00b6he: 409 mm<\/li>\n<li>Bohrdurchmesser: Spiralbohrer 32 mm \/ Kernbohrer 100 mm \/ Kegel M 20<\/li>\n<li>Nutzhub: 180 mm<\/li>\n<li>Klemmhalsdurchmesser: 65 mm<\/li>\n<li>Haltekraft: 16000 N<\/li>\n<li>Leistungsaufnahme: 110 W<\/li>\n<\/ul>\n","protected":false},"excerpt":{"rendered":"<p>Magnetbohrst\u00c3\u00a4nder Eibenstock Der eingebaute Schutz verhindert ein unbeabsichtigtes Einschalten der Bohrmaschine.Sehr starke Magnetkraft und Drehkreuz mit langen Armen. Features Sicheres<\/p>\n","protected":false},"featured_media":17380,"comment_status":"open","ping_status":"closed","template":"","meta":[],"product_brand":[488],"product_cat":[448,486],"product_tag":[475],"class_list":{"0":"post-17362","1":"product","2":"type-product","3":"status-publish","4":"has-post-thumbnail","6":"product_brand-eibenstock","7":"product_cat-magnetbohrstander","8":"product_cat-related-products-to-a-drill","9":"product_tag-magnetic-drill-stand-eibenstock","11":"first","12":"instock","13":"shipping-taxable","14":"product-type-simple"},"yoast_head":"<!-- This site is optimized with the Yoast SEO Premium plugin v23.9 (Yoast SEO v26.1.1) - https:\/\/yoast.com\/wordpress\/plugins\/seo\/ -->\n<title>Magnetbohrst\u00c3\u00a4nder Eibenstock - RAHMANI Magnetic drill store group<\/title>\n<meta name=\"description\" content=\"Magnetic drill stand Eibenstock The built-in protection prevents the drilling machine from being switched on accidentally.Very strong magnetic force and turnstile with long arms.\" \/>\n<meta name=\"robots\" content=\"index, follow, max-snippet:-1, max-image-preview:large, max-video-preview:-1\" \/>\n<link rel=\"canonical\" href=\"https:\/\/drill-magnet.com\/de\/product\/magnetic-drill-stand-eibenstock-10-036-11\/\" \/>\n<meta property=\"og:locale\" content=\"en_US\" \/>\n<meta property=\"og:type\" content=\"article\" \/>\n<meta property=\"og:title\" content=\"Magnetbohrst\u00c3\u00a4nder Eibenstock\" \/>\n<meta property=\"og:description\" content=\"Magnetic drill stand Eibenstock The built-in protection prevents the drilling machine from being switched on accidentally.Very strong magnetic force and turnstile with long arms.\" \/>\n<meta property=\"og:url\" content=\"https:\/\/drill-magnet.com\/de\/product\/magnetic-drill-stand-eibenstock-10-036-11\/\" \/>\n<meta property=\"og:site_name\" content=\"RAHMANI Magnetic drill store group\" \/>\n<meta property=\"article:modified_time\" content=\"2025-08-05T19:50:57+00:00\" \/>\n<meta property=\"og:image\" content=\"https:\/\/drill-magnet.com\/de\/wp-content\/uploads\/2025\/02\/Magnetic-drill-stand-Eibenstock.png\" \/>\n\t<meta property=\"og:image:width\" content=\"300\" \/>\n\t<meta property=\"og:image:height\" content=\"300\" \/>\n\t<meta property=\"og:image:type\" content=\"image\/png\" \/>\n<meta name=\"twitter:card\" content=\"summary_large_image\" \/>\n<meta name=\"twitter:label1\" content=\"Price\" \/>\n\t<meta name=\"twitter:data1\" content=\"\" \/>\n\t<meta name=\"twitter:label2\" content=\"Availability\" \/>\n\t<meta name=\"twitter:data2\" content=\"In stock\" \/>\n<script type=\"application\/ld+json\" class=\"yoast-schema-graph\">{\"@context\":\"https:\/\/schema.org\",\"@graph\":[{\"@type\":\"WebPage\",\"@id\":\"https:\/\/drill-magnet.com\/de\/product\/magnetic-drill-stand-eibenstock-10-036-11\/\",\"url\":\"https:\/\/drill-magnet.com\/de\/product\/magnetic-drill-stand-eibenstock-10-036-11\/\",\"name\":\"Magnetbohrst\u00c3\u00a4nder Eibenstock - RAHMANI Magnetic drill store group\",\"isPartOf\":{\"@id\":\"https:\/\/drill-magnet.com\/de\/#website\"},\"primaryImageOfPage\":{\"@id\":\"https:\/\/drill-magnet.com\/de\/product\/magnetic-drill-stand-eibenstock-10-036-11\/#primaryimage\"},\"image\":{\"@id\":\"https:\/\/drill-magnet.com\/de\/product\/magnetic-drill-stand-eibenstock-10-036-11\/#primaryimage\"},\"thumbnailUrl\":\"https:\/\/drill-magnet.com\/de\/wp-content\/uploads\/2025\/02\/Magnetic-drill-stand-Eibenstock.png\",\"datePublished\":\"2025-02-21T19:57:27+00:00\",\"dateModified\":\"2025-08-05T19:50:57+00:00\",\"description\":\"Magnetic drill stand Eibenstock The built-in protection prevents the drilling machine from being switched on accidentally.Very strong magnetic force and turnstile with long arms.\",\"breadcrumb\":{\"@id\":\"https:\/\/drill-magnet.com\/de\/product\/magnetic-drill-stand-eibenstock-10-036-11\/#breadcrumb\"},\"inLanguage\":\"en-US\",\"potentialAction\":[{\"@type\":\"ReadAction\",\"target\":[\"https:\/\/drill-magnet.com\/de\/product\/magnetic-drill-stand-eibenstock-10-036-11\/\"]}]},{\"@type\":\"ImageObject\",\"inLanguage\":\"en-US\",\"@id\":\"https:\/\/drill-magnet.com\/de\/product\/magnetic-drill-stand-eibenstock-10-036-11\/#primaryimage\",\"url\":\"https:\/\/drill-magnet.com\/de\/wp-content\/uploads\/2025\/02\/Magnetic-drill-stand-Eibenstock.png\",\"contentUrl\":\"https:\/\/drill-magnet.com\/de\/wp-content\/uploads\/2025\/02\/Magnetic-drill-stand-Eibenstock.png\",\"width\":300,\"height\":300,\"caption\":\"Magnetic-drill-stand-Eibenstock\"},{\"@type\":\"BreadcrumbList\",\"@id\":\"https:\/\/drill-magnet.com\/de\/product\/magnetic-drill-stand-eibenstock-10-036-11\/#breadcrumb\",\"itemListElement\":[{\"@type\":\"ListItem\",\"position\":1,\"name\":\"Home\",\"item\":\"https:\/\/drill-magnet.com\/de\/\"},{\"@type\":\"ListItem\",\"position\":2,\"name\":\"Shop\",\"item\":\"https:\/\/drill-magnet.com\/de\/shop\/\"},{\"@type\":\"ListItem\",\"position\":3,\"name\":\"Magnetbohrst\u00c3\u00a4nder Eibenstock\"}]},{\"@type\":\"WebSite\",\"@id\":\"https:\/\/drill-magnet.com\/de\/#website\",\"url\":\"https:\/\/drill-magnet.com\/de\/\",\"name\":\"RAHMANI Magnetic drill store group\",\"description\":\"Buying and selling German, Polish, Belgian and\u00e2\u20ac\u00a6 Magnetic drill | Annular Cutter | Diamond Core Drilling |  Beveling Machine, along with guaranteed specialized repairs\",\"publisher\":{\"@id\":\"https:\/\/drill-magnet.com\/de\/#organization\"},\"potentialAction\":[{\"@type\":\"SearchAction\",\"target\":{\"@type\":\"EntryPoint\",\"urlTemplate\":\"https:\/\/drill-magnet.com\/de\/?s={search_term_string}\"},\"query-input\":{\"@type\":\"PropertyValueSpecification\",\"valueRequired\":true,\"valueName\":\"search_term_string\"}}],\"inLanguage\":\"en-US\"},{\"@type\":[\"Organization\",\"Place\"],\"@id\":\"https:\/\/drill-magnet.com\/de\/#organization\",\"name\":\"RAHMANI Magnetic drill store group\",\"url\":\"https:\/\/drill-magnet.com\/de\/\",\"logo\":{\"@id\":\"https:\/\/drill-magnet.com\/de\/product\/magnetic-drill-stand-eibenstock-10-036-11\/#local-main-organization-logo\"},\"image\":{\"@id\":\"https:\/\/drill-magnet.com\/de\/product\/magnetic-drill-stand-eibenstock-10-036-11\/#local-main-organization-logo\"},\"telephone\":[],\"openingHoursSpecification\":[{\"@type\":\"OpeningHoursSpecification\",\"dayOfWeek\":[\"Sunday\",\"Monday\",\"Tuesday\",\"Wednesday\",\"Thursday\",\"Friday\",\"Saturday\"],\"opens\":\"09:00\",\"closes\":\"17:00\"}]},{\"@type\":\"ImageObject\",\"inLanguage\":\"en-US\",\"@id\":\"https:\/\/drill-magnet.com\/de\/product\/magnetic-drill-stand-eibenstock-10-036-11\/#local-main-organization-logo\",\"url\":\"https:\/\/drill-magnet.com\/de\/wp-content\/uploads\/2023\/11\/Rahmani-En-Logo-site.png\",\"contentUrl\":\"https:\/\/drill-magnet.com\/de\/wp-content\/uploads\/2023\/11\/Rahmani-En-Logo-site.png\",\"width\":350,\"height\":100,\"caption\":\"RAHMANI Magnetic drill store group\"}]}<\/script>\n<meta property=\"product:price:amount\" content=\"0\" \/>\n<meta property=\"product:price:currency\" content=\"USD\" \/>\n<meta property=\"og:availability\" content=\"instock\" \/>\n<meta property=\"product:availability\" content=\"instock\" \/>\n<meta property=\"product:condition\" content=\"new\" \/>\n<!-- \/ Yoast SEO Premium plugin. -->","yoast_head_json":{"title":"Magnetbohrst\u00c3\u00a4nder Eibenstock - RAHMANI Magnetic drill store group","description":"Magnetic drill stand Eibenstock The built-in protection prevents the drilling machine from being switched on accidentally.Very strong magnetic force and turnstile with long arms.","robots":{"index":"index","follow":"follow","max-snippet":"max-snippet:-1","max-image-preview":"max-image-preview:large","max-video-preview":"max-video-preview:-1"},"canonical":"https:\/\/drill-magnet.com\/de\/product\/magnetic-drill-stand-eibenstock-10-036-11\/","og_locale":"en_US","og_type":"article","og_title":"Magnetbohrst\u00c3\u00a4nder Eibenstock","og_description":"Magnetic drill stand Eibenstock The built-in protection prevents the drilling machine from being switched on accidentally.Very strong magnetic force and turnstile with long arms.","og_url":"https:\/\/drill-magnet.com\/de\/product\/magnetic-drill-stand-eibenstock-10-036-11\/","og_site_name":"RAHMANI Magnetic drill store group","article_modified_time":"2025-08-05T19:50:57+00:00","og_image":[{"width":300,"height":300,"url":"https:\/\/drill-magnet.com\/de\/wp-content\/uploads\/2025\/02\/Magnetic-drill-stand-Eibenstock.png","type":"image\/png"}],"twitter_card":"summary_large_image","twitter_misc":{"Price":"","Availability":"In stock"},"schema":{"@context":"https:\/\/schema.org","@graph":[{"@type":"WebPage","@id":"https:\/\/drill-magnet.com\/de\/product\/magnetic-drill-stand-eibenstock-10-036-11\/","url":"https:\/\/drill-magnet.com\/de\/product\/magnetic-drill-stand-eibenstock-10-036-11\/","name":"Magnetbohrst\u00c3\u00a4nder Eibenstock - RAHMANI Magnetic drill store group","isPartOf":{"@id":"https:\/\/drill-magnet.com\/de\/#website"},"primaryImageOfPage":{"@id":"https:\/\/drill-magnet.com\/de\/product\/magnetic-drill-stand-eibenstock-10-036-11\/#primaryimage"},"image":{"@id":"https:\/\/drill-magnet.com\/de\/product\/magnetic-drill-stand-eibenstock-10-036-11\/#primaryimage"},"thumbnailUrl":"https:\/\/drill-magnet.com\/de\/wp-content\/uploads\/2025\/02\/Magnetic-drill-stand-Eibenstock.png","datePublished":"2025-02-21T19:57:27+00:00","dateModified":"2025-08-05T19:50:57+00:00","description":"Magnetic drill stand Eibenstock The built-in protection prevents the drilling machine from being switched on accidentally.Very strong magnetic force and turnstile with long arms.","breadcrumb":{"@id":"https:\/\/drill-magnet.com\/de\/product\/magnetic-drill-stand-eibenstock-10-036-11\/#breadcrumb"},"inLanguage":"en-US","potentialAction":[{"@type":"ReadAction","target":["https:\/\/drill-magnet.com\/de\/product\/magnetic-drill-stand-eibenstock-10-036-11\/"]}]},{"@type":"ImageObject","inLanguage":"en-US","@id":"https:\/\/drill-magnet.com\/de\/product\/magnetic-drill-stand-eibenstock-10-036-11\/#primaryimage","url":"https:\/\/drill-magnet.com\/de\/wp-content\/uploads\/2025\/02\/Magnetic-drill-stand-Eibenstock.png","contentUrl":"https:\/\/drill-magnet.com\/de\/wp-content\/uploads\/2025\/02\/Magnetic-drill-stand-Eibenstock.png","width":300,"height":300,"caption":"Magnetic-drill-stand-Eibenstock"},{"@type":"BreadcrumbList","@id":"https:\/\/drill-magnet.com\/de\/product\/magnetic-drill-stand-eibenstock-10-036-11\/#breadcrumb","itemListElement":[{"@type":"ListItem","position":1,"name":"Home","item":"https:\/\/drill-magnet.com\/de\/"},{"@type":"ListItem","position":2,"name":"Shop","item":"https:\/\/drill-magnet.com\/de\/shop\/"},{"@type":"ListItem","position":3,"name":"Magnetbohrst\u00c3\u00a4nder Eibenstock"}]},{"@type":"WebSite","@id":"https:\/\/drill-magnet.com\/de\/#website","url":"https:\/\/drill-magnet.com\/de\/","name":"RAHMANI Magnetic drill store group","description":"Buying and selling German, Polish, Belgian and\u00e2\u20ac\u00a6 Magnetic drill | Annular Cutter | Diamond Core Drilling |  Beveling Machine, along with guaranteed specialized repairs","publisher":{"@id":"https:\/\/drill-magnet.com\/de\/#organization"},"potentialAction":[{"@type":"SearchAction","target":{"@type":"EntryPoint","urlTemplate":"https:\/\/drill-magnet.com\/de\/?s={search_term_string}"},"query-input":{"@type":"PropertyValueSpecification","valueRequired":true,"valueName":"search_term_string"}}],"inLanguage":"en-US"},{"@type":["Organization","Place"],"@id":"https:\/\/drill-magnet.com\/de\/#organization","name":"RAHMANI Magnetic drill store group","url":"https:\/\/drill-magnet.com\/de\/","logo":{"@id":"https:\/\/drill-magnet.com\/de\/product\/magnetic-drill-stand-eibenstock-10-036-11\/#local-main-organization-logo"},"image":{"@id":"https:\/\/drill-magnet.com\/de\/product\/magnetic-drill-stand-eibenstock-10-036-11\/#local-main-organization-logo"},"telephone":[],"openingHoursSpecification":[{"@type":"OpeningHoursSpecification","dayOfWeek":["Sunday","Monday","Tuesday","Wednesday","Thursday","Friday","Saturday"],"opens":"09:00","closes":"17:00"}]},{"@type":"ImageObject","inLanguage":"en-US","@id":"https:\/\/drill-magnet.com\/de\/product\/magnetic-drill-stand-eibenstock-10-036-11\/#local-main-organization-logo","url":"https:\/\/drill-magnet.com\/de\/wp-content\/uploads\/2023\/11\/Rahmani-En-Logo-site.png","contentUrl":"https:\/\/drill-magnet.com\/de\/wp-content\/uploads\/2023\/11\/Rahmani-En-Logo-site.png","width":350,"height":100,"caption":"RAHMANI Magnetic drill store group"}]},"product_price_currency":"USD","og_availability":"instock","product_availability":"instock","product_condition":"new"},"_links":{"self":[{"href":"https:\/\/drill-magnet.com\/de\/wp-json\/wp\/v2\/product\/17362","targetHints":{"allow":["GET"]}}],"collection":[{"href":"https:\/\/drill-magnet.com\/de\/wp-json\/wp\/v2\/product"}],"about":[{"href":"https:\/\/drill-magnet.com\/de\/wp-json\/wp\/v2\/types\/product"}],"replies":[{"embeddable":true,"href":"https:\/\/drill-magnet.com\/de\/wp-json\/wp\/v2\/comments?post=17362"}],"version-history":[{"count":4,"href":"https:\/\/drill-magnet.com\/de\/wp-json\/wp\/v2\/product\/17362\/revisions"}],"predecessor-version":[{"id":17767,"href":"https:\/\/drill-magnet.com\/de\/wp-json\/wp\/v2\/product\/17362\/revisions\/17767"}],"wp:featuredmedia":[{"embeddable":true,"href":"https:\/\/drill-magnet.com\/de\/wp-json\/wp\/v2\/media\/17380"}],"wp:attachment":[{"href":"https:\/\/drill-magnet.com\/de\/wp-json\/wp\/v2\/media?parent=17362"}],"wp:term":[{"taxonomy":"product_brand","embeddable":true,"href":"https:\/\/drill-magnet.com\/de\/wp-json\/wp\/v2\/product_brand?post=17362"},{"taxonomy":"product_cat","embeddable":true,"href":"https:\/\/drill-magnet.com\/de\/wp-json\/wp\/v2\/product_cat?post=17362"},{"taxonomy":"product_tag","embeddable":true,"href":"https:\/\/drill-magnet.com\/de\/wp-json\/wp\/v2\/product_tag?post=17362"}],"curies":[{"name":"wp","href":"https:\/\/api.w.org\/{rel}","templated":true}]}}