{"id":17360,"date":"2025-02-21T18:53:31","date_gmt":"2025-02-21T19:53:31","guid":{"rendered":"https:\/\/drill-magnet.com\/en\/?post_type=product&#038;p=17360"},"modified":"2025-08-05T19:51:02","modified_gmt":"2025-08-05T19:51:02","slug":"beveling-machine-euroboor-b60s","status":"publish","type":"product","link":"https:\/\/drill-magnet.com\/de\/product\/beveling-machine-euroboor-b60s\/","title":{"rendered":"Fasenmaschine Euroboor B60S"},"content":{"rendered":"<div id=\"detail_long_desc_12232201800004\" class=\"detail_long_desc collapse active\">\n<h1 data-start=\"150\" data-end=\"181\"><strong data-start=\"150\" data-end=\"181\">Fasenmaschine Euroboor B60S<\/strong><\/h1>\n<p data-start=\"183\" data-end=\"767\">Die Euroboor B60S Fasenmaschine bietet eine maximale Fasenbreite von 24 mm bei einem Winkel von 45\u00cb\u0161 \u00e2\u20ac\u201c einzigartig auf dem Markt. Dar\u00c3\u00bcber hinaus verf\u00c3\u00bcgt diese Maschine \u00c3\u00bcber einen au\u00c3\u0178ergew\u00c3\u00b6hnlich leistungsstarken 1.800-Watt-Motor, wodurch sie sich nicht nur f\u00c3\u00bcr das Bearbeiten von Edelstahl, sondern auch f\u00c3\u00bcr eine Vielzahl anderer Materialien hervorragend eignet. Die Euroboor B60S ist mit einem \u00c3\u0153berlastschutz ausgestattet und verf\u00c3\u00bcgt \u00c3\u00bcber eine variable Drehzahl sowie einen Materialtyp-Indikator. Diese Maschine eignet sich sowohl f\u00c3\u00bcr die Bearbeitung von Blech- als auch Rohrmaterial.<\/p>\n<h2 data-start=\"769\" data-end=\"1077\"><strong data-start=\"769\" data-end=\"794\">Technische Daten B60S<\/strong><\/h2>\n<ul>\n<li data-start=\"769\" data-end=\"1077\">Spindeldrehzahl: 1.675 \u00e2\u20ac\u201c 2.850 U\/min<\/li>\n<li data-start=\"769\" data-end=\"1077\">Max. Fasenbreite: 24 mm (45\u00cb\u0161)<\/li>\n<li data-start=\"769\" data-end=\"1077\">Fasenwinkel: 0 \u00e2\u20ac\u201c 60\u00cb\u0161<\/li>\n<li data-start=\"769\" data-end=\"1077\">Rohrdurchmesser: &gt; \u00c3\u02dc 150 mm<\/li>\n<li data-start=\"769\" data-end=\"1077\">L\u00c3\u00a4nge: 415 mm<\/li>\n<li data-start=\"769\" data-end=\"1077\">Breite: 375 mm<\/li>\n<li data-start=\"769\" data-end=\"1077\">H\u00c3\u00b6he: 268 mm<\/li>\n<li data-start=\"769\" data-end=\"1077\">Gewicht: 24,1 kg<\/li>\n<li data-start=\"769\" data-end=\"1077\">Motorleistung: 1.800 W<\/li>\n<li data-start=\"769\" data-end=\"1077\">Spannung: 110 \u00e2\u20ac\u201c 120 V AC \/ 60 Hz<br data-start=\"1045\" data-end=\"1048\" \/>220 \u00e2\u20ac\u201c 240 V AC \/ 50 \u00e2\u20ac\u201c 60 Hz<\/li>\n<\/ul>\n<\/div>\n","protected":false},"excerpt":{"rendered":"<p>Fasenmaschine Euroboor B60S Die Euroboor B60S Fasenmaschine bietet eine maximale Fasenbreite von 24 mm bei einem Winkel von 45\u00cb\u0161 \u00e2\u20ac\u201c<\/p>\n","protected":false},"featured_media":17374,"comment_status":"open","ping_status":"closed","template":"","meta":[],"product_brand":[491],"product_cat":[447],"product_tag":[474],"class_list":{"0":"post-17360","1":"product","2":"type-product","3":"status-publish","4":"has-post-thumbnail","6":"product_brand-euroboor","7":"product_cat-fasenmaschine","8":"product_tag-beveling-machine-euroboor-b60s","10":"first","11":"instock","12":"shipping-taxable","13":"product-type-simple"},"yoast_head":"<!-- This site is optimized with the Yoast SEO Premium plugin v23.9 (Yoast SEO v26.1.1) - https:\/\/yoast.com\/wordpress\/plugins\/seo\/ -->\n<title>Fasenmaschine Euroboor B60S - RAHMANI Magnetic drill store group<\/title>\n<meta name=\"description\" content=\"The Euroboor B60S beveling machine has a maximum bevel width of 24 mm, at an angle of 45\u00cb\u0161, which is unique in the market. Furthermore, this machine benefits from an exceptional powerful 1800 W motor making this machine very suitable for not only cutting stainless steel but a wide variety of materials.\" \/>\n<meta name=\"robots\" content=\"index, follow, max-snippet:-1, max-image-preview:large, max-video-preview:-1\" \/>\n<link rel=\"canonical\" href=\"https:\/\/drill-magnet.com\/de\/product\/beveling-machine-euroboor-b60s\/\" \/>\n<meta property=\"og:locale\" content=\"en_US\" \/>\n<meta property=\"og:type\" content=\"article\" \/>\n<meta property=\"og:title\" content=\"Fasenmaschine Euroboor B60S\" \/>\n<meta property=\"og:description\" content=\"The Euroboor B60S beveling machine has a maximum bevel width of 24 mm, at an angle of 45\u00cb\u0161, which is unique in the market. Furthermore, this machine benefits from an exceptional powerful 1800 W motor making this machine very suitable for not only cutting stainless steel but a wide variety of materials.\" \/>\n<meta property=\"og:url\" content=\"https:\/\/drill-magnet.com\/de\/product\/beveling-machine-euroboor-b60s\/\" \/>\n<meta property=\"og:site_name\" content=\"RAHMANI Magnetic drill store group\" \/>\n<meta property=\"article:modified_time\" content=\"2025-08-05T19:51:02+00:00\" \/>\n<meta property=\"og:image\" content=\"https:\/\/drill-magnet.com\/de\/wp-content\/uploads\/2025\/02\/Beveling-Machine-Euroboor-B60S.png\" \/>\n\t<meta property=\"og:image:width\" content=\"300\" \/>\n\t<meta property=\"og:image:height\" content=\"300\" \/>\n\t<meta property=\"og:image:type\" content=\"image\/png\" \/>\n<meta name=\"twitter:card\" content=\"summary_large_image\" \/>\n<meta name=\"twitter:label1\" content=\"Price\" \/>\n\t<meta name=\"twitter:data1\" content=\"\" \/>\n\t<meta name=\"twitter:label2\" content=\"Availability\" \/>\n\t<meta name=\"twitter:data2\" content=\"In stock\" \/>\n<script type=\"application\/ld+json\" class=\"yoast-schema-graph\">{\"@context\":\"https:\/\/schema.org\",\"@graph\":[{\"@type\":\"WebPage\",\"@id\":\"https:\/\/drill-magnet.com\/de\/product\/beveling-machine-euroboor-b60s\/\",\"url\":\"https:\/\/drill-magnet.com\/de\/product\/beveling-machine-euroboor-b60s\/\",\"name\":\"Fasenmaschine Euroboor B60S - RAHMANI Magnetic drill store group\",\"isPartOf\":{\"@id\":\"https:\/\/drill-magnet.com\/de\/#website\"},\"primaryImageOfPage\":{\"@id\":\"https:\/\/drill-magnet.com\/de\/product\/beveling-machine-euroboor-b60s\/#primaryimage\"},\"image\":{\"@id\":\"https:\/\/drill-magnet.com\/de\/product\/beveling-machine-euroboor-b60s\/#primaryimage\"},\"thumbnailUrl\":\"https:\/\/drill-magnet.com\/de\/wp-content\/uploads\/2025\/02\/Beveling-Machine-Euroboor-B60S.png\",\"datePublished\":\"2025-02-21T19:53:31+00:00\",\"dateModified\":\"2025-08-05T19:51:02+00:00\",\"description\":\"The Euroboor B60S beveling machine has a maximum bevel width of 24 mm, at an angle of 45\u00cb\u0161, which is unique in the market. Furthermore, this machine benefits from an exceptional powerful 1800 W motor making this machine very suitable for not only cutting stainless steel but a wide variety of materials.\",\"breadcrumb\":{\"@id\":\"https:\/\/drill-magnet.com\/de\/product\/beveling-machine-euroboor-b60s\/#breadcrumb\"},\"inLanguage\":\"en-US\",\"potentialAction\":[{\"@type\":\"ReadAction\",\"target\":[\"https:\/\/drill-magnet.com\/de\/product\/beveling-machine-euroboor-b60s\/\"]}]},{\"@type\":\"ImageObject\",\"inLanguage\":\"en-US\",\"@id\":\"https:\/\/drill-magnet.com\/de\/product\/beveling-machine-euroboor-b60s\/#primaryimage\",\"url\":\"https:\/\/drill-magnet.com\/de\/wp-content\/uploads\/2025\/02\/Beveling-Machine-Euroboor-B60S.png\",\"contentUrl\":\"https:\/\/drill-magnet.com\/de\/wp-content\/uploads\/2025\/02\/Beveling-Machine-Euroboor-B60S.png\",\"width\":300,\"height\":300,\"caption\":\"Beveling Machine Euroboor B60S\"},{\"@type\":\"BreadcrumbList\",\"@id\":\"https:\/\/drill-magnet.com\/de\/product\/beveling-machine-euroboor-b60s\/#breadcrumb\",\"itemListElement\":[{\"@type\":\"ListItem\",\"position\":1,\"name\":\"Home\",\"item\":\"https:\/\/drill-magnet.com\/de\/\"},{\"@type\":\"ListItem\",\"position\":2,\"name\":\"Shop\",\"item\":\"https:\/\/drill-magnet.com\/de\/shop\/\"},{\"@type\":\"ListItem\",\"position\":3,\"name\":\"Fasenmaschine Euroboor B60S\"}]},{\"@type\":\"WebSite\",\"@id\":\"https:\/\/drill-magnet.com\/de\/#website\",\"url\":\"https:\/\/drill-magnet.com\/de\/\",\"name\":\"RAHMANI Magnetic drill store group\",\"description\":\"Buying and selling German, Polish, Belgian and\u00e2\u20ac\u00a6 Magnetic drill | Annular Cutter | Diamond Core Drilling |  Beveling Machine, along with guaranteed specialized repairs\",\"publisher\":{\"@id\":\"https:\/\/drill-magnet.com\/de\/#organization\"},\"potentialAction\":[{\"@type\":\"SearchAction\",\"target\":{\"@type\":\"EntryPoint\",\"urlTemplate\":\"https:\/\/drill-magnet.com\/de\/?s={search_term_string}\"},\"query-input\":{\"@type\":\"PropertyValueSpecification\",\"valueRequired\":true,\"valueName\":\"search_term_string\"}}],\"inLanguage\":\"en-US\"},{\"@type\":[\"Organization\",\"Place\"],\"@id\":\"https:\/\/drill-magnet.com\/de\/#organization\",\"name\":\"RAHMANI Magnetic drill store group\",\"url\":\"https:\/\/drill-magnet.com\/de\/\",\"logo\":{\"@id\":\"https:\/\/drill-magnet.com\/de\/product\/beveling-machine-euroboor-b60s\/#local-main-organization-logo\"},\"image\":{\"@id\":\"https:\/\/drill-magnet.com\/de\/product\/beveling-machine-euroboor-b60s\/#local-main-organization-logo\"},\"telephone\":[],\"openingHoursSpecification\":[{\"@type\":\"OpeningHoursSpecification\",\"dayOfWeek\":[\"Sunday\",\"Monday\",\"Tuesday\",\"Wednesday\",\"Thursday\",\"Friday\",\"Saturday\"],\"opens\":\"09:00\",\"closes\":\"17:00\"}]},{\"@type\":\"ImageObject\",\"inLanguage\":\"en-US\",\"@id\":\"https:\/\/drill-magnet.com\/de\/product\/beveling-machine-euroboor-b60s\/#local-main-organization-logo\",\"url\":\"https:\/\/drill-magnet.com\/de\/wp-content\/uploads\/2023\/11\/Rahmani-En-Logo-site.png\",\"contentUrl\":\"https:\/\/drill-magnet.com\/de\/wp-content\/uploads\/2023\/11\/Rahmani-En-Logo-site.png\",\"width\":350,\"height\":100,\"caption\":\"RAHMANI Magnetic drill store group\"}]}<\/script>\n<meta property=\"product:price:amount\" content=\"0\" \/>\n<meta property=\"product:price:currency\" content=\"USD\" \/>\n<meta property=\"og:availability\" content=\"instock\" \/>\n<meta property=\"product:availability\" content=\"instock\" \/>\n<meta property=\"product:condition\" content=\"new\" \/>\n<!-- \/ Yoast SEO Premium plugin. -->","yoast_head_json":{"title":"Fasenmaschine Euroboor B60S - RAHMANI Magnetic drill store group","description":"The Euroboor B60S beveling machine has a maximum bevel width of 24 mm, at an angle of 45\u00cb\u0161, which is unique in the market. Furthermore, this machine benefits from an exceptional powerful 1800 W motor making this machine very suitable for not only cutting stainless steel but a wide variety of materials.","robots":{"index":"index","follow":"follow","max-snippet":"max-snippet:-1","max-image-preview":"max-image-preview:large","max-video-preview":"max-video-preview:-1"},"canonical":"https:\/\/drill-magnet.com\/de\/product\/beveling-machine-euroboor-b60s\/","og_locale":"en_US","og_type":"article","og_title":"Fasenmaschine Euroboor B60S","og_description":"The Euroboor B60S beveling machine has a maximum bevel width of 24 mm, at an angle of 45\u00cb\u0161, which is unique in the market. Furthermore, this machine benefits from an exceptional powerful 1800 W motor making this machine very suitable for not only cutting stainless steel but a wide variety of materials.","og_url":"https:\/\/drill-magnet.com\/de\/product\/beveling-machine-euroboor-b60s\/","og_site_name":"RAHMANI Magnetic drill store group","article_modified_time":"2025-08-05T19:51:02+00:00","og_image":[{"width":300,"height":300,"url":"https:\/\/drill-magnet.com\/de\/wp-content\/uploads\/2025\/02\/Beveling-Machine-Euroboor-B60S.png","type":"image\/png"}],"twitter_card":"summary_large_image","twitter_misc":{"Price":"","Availability":"In stock"},"schema":{"@context":"https:\/\/schema.org","@graph":[{"@type":"WebPage","@id":"https:\/\/drill-magnet.com\/de\/product\/beveling-machine-euroboor-b60s\/","url":"https:\/\/drill-magnet.com\/de\/product\/beveling-machine-euroboor-b60s\/","name":"Fasenmaschine Euroboor B60S - RAHMANI Magnetic drill store group","isPartOf":{"@id":"https:\/\/drill-magnet.com\/de\/#website"},"primaryImageOfPage":{"@id":"https:\/\/drill-magnet.com\/de\/product\/beveling-machine-euroboor-b60s\/#primaryimage"},"image":{"@id":"https:\/\/drill-magnet.com\/de\/product\/beveling-machine-euroboor-b60s\/#primaryimage"},"thumbnailUrl":"https:\/\/drill-magnet.com\/de\/wp-content\/uploads\/2025\/02\/Beveling-Machine-Euroboor-B60S.png","datePublished":"2025-02-21T19:53:31+00:00","dateModified":"2025-08-05T19:51:02+00:00","description":"The Euroboor B60S beveling machine has a maximum bevel width of 24 mm, at an angle of 45\u00cb\u0161, which is unique in the market. Furthermore, this machine benefits from an exceptional powerful 1800 W motor making this machine very suitable for not only cutting stainless steel but a wide variety of materials.","breadcrumb":{"@id":"https:\/\/drill-magnet.com\/de\/product\/beveling-machine-euroboor-b60s\/#breadcrumb"},"inLanguage":"en-US","potentialAction":[{"@type":"ReadAction","target":["https:\/\/drill-magnet.com\/de\/product\/beveling-machine-euroboor-b60s\/"]}]},{"@type":"ImageObject","inLanguage":"en-US","@id":"https:\/\/drill-magnet.com\/de\/product\/beveling-machine-euroboor-b60s\/#primaryimage","url":"https:\/\/drill-magnet.com\/de\/wp-content\/uploads\/2025\/02\/Beveling-Machine-Euroboor-B60S.png","contentUrl":"https:\/\/drill-magnet.com\/de\/wp-content\/uploads\/2025\/02\/Beveling-Machine-Euroboor-B60S.png","width":300,"height":300,"caption":"Beveling Machine Euroboor B60S"},{"@type":"BreadcrumbList","@id":"https:\/\/drill-magnet.com\/de\/product\/beveling-machine-euroboor-b60s\/#breadcrumb","itemListElement":[{"@type":"ListItem","position":1,"name":"Home","item":"https:\/\/drill-magnet.com\/de\/"},{"@type":"ListItem","position":2,"name":"Shop","item":"https:\/\/drill-magnet.com\/de\/shop\/"},{"@type":"ListItem","position":3,"name":"Fasenmaschine Euroboor B60S"}]},{"@type":"WebSite","@id":"https:\/\/drill-magnet.com\/de\/#website","url":"https:\/\/drill-magnet.com\/de\/","name":"RAHMANI Magnetic drill store group","description":"Buying and selling German, Polish, Belgian and\u00e2\u20ac\u00a6 Magnetic drill | Annular Cutter | Diamond Core Drilling |  Beveling Machine, along with guaranteed specialized repairs","publisher":{"@id":"https:\/\/drill-magnet.com\/de\/#organization"},"potentialAction":[{"@type":"SearchAction","target":{"@type":"EntryPoint","urlTemplate":"https:\/\/drill-magnet.com\/de\/?s={search_term_string}"},"query-input":{"@type":"PropertyValueSpecification","valueRequired":true,"valueName":"search_term_string"}}],"inLanguage":"en-US"},{"@type":["Organization","Place"],"@id":"https:\/\/drill-magnet.com\/de\/#organization","name":"RAHMANI Magnetic drill store group","url":"https:\/\/drill-magnet.com\/de\/","logo":{"@id":"https:\/\/drill-magnet.com\/de\/product\/beveling-machine-euroboor-b60s\/#local-main-organization-logo"},"image":{"@id":"https:\/\/drill-magnet.com\/de\/product\/beveling-machine-euroboor-b60s\/#local-main-organization-logo"},"telephone":[],"openingHoursSpecification":[{"@type":"OpeningHoursSpecification","dayOfWeek":["Sunday","Monday","Tuesday","Wednesday","Thursday","Friday","Saturday"],"opens":"09:00","closes":"17:00"}]},{"@type":"ImageObject","inLanguage":"en-US","@id":"https:\/\/drill-magnet.com\/de\/product\/beveling-machine-euroboor-b60s\/#local-main-organization-logo","url":"https:\/\/drill-magnet.com\/de\/wp-content\/uploads\/2023\/11\/Rahmani-En-Logo-site.png","contentUrl":"https:\/\/drill-magnet.com\/de\/wp-content\/uploads\/2023\/11\/Rahmani-En-Logo-site.png","width":350,"height":100,"caption":"RAHMANI Magnetic drill store group"}]},"product_price_currency":"USD","og_availability":"instock","product_availability":"instock","product_condition":"new"},"_links":{"self":[{"href":"https:\/\/drill-magnet.com\/de\/wp-json\/wp\/v2\/product\/17360","targetHints":{"allow":["GET"]}}],"collection":[{"href":"https:\/\/drill-magnet.com\/de\/wp-json\/wp\/v2\/product"}],"about":[{"href":"https:\/\/drill-magnet.com\/de\/wp-json\/wp\/v2\/types\/product"}],"replies":[{"embeddable":true,"href":"https:\/\/drill-magnet.com\/de\/wp-json\/wp\/v2\/comments?post=17360"}],"version-history":[{"count":3,"href":"https:\/\/drill-magnet.com\/de\/wp-json\/wp\/v2\/product\/17360\/revisions"}],"predecessor-version":[{"id":17768,"href":"https:\/\/drill-magnet.com\/de\/wp-json\/wp\/v2\/product\/17360\/revisions\/17768"}],"wp:featuredmedia":[{"embeddable":true,"href":"https:\/\/drill-magnet.com\/de\/wp-json\/wp\/v2\/media\/17374"}],"wp:attachment":[{"href":"https:\/\/drill-magnet.com\/de\/wp-json\/wp\/v2\/media?parent=17360"}],"wp:term":[{"taxonomy":"product_brand","embeddable":true,"href":"https:\/\/drill-magnet.com\/de\/wp-json\/wp\/v2\/product_brand?post=17360"},{"taxonomy":"product_cat","embeddable":true,"href":"https:\/\/drill-magnet.com\/de\/wp-json\/wp\/v2\/product_cat?post=17360"},{"taxonomy":"product_tag","embeddable":true,"href":"https:\/\/drill-magnet.com\/de\/wp-json\/wp\/v2\/product_tag?post=17360"}],"curies":[{"name":"wp","href":"https:\/\/api.w.org\/{rel}","templated":true}]}}