{"id":17313,"date":"2025-02-21T17:27:59","date_gmt":"2025-02-21T18:27:59","guid":{"rendered":"https:\/\/drill-magnet.com\/en\/?post_type=product&#038;p=17313"},"modified":"2025-08-05T19:51:19","modified_gmt":"2025-08-05T19:51:19","slug":"tct-annular-cutter","status":"publish","type":"product","link":"https:\/\/drill-magnet.com\/de\/product\/tct-annular-cutter\/","title":{"rendered":"TCT Kernbohrer"},"content":{"rendered":"<h1><strong data-start=\"146\" data-end=\"164\">TCT Kernbohrer<\/strong><\/h1>\n<p data-start=\"166\" data-end=\"489\">Der TCT Kernbohrer wurde f\u00c3\u00bcr den industriellen Schwerlast-Einsatz entwickelt und verf\u00c3\u00bcgt \u00c3\u00bcber hartmetallbest\u00c3\u00bcckte Z\u00c3\u00a4hne, die beim Bohren in harte Metalle au\u00c3\u0178ergew\u00c3\u00b6hnliche Haltbarkeit und Pr\u00c3\u00a4zision bieten. Er ist in verschiedenen Ausf\u00c3\u00bchrungen erh\u00c3\u00a4ltlich, um unterschiedlichen Bohranforderungen gerecht zu werden.<\/p>\n<p data-start=\"491\" data-end=\"509\"><strong data-start=\"491\" data-end=\"509\">Hauptmerkmale:<\/strong><\/p>\n<p data-start=\"511\" data-end=\"694\"><strong data-start=\"511\" data-end=\"544\">Au\u00c3\u0178ergew\u00c3\u00b6hnliche Haltbarkeit: <\/strong>Hartmetallz\u00c3\u00a4hne (Tungsten Carbide) gew\u00c3\u00a4hrleisten hohe Verschlei\u00c3\u0178festigkeit und eine lange Lebensdauer \u00e2\u20ac\u201c auch unter anspruchsvollen Bedingungen.<\/p>\n<p data-start=\"696\" data-end=\"822\"><strong data-start=\"696\" data-end=\"730\">Vielseitige Bohrm\u00c3\u00b6glichkeiten: <\/strong>Ausgelegt f\u00c3\u00bcr verschiedene Bohrtiefen und Durchmesser, passend f\u00c3\u00bcr viele Anwendungen.<\/p>\n<p data-start=\"824\" data-end=\"978\"><strong data-start=\"824\" data-end=\"851\">Hochpr\u00c3\u00a4zises Schneiden: <\/strong>Erzeugt saubere, gratfreie Bohrl\u00c3\u00b6cher mit hoher Genauigkeit, was bei der Metallbearbeitung von gro\u00c3\u0178er Bedeutung ist.<\/p>\n<p data-start=\"980\" data-end=\"1108\"><strong data-start=\"980\" data-end=\"1012\">Industrietaugliche Leistung: <\/strong>Optimiert f\u00c3\u00bcr anspruchsvolle Anwendungen wie Stahlbau und schwere Metallverarbeitung.<\/p>\n<p data-start=\"1110\" data-end=\"1141\"><strong data-start=\"1110\" data-end=\"1141\">Technische Spezifikationen:<\/strong><\/p>\n<ul data-start=\"1143\" data-end=\"1323\">\n<li data-start=\"1143\" data-end=\"1202\">\n<p data-start=\"1145\" data-end=\"1202\"><strong data-start=\"1145\" data-end=\"1169\">Bohrtiefen-Optionen:<\/strong> 35 mm, 50 mm, 75 mm und 100 mm<\/p>\n<\/li>\n<li data-start=\"1203\" data-end=\"1251\">\n<p data-start=\"1205\" data-end=\"1251\"><strong data-start=\"1205\" data-end=\"1232\">Bohrdurchmesserbereich:<\/strong> 12 mm bis 100 mm<\/p>\n<\/li>\n<li data-start=\"1252\" data-end=\"1323\">\n<p data-start=\"1254\" data-end=\"1323\">Entwickelt f\u00c3\u00bcr gleichbleibende Leistung auch bei l\u00c3\u00a4ngerem Einsatz<\/p>\n<\/li>\n<\/ul>\n<p data-start=\"1325\" data-end=\"1347\"><strong data-start=\"1325\" data-end=\"1347\">Verf\u00c3\u00bcgbare Marken:<\/strong><\/p>\n<ul data-start=\"1349\" data-end=\"1391\">\n<li data-start=\"1349\" data-end=\"1360\">\n<p data-start=\"1351\" data-end=\"1360\">Grollen<\/p>\n<\/li>\n<li data-start=\"1361\" data-end=\"1378\">\n<p data-start=\"1363\" data-end=\"1378\">FE Powertools<\/p>\n<\/li>\n<li data-start=\"1379\" data-end=\"1391\">\n<p data-start=\"1381\" data-end=\"1391\">Wikinger<\/p>\n<\/li>\n<\/ul>\n","protected":false},"excerpt":{"rendered":"<p>The TCT Annular Cutter is engineered for heavy-duty industrial applications, featuring tungsten carbide tipped teeth that deliver superior durability and precision when drilling through hard metals. It is available in multiple configurations to suit various drilling requirements.<\/p>\n","protected":false},"featured_media":17352,"comment_status":"open","ping_status":"closed","template":"","meta":[],"product_brand":[487,493],"product_cat":[450,486],"product_tag":[471],"class_list":{"0":"post-17313","1":"product","2":"type-product","3":"status-publish","4":"has-post-thumbnail","6":"product_brand-fe-powertools","7":"product_brand-grollen","8":"product_cat-kernbohrer","9":"product_cat-related-products-to-a-drill","10":"product_tag-tct-annular-cutter","12":"first","13":"instock","14":"shipping-taxable","15":"product-type-simple"},"yoast_head":"<!-- This site is optimized with the Yoast SEO Premium plugin v23.9 (Yoast SEO v26.1.1) - https:\/\/yoast.com\/wordpress\/plugins\/seo\/ -->\n<title>TCT Kernbohrer - RAHMANI Magnetic drill store group<\/title>\n<meta name=\"description\" content=\"The TCT Annular Cutter is engineered for heavy-duty industrial applications, featuring tungsten carbide tipped teeth that deliver superior durability and precision when drilling through hard metals. It is available in multiple configurations to suit various drilling requirements.\" \/>\n<meta name=\"robots\" content=\"index, follow, max-snippet:-1, max-image-preview:large, max-video-preview:-1\" \/>\n<link rel=\"canonical\" href=\"https:\/\/drill-magnet.com\/de\/product\/tct-annular-cutter\/\" \/>\n<meta property=\"og:locale\" content=\"en_US\" \/>\n<meta property=\"og:type\" content=\"article\" \/>\n<meta property=\"og:title\" content=\"TCT Kernbohrer\" \/>\n<meta property=\"og:description\" content=\"The TCT Annular Cutter is engineered for heavy-duty industrial applications, featuring tungsten carbide tipped teeth that deliver superior durability and precision when drilling through hard metals. It is available in multiple configurations to suit various drilling requirements.\" \/>\n<meta property=\"og:url\" content=\"https:\/\/drill-magnet.com\/de\/product\/tct-annular-cutter\/\" \/>\n<meta property=\"og:site_name\" content=\"RAHMANI Magnetic drill store group\" \/>\n<meta property=\"article:modified_time\" content=\"2025-08-05T19:51:19+00:00\" \/>\n<meta property=\"og:image\" content=\"https:\/\/drill-magnet.com\/de\/wp-content\/uploads\/2025\/02\/TCT-Annular-Cutters.Rahmani.png\" \/>\n\t<meta property=\"og:image:width\" content=\"300\" \/>\n\t<meta property=\"og:image:height\" content=\"300\" \/>\n\t<meta property=\"og:image:type\" content=\"image\/png\" \/>\n<meta name=\"twitter:card\" content=\"summary_large_image\" \/>\n<meta name=\"twitter:label1\" content=\"Price\" \/>\n\t<meta name=\"twitter:data1\" content=\"\" \/>\n\t<meta name=\"twitter:label2\" content=\"Availability\" \/>\n\t<meta name=\"twitter:data2\" content=\"In stock\" \/>\n<script type=\"application\/ld+json\" class=\"yoast-schema-graph\">{\"@context\":\"https:\/\/schema.org\",\"@graph\":[{\"@type\":\"WebPage\",\"@id\":\"https:\/\/drill-magnet.com\/de\/product\/tct-annular-cutter\/\",\"url\":\"https:\/\/drill-magnet.com\/de\/product\/tct-annular-cutter\/\",\"name\":\"TCT Kernbohrer - RAHMANI Magnetic drill store group\",\"isPartOf\":{\"@id\":\"https:\/\/drill-magnet.com\/de\/#website\"},\"primaryImageOfPage\":{\"@id\":\"https:\/\/drill-magnet.com\/de\/product\/tct-annular-cutter\/#primaryimage\"},\"image\":{\"@id\":\"https:\/\/drill-magnet.com\/de\/product\/tct-annular-cutter\/#primaryimage\"},\"thumbnailUrl\":\"https:\/\/drill-magnet.com\/de\/wp-content\/uploads\/2025\/02\/TCT-Annular-Cutters.Rahmani.png\",\"datePublished\":\"2025-02-21T18:27:59+00:00\",\"dateModified\":\"2025-08-05T19:51:19+00:00\",\"description\":\"The TCT Annular Cutter is engineered for heavy-duty industrial applications, featuring tungsten carbide tipped teeth that deliver superior durability and precision when drilling through hard metals. It is available in multiple configurations to suit various drilling requirements.\",\"breadcrumb\":{\"@id\":\"https:\/\/drill-magnet.com\/de\/product\/tct-annular-cutter\/#breadcrumb\"},\"inLanguage\":\"en-US\",\"potentialAction\":[{\"@type\":\"ReadAction\",\"target\":[\"https:\/\/drill-magnet.com\/de\/product\/tct-annular-cutter\/\"]}]},{\"@type\":\"ImageObject\",\"inLanguage\":\"en-US\",\"@id\":\"https:\/\/drill-magnet.com\/de\/product\/tct-annular-cutter\/#primaryimage\",\"url\":\"https:\/\/drill-magnet.com\/de\/wp-content\/uploads\/2025\/02\/TCT-Annular-Cutters.Rahmani.png\",\"contentUrl\":\"https:\/\/drill-magnet.com\/de\/wp-content\/uploads\/2025\/02\/TCT-Annular-Cutters.Rahmani.png\",\"width\":300,\"height\":300,\"caption\":\"TCT-Annular-Cutters.Rahmani\"},{\"@type\":\"BreadcrumbList\",\"@id\":\"https:\/\/drill-magnet.com\/de\/product\/tct-annular-cutter\/#breadcrumb\",\"itemListElement\":[{\"@type\":\"ListItem\",\"position\":1,\"name\":\"Home\",\"item\":\"https:\/\/drill-magnet.com\/de\/\"},{\"@type\":\"ListItem\",\"position\":2,\"name\":\"Shop\",\"item\":\"https:\/\/drill-magnet.com\/de\/shop\/\"},{\"@type\":\"ListItem\",\"position\":3,\"name\":\"TCT Kernbohrer\"}]},{\"@type\":\"WebSite\",\"@id\":\"https:\/\/drill-magnet.com\/de\/#website\",\"url\":\"https:\/\/drill-magnet.com\/de\/\",\"name\":\"RAHMANI Magnetic drill store group\",\"description\":\"Buying and selling German, Polish, Belgian and\u00e2\u20ac\u00a6 Magnetic drill | Annular Cutter | Diamond Core Drilling |  Beveling Machine, along with guaranteed specialized repairs\",\"publisher\":{\"@id\":\"https:\/\/drill-magnet.com\/de\/#organization\"},\"potentialAction\":[{\"@type\":\"SearchAction\",\"target\":{\"@type\":\"EntryPoint\",\"urlTemplate\":\"https:\/\/drill-magnet.com\/de\/?s={search_term_string}\"},\"query-input\":{\"@type\":\"PropertyValueSpecification\",\"valueRequired\":true,\"valueName\":\"search_term_string\"}}],\"inLanguage\":\"en-US\"},{\"@type\":[\"Organization\",\"Place\"],\"@id\":\"https:\/\/drill-magnet.com\/de\/#organization\",\"name\":\"RAHMANI Magnetic drill store group\",\"url\":\"https:\/\/drill-magnet.com\/de\/\",\"logo\":{\"@id\":\"https:\/\/drill-magnet.com\/de\/product\/tct-annular-cutter\/#local-main-organization-logo\"},\"image\":{\"@id\":\"https:\/\/drill-magnet.com\/de\/product\/tct-annular-cutter\/#local-main-organization-logo\"},\"telephone\":[],\"openingHoursSpecification\":[{\"@type\":\"OpeningHoursSpecification\",\"dayOfWeek\":[\"Sunday\",\"Monday\",\"Tuesday\",\"Wednesday\",\"Thursday\",\"Friday\",\"Saturday\"],\"opens\":\"09:00\",\"closes\":\"17:00\"}]},{\"@type\":\"ImageObject\",\"inLanguage\":\"en-US\",\"@id\":\"https:\/\/drill-magnet.com\/de\/product\/tct-annular-cutter\/#local-main-organization-logo\",\"url\":\"https:\/\/drill-magnet.com\/de\/wp-content\/uploads\/2023\/11\/Rahmani-En-Logo-site.png\",\"contentUrl\":\"https:\/\/drill-magnet.com\/de\/wp-content\/uploads\/2023\/11\/Rahmani-En-Logo-site.png\",\"width\":350,\"height\":100,\"caption\":\"RAHMANI Magnetic drill store group\"}]}<\/script>\n<meta property=\"product:price:amount\" content=\"0\" \/>\n<meta property=\"product:price:currency\" content=\"USD\" \/>\n<meta property=\"og:availability\" content=\"instock\" \/>\n<meta property=\"product:availability\" content=\"instock\" \/>\n<meta property=\"product:condition\" content=\"new\" \/>\n<!-- \/ Yoast SEO Premium plugin. -->","yoast_head_json":{"title":"TCT Kernbohrer - RAHMANI Magnetic drill store group","description":"The TCT Annular Cutter is engineered for heavy-duty industrial applications, featuring tungsten carbide tipped teeth that deliver superior durability and precision when drilling through hard metals. It is available in multiple configurations to suit various drilling requirements.","robots":{"index":"index","follow":"follow","max-snippet":"max-snippet:-1","max-image-preview":"max-image-preview:large","max-video-preview":"max-video-preview:-1"},"canonical":"https:\/\/drill-magnet.com\/de\/product\/tct-annular-cutter\/","og_locale":"en_US","og_type":"article","og_title":"TCT Kernbohrer","og_description":"The TCT Annular Cutter is engineered for heavy-duty industrial applications, featuring tungsten carbide tipped teeth that deliver superior durability and precision when drilling through hard metals. It is available in multiple configurations to suit various drilling requirements.","og_url":"https:\/\/drill-magnet.com\/de\/product\/tct-annular-cutter\/","og_site_name":"RAHMANI Magnetic drill store group","article_modified_time":"2025-08-05T19:51:19+00:00","og_image":[{"width":300,"height":300,"url":"https:\/\/drill-magnet.com\/de\/wp-content\/uploads\/2025\/02\/TCT-Annular-Cutters.Rahmani.png","type":"image\/png"}],"twitter_card":"summary_large_image","twitter_misc":{"Price":"","Availability":"In stock"},"schema":{"@context":"https:\/\/schema.org","@graph":[{"@type":"WebPage","@id":"https:\/\/drill-magnet.com\/de\/product\/tct-annular-cutter\/","url":"https:\/\/drill-magnet.com\/de\/product\/tct-annular-cutter\/","name":"TCT Kernbohrer - RAHMANI Magnetic drill store group","isPartOf":{"@id":"https:\/\/drill-magnet.com\/de\/#website"},"primaryImageOfPage":{"@id":"https:\/\/drill-magnet.com\/de\/product\/tct-annular-cutter\/#primaryimage"},"image":{"@id":"https:\/\/drill-magnet.com\/de\/product\/tct-annular-cutter\/#primaryimage"},"thumbnailUrl":"https:\/\/drill-magnet.com\/de\/wp-content\/uploads\/2025\/02\/TCT-Annular-Cutters.Rahmani.png","datePublished":"2025-02-21T18:27:59+00:00","dateModified":"2025-08-05T19:51:19+00:00","description":"The TCT Annular Cutter is engineered for heavy-duty industrial applications, featuring tungsten carbide tipped teeth that deliver superior durability and precision when drilling through hard metals. It is available in multiple configurations to suit various drilling requirements.","breadcrumb":{"@id":"https:\/\/drill-magnet.com\/de\/product\/tct-annular-cutter\/#breadcrumb"},"inLanguage":"en-US","potentialAction":[{"@type":"ReadAction","target":["https:\/\/drill-magnet.com\/de\/product\/tct-annular-cutter\/"]}]},{"@type":"ImageObject","inLanguage":"en-US","@id":"https:\/\/drill-magnet.com\/de\/product\/tct-annular-cutter\/#primaryimage","url":"https:\/\/drill-magnet.com\/de\/wp-content\/uploads\/2025\/02\/TCT-Annular-Cutters.Rahmani.png","contentUrl":"https:\/\/drill-magnet.com\/de\/wp-content\/uploads\/2025\/02\/TCT-Annular-Cutters.Rahmani.png","width":300,"height":300,"caption":"TCT-Annular-Cutters.Rahmani"},{"@type":"BreadcrumbList","@id":"https:\/\/drill-magnet.com\/de\/product\/tct-annular-cutter\/#breadcrumb","itemListElement":[{"@type":"ListItem","position":1,"name":"Home","item":"https:\/\/drill-magnet.com\/de\/"},{"@type":"ListItem","position":2,"name":"Shop","item":"https:\/\/drill-magnet.com\/de\/shop\/"},{"@type":"ListItem","position":3,"name":"TCT Kernbohrer"}]},{"@type":"WebSite","@id":"https:\/\/drill-magnet.com\/de\/#website","url":"https:\/\/drill-magnet.com\/de\/","name":"RAHMANI Magnetic drill store group","description":"Buying and selling German, Polish, Belgian and\u00e2\u20ac\u00a6 Magnetic drill | Annular Cutter | Diamond Core Drilling |  Beveling Machine, along with guaranteed specialized repairs","publisher":{"@id":"https:\/\/drill-magnet.com\/de\/#organization"},"potentialAction":[{"@type":"SearchAction","target":{"@type":"EntryPoint","urlTemplate":"https:\/\/drill-magnet.com\/de\/?s={search_term_string}"},"query-input":{"@type":"PropertyValueSpecification","valueRequired":true,"valueName":"search_term_string"}}],"inLanguage":"en-US"},{"@type":["Organization","Place"],"@id":"https:\/\/drill-magnet.com\/de\/#organization","name":"RAHMANI Magnetic drill store group","url":"https:\/\/drill-magnet.com\/de\/","logo":{"@id":"https:\/\/drill-magnet.com\/de\/product\/tct-annular-cutter\/#local-main-organization-logo"},"image":{"@id":"https:\/\/drill-magnet.com\/de\/product\/tct-annular-cutter\/#local-main-organization-logo"},"telephone":[],"openingHoursSpecification":[{"@type":"OpeningHoursSpecification","dayOfWeek":["Sunday","Monday","Tuesday","Wednesday","Thursday","Friday","Saturday"],"opens":"09:00","closes":"17:00"}]},{"@type":"ImageObject","inLanguage":"en-US","@id":"https:\/\/drill-magnet.com\/de\/product\/tct-annular-cutter\/#local-main-organization-logo","url":"https:\/\/drill-magnet.com\/de\/wp-content\/uploads\/2023\/11\/Rahmani-En-Logo-site.png","contentUrl":"https:\/\/drill-magnet.com\/de\/wp-content\/uploads\/2023\/11\/Rahmani-En-Logo-site.png","width":350,"height":100,"caption":"RAHMANI Magnetic drill store group"}]},"product_price_currency":"USD","og_availability":"instock","product_availability":"instock","product_condition":"new"},"_links":{"self":[{"href":"https:\/\/drill-magnet.com\/de\/wp-json\/wp\/v2\/product\/17313","targetHints":{"allow":["GET"]}}],"collection":[{"href":"https:\/\/drill-magnet.com\/de\/wp-json\/wp\/v2\/product"}],"about":[{"href":"https:\/\/drill-magnet.com\/de\/wp-json\/wp\/v2\/types\/product"}],"replies":[{"embeddable":true,"href":"https:\/\/drill-magnet.com\/de\/wp-json\/wp\/v2\/comments?post=17313"}],"version-history":[{"count":3,"href":"https:\/\/drill-magnet.com\/de\/wp-json\/wp\/v2\/product\/17313\/revisions"}],"predecessor-version":[{"id":17770,"href":"https:\/\/drill-magnet.com\/de\/wp-json\/wp\/v2\/product\/17313\/revisions\/17770"}],"wp:featuredmedia":[{"embeddable":true,"href":"https:\/\/drill-magnet.com\/de\/wp-json\/wp\/v2\/media\/17352"}],"wp:attachment":[{"href":"https:\/\/drill-magnet.com\/de\/wp-json\/wp\/v2\/media?parent=17313"}],"wp:term":[{"taxonomy":"product_brand","embeddable":true,"href":"https:\/\/drill-magnet.com\/de\/wp-json\/wp\/v2\/product_brand?post=17313"},{"taxonomy":"product_cat","embeddable":true,"href":"https:\/\/drill-magnet.com\/de\/wp-json\/wp\/v2\/product_cat?post=17313"},{"taxonomy":"product_tag","embeddable":true,"href":"https:\/\/drill-magnet.com\/de\/wp-json\/wp\/v2\/product_tag?post=17313"}],"curies":[{"name":"wp","href":"https:\/\/api.w.org\/{rel}","templated":true}]}}