{"id":16997,"date":"2025-02-20T09:53:07","date_gmt":"2025-02-20T10:53:07","guid":{"rendered":"https:\/\/drill-magnet.com\/en\/?post_type=product&#038;p=16997"},"modified":"2025-08-05T19:27:26","modified_gmt":"2025-08-05T19:27:26","slug":"magnetic-drill-machine-euroboor-eco-80s","status":"publish","type":"product","link":"https:\/\/drill-magnet.com\/de\/product\/magnetic-drill-machine-euroboor-eco-80s\/","title":{"rendered":"Magnetbohrmaschine Euroboor ECO.80S+"},"content":{"rendered":"<div>\n<div class=\"artdetail-usp\">\n<h1 class=\"usp-bullet\"><strong data-start=\"182\" data-end=\"222\">Magnetbohrmaschine Euroboor ECO.80S+<\/strong><\/h1>\n<\/div>\n<\/div>\n<div>\n<p data-start=\"224\" data-end=\"776\">Dank ihres \u00c3\u00b6lgeschmierten Viergang-Getriebes ist unsere tragbare Euroboor ECO.80S+ Magnet-Kernbohrmaschine sowohl f\u00c3\u00bcr Spiralbohrungen als auch f\u00c3\u00bcr gro\u00c3\u0178e Kernbohrdurchmesser hervorragend geeignet.<br data-start=\"427\" data-end=\"430\" \/>Die innovative Elektronik dieser Magnet-Kernbohrmaschine bietet mehr Sicherheit, reduziert das Risiko von Sch\u00c3\u00a4den an Maschine, Werkzeug und Werkst\u00c3\u00bcck erheblich und sch\u00c3\u00bctzt den Benutzer im Falle von \u00c3\u00bcberm\u00c3\u00a4\u00c3\u0178igen Vibrationen oder pl\u00c3\u00b6tzlichen Bewegungen.<br data-start=\"688\" data-end=\"691\" \/>Die Lebensdauer ist deutlich l\u00c3\u00a4nger und hohe Wartungskosten werden vermieden.<\/p>\n<h3 data-start=\"778\" data-end=\"1083\"><strong data-start=\"778\" data-end=\"798\">Technische Daten<\/strong><\/h3>\n<p data-start=\"778\" data-end=\"1083\">Kernbohren: \u00c3\u02dc 12 \u00e2\u20ac\u201c 80 mm<br data-start=\"825\" data-end=\"828\" \/>Spiralbohren: \u00c3\u02dc 1 \u00e2\u20ac\u201c 31,75 mm<br data-start=\"856\" data-end=\"859\" \/>Senken: \u00c3\u02dc 10 \u00e2\u20ac\u201c 85 mm<br data-start=\"879\" data-end=\"882\" \/>L\u00c3\u00a4nge: 365 mm<br data-start=\"895\" data-end=\"898\" \/>Breite: 310 mm<br data-start=\"912\" data-end=\"915\" \/>H\u00c3\u00b6he: 510 \u00e2\u20ac\u201c 710 mm<br data-start=\"933\" data-end=\"936\" \/>Hub: 260 mm<br data-start=\"947\" data-end=\"950\" data-is-only-node=\"\" \/>Gewicht: 27,3 kg<br data-start=\"966\" data-end=\"969\" \/>Magnet (L x B x H): 220 x 110 x 64 mm<br data-start=\"1006\" data-end=\"1009\" \/>Magnetkraft: 3.000 kg<br data-start=\"1030\" data-end=\"1033\" \/>Motorleistung: 1.700 W<br data-start=\"1055\" data-end=\"1058\" \/>Gesamtleistung: 1.800 W<br \/>\nDrehzahl (Leerlauf):<br data-start=\"1109\" data-end=\"1112\" \/>(I) 200 U\/min<br data-start=\"1125\" data-end=\"1128\" \/>(II) 300 U\/min<br data-start=\"1142\" data-end=\"1145\" \/>(III) 415 U\/min<br data-start=\"1160\" data-end=\"1163\" \/>(IV) 650 U\/min<br \/>\nDrehzahl (Belastung 1.700 W, 15,4 A):<br data-start=\"1222\" data-end=\"1225\" \/>(I) 150 U\/min<br data-start=\"1238\" data-end=\"1241\" \/>(II) 200 U\/min<br data-start=\"1255\" data-end=\"1258\" \/>(III) 275 U\/min<br data-start=\"1273\" data-end=\"1276\" \/>(IV) 400 U\/min<br \/>\nSpindel (Weldon): MT3 19,05 mm<br \/>\nSpannung:<br data-start=\"1341\" data-end=\"1344\" \/>110 \u00e2\u20ac\u201c 120 V \/ 60 Hz<br data-start=\"1363\" data-end=\"1366\" \/>220 \u00e2\u20ac\u201c 240 V \/ 50 \u00e2\u20ac\u201c 60 Hz<\/p>\n<h3 data-start=\"1392\" data-end=\"2049\"><strong data-start=\"1392\" data-end=\"1409\">Hauptmerkmale<\/strong><\/h3>\n<p data-start=\"1392\" data-end=\"2049\">Four-speed oil lubricated gearbox<br data-start=\"1445\" data-end=\"1448\" \/>Morsekonus 3 Spindel mit integrierter Werkzeugk\u00c3\u00bchlung und Schmierung<br data-start=\"1516\" data-end=\"1519\" \/>\u00c3\u0153berhitzungsschutz<br data-start=\"1537\" data-end=\"1540\" \/>Starker, CNC-gefr\u00c3\u00a4ster Zweifachmagnet mit Doppelspule \u00e2\u20ac\u201c ben\u00c3\u00b6tigt weniger Energie, erzeugt weniger W\u00c3\u00a4rme und h\u00c3\u00a4lt daher l\u00c3\u00a4nger<br data-start=\"1665\" data-end=\"1668\" \/>Reduziertes Risiko von Sch\u00c3\u00a4den an Maschine, Werkzeugen und Werkst\u00c3\u00bcck sowie Verletzungen des Bedieners<br data-start=\"1769\" data-end=\"1772\" \/>Geeignet f\u00c3\u00bcr den Einsatz an Orten mit instabiler Stromversorgung<br data-start=\"1836\" data-end=\"1839\" \/>Reduziertes Risiko von Sch\u00c3\u00a4den am Anker<br data-start=\"1878\" data-end=\"1881\" data-is-only-node=\"\" \/>Reduziertes Risiko von Sch\u00c3\u00a4den an der Steuereinheit<br data-start=\"1932\" data-end=\"1935\" \/>Service-Benachrichtigung rechtzeitig \u00e2\u20ac\u201c zur Vermeidung unerwarteter Ausfallzeiten oder unn\u00c3\u00b6tiger Ersatzteilkosten<\/p>\n<\/div>\n","protected":false},"excerpt":{"rendered":"<p>Magnetbohrmaschine Euroboor ECO.80S+ Dank ihres \u00c3\u00b6lgeschmierten Viergang-Getriebes ist unsere tragbare Euroboor ECO.80S+ Magnet-Kernbohrmaschine sowohl f\u00c3\u00bcr Spiralbohrungen als auch f\u00c3\u00bcr gro\u00c3\u0178e<\/p>\n","protected":false},"featured_media":17005,"comment_status":"open","ping_status":"closed","template":"","meta":[],"product_brand":[491],"product_cat":[457,444,463],"product_tag":[501],"class_list":{"0":"post-16997","1":"product","2":"type-product","3":"status-publish","4":"has-post-thumbnail","6":"product_brand-euroboor","7":"product_cat-euroboor","8":"product_cat-magnetbohrmaschine","9":"product_cat-universal-magnetic-drill","10":"product_tag-magnetic-drill-machine-euroboor-eco-80s","12":"first","13":"instock","14":"shipping-taxable","15":"product-type-simple"},"yoast_head":"<!-- This site is optimized with the Yoast SEO Premium plugin v23.9 (Yoast SEO v26.1.1) - https:\/\/yoast.com\/wordpress\/plugins\/seo\/ -->\n<title>Magnetbohrmaschine Euroboor ECO.80S+ - RAHMANI Magnetic drill store group<\/title>\n<meta name=\"robots\" content=\"index, follow, max-snippet:-1, max-image-preview:large, max-video-preview:-1\" \/>\n<link rel=\"canonical\" href=\"https:\/\/drill-magnet.com\/de\/product\/magnetic-drill-machine-euroboor-eco-80s\/\" \/>\n<meta property=\"og:locale\" content=\"en_US\" \/>\n<meta property=\"og:type\" content=\"article\" \/>\n<meta property=\"og:title\" content=\"Magnetbohrmaschine Euroboor ECO.80S+\" \/>\n<meta property=\"og:description\" content=\"Magnetbohrmaschine Euroboor ECO.80S+ Dank ihres \u00c3\u00b6lgeschmierten Viergang-Getriebes ist unsere tragbare Euroboor ECO.80S+ Magnet-Kernbohrmaschine sowohl f\u00c3\u00bcr Spiralbohrungen als auch f\u00c3\u00bcr gro\u00c3\u0178e\" \/>\n<meta property=\"og:url\" content=\"https:\/\/drill-magnet.com\/de\/product\/magnetic-drill-machine-euroboor-eco-80s\/\" \/>\n<meta property=\"og:site_name\" content=\"RAHMANI Magnetic drill store group\" \/>\n<meta property=\"article:modified_time\" content=\"2025-08-05T19:27:26+00:00\" \/>\n<meta property=\"og:image\" content=\"https:\/\/drill-magnet.com\/de\/wp-content\/uploads\/2025\/02\/ECO.80-S-Euroboor-Magnetic-Drilling-Machine.png\" \/>\n\t<meta property=\"og:image:width\" content=\"300\" \/>\n\t<meta property=\"og:image:height\" content=\"300\" \/>\n\t<meta property=\"og:image:type\" content=\"image\/png\" \/>\n<meta name=\"twitter:card\" content=\"summary_large_image\" \/>\n<meta name=\"twitter:label1\" content=\"Price\" \/>\n\t<meta name=\"twitter:data1\" content=\"\" \/>\n\t<meta name=\"twitter:label2\" content=\"Availability\" \/>\n\t<meta name=\"twitter:data2\" content=\"In stock\" \/>\n<script type=\"application\/ld+json\" class=\"yoast-schema-graph\">{\"@context\":\"https:\/\/schema.org\",\"@graph\":[{\"@type\":\"WebPage\",\"@id\":\"https:\/\/drill-magnet.com\/de\/product\/magnetic-drill-machine-euroboor-eco-80s\/\",\"url\":\"https:\/\/drill-magnet.com\/de\/product\/magnetic-drill-machine-euroboor-eco-80s\/\",\"name\":\"Magnetbohrmaschine Euroboor ECO.80S+ - RAHMANI Magnetic drill store group\",\"isPartOf\":{\"@id\":\"https:\/\/drill-magnet.com\/de\/#website\"},\"primaryImageOfPage\":{\"@id\":\"https:\/\/drill-magnet.com\/de\/product\/magnetic-drill-machine-euroboor-eco-80s\/#primaryimage\"},\"image\":{\"@id\":\"https:\/\/drill-magnet.com\/de\/product\/magnetic-drill-machine-euroboor-eco-80s\/#primaryimage\"},\"thumbnailUrl\":\"https:\/\/drill-magnet.com\/de\/wp-content\/uploads\/2025\/02\/ECO.80-S-Euroboor-Magnetic-Drilling-Machine.png\",\"datePublished\":\"2025-02-20T10:53:07+00:00\",\"dateModified\":\"2025-08-05T19:27:26+00:00\",\"breadcrumb\":{\"@id\":\"https:\/\/drill-magnet.com\/de\/product\/magnetic-drill-machine-euroboor-eco-80s\/#breadcrumb\"},\"inLanguage\":\"en-US\",\"potentialAction\":[{\"@type\":\"ReadAction\",\"target\":[\"https:\/\/drill-magnet.com\/de\/product\/magnetic-drill-machine-euroboor-eco-80s\/\"]}]},{\"@type\":\"ImageObject\",\"inLanguage\":\"en-US\",\"@id\":\"https:\/\/drill-magnet.com\/de\/product\/magnetic-drill-machine-euroboor-eco-80s\/#primaryimage\",\"url\":\"https:\/\/drill-magnet.com\/de\/wp-content\/uploads\/2025\/02\/ECO.80-S-Euroboor-Magnetic-Drilling-Machine.png\",\"contentUrl\":\"https:\/\/drill-magnet.com\/de\/wp-content\/uploads\/2025\/02\/ECO.80-S-Euroboor-Magnetic-Drilling-Machine.png\",\"width\":300,\"height\":300,\"caption\":\"Magnetic Drill Machine Euroboor ECO.80S+\"},{\"@type\":\"BreadcrumbList\",\"@id\":\"https:\/\/drill-magnet.com\/de\/product\/magnetic-drill-machine-euroboor-eco-80s\/#breadcrumb\",\"itemListElement\":[{\"@type\":\"ListItem\",\"position\":1,\"name\":\"Home\",\"item\":\"https:\/\/drill-magnet.com\/de\/\"},{\"@type\":\"ListItem\",\"position\":2,\"name\":\"Shop\",\"item\":\"https:\/\/drill-magnet.com\/de\/shop\/\"},{\"@type\":\"ListItem\",\"position\":3,\"name\":\"Magnetbohrmaschine Euroboor ECO.80S+\"}]},{\"@type\":\"WebSite\",\"@id\":\"https:\/\/drill-magnet.com\/de\/#website\",\"url\":\"https:\/\/drill-magnet.com\/de\/\",\"name\":\"RAHMANI Magnetic drill store group\",\"description\":\"Buying and selling German, Polish, Belgian and\u00e2\u20ac\u00a6 Magnetic drill | Annular Cutter | Diamond Core Drilling |  Beveling Machine, along with guaranteed specialized repairs\",\"publisher\":{\"@id\":\"https:\/\/drill-magnet.com\/de\/#organization\"},\"potentialAction\":[{\"@type\":\"SearchAction\",\"target\":{\"@type\":\"EntryPoint\",\"urlTemplate\":\"https:\/\/drill-magnet.com\/de\/?s={search_term_string}\"},\"query-input\":{\"@type\":\"PropertyValueSpecification\",\"valueRequired\":true,\"valueName\":\"search_term_string\"}}],\"inLanguage\":\"en-US\"},{\"@type\":[\"Organization\",\"Place\"],\"@id\":\"https:\/\/drill-magnet.com\/de\/#organization\",\"name\":\"RAHMANI Magnetic drill store group\",\"url\":\"https:\/\/drill-magnet.com\/de\/\",\"logo\":{\"@id\":\"https:\/\/drill-magnet.com\/de\/product\/magnetic-drill-machine-euroboor-eco-80s\/#local-main-organization-logo\"},\"image\":{\"@id\":\"https:\/\/drill-magnet.com\/de\/product\/magnetic-drill-machine-euroboor-eco-80s\/#local-main-organization-logo\"},\"telephone\":[],\"openingHoursSpecification\":[{\"@type\":\"OpeningHoursSpecification\",\"dayOfWeek\":[\"Sunday\",\"Monday\",\"Tuesday\",\"Wednesday\",\"Thursday\",\"Friday\",\"Saturday\"],\"opens\":\"09:00\",\"closes\":\"17:00\"}]},{\"@type\":\"ImageObject\",\"inLanguage\":\"en-US\",\"@id\":\"https:\/\/drill-magnet.com\/de\/product\/magnetic-drill-machine-euroboor-eco-80s\/#local-main-organization-logo\",\"url\":\"https:\/\/drill-magnet.com\/de\/wp-content\/uploads\/2023\/11\/Rahmani-En-Logo-site.png\",\"contentUrl\":\"https:\/\/drill-magnet.com\/de\/wp-content\/uploads\/2023\/11\/Rahmani-En-Logo-site.png\",\"width\":350,\"height\":100,\"caption\":\"RAHMANI Magnetic drill store group\"}]}<\/script>\n<meta property=\"product:price:amount\" content=\"0\" \/>\n<meta property=\"product:price:currency\" content=\"USD\" \/>\n<meta property=\"og:availability\" content=\"instock\" \/>\n<meta property=\"product:availability\" content=\"instock\" \/>\n<meta property=\"product:condition\" content=\"new\" \/>\n<!-- \/ Yoast SEO Premium plugin. -->","yoast_head_json":{"title":"Magnetbohrmaschine Euroboor ECO.80S+ - RAHMANI Magnetic drill store group","robots":{"index":"index","follow":"follow","max-snippet":"max-snippet:-1","max-image-preview":"max-image-preview:large","max-video-preview":"max-video-preview:-1"},"canonical":"https:\/\/drill-magnet.com\/de\/product\/magnetic-drill-machine-euroboor-eco-80s\/","og_locale":"en_US","og_type":"article","og_title":"Magnetbohrmaschine Euroboor ECO.80S+","og_description":"Magnetbohrmaschine Euroboor ECO.80S+ Dank ihres \u00c3\u00b6lgeschmierten Viergang-Getriebes ist unsere tragbare Euroboor ECO.80S+ Magnet-Kernbohrmaschine sowohl f\u00c3\u00bcr Spiralbohrungen als auch f\u00c3\u00bcr gro\u00c3\u0178e","og_url":"https:\/\/drill-magnet.com\/de\/product\/magnetic-drill-machine-euroboor-eco-80s\/","og_site_name":"RAHMANI Magnetic drill store group","article_modified_time":"2025-08-05T19:27:26+00:00","og_image":[{"width":300,"height":300,"url":"https:\/\/drill-magnet.com\/de\/wp-content\/uploads\/2025\/02\/ECO.80-S-Euroboor-Magnetic-Drilling-Machine.png","type":"image\/png"}],"twitter_card":"summary_large_image","twitter_misc":{"Price":"","Availability":"In stock"},"schema":{"@context":"https:\/\/schema.org","@graph":[{"@type":"WebPage","@id":"https:\/\/drill-magnet.com\/de\/product\/magnetic-drill-machine-euroboor-eco-80s\/","url":"https:\/\/drill-magnet.com\/de\/product\/magnetic-drill-machine-euroboor-eco-80s\/","name":"Magnetbohrmaschine Euroboor ECO.80S+ - RAHMANI Magnetic drill store group","isPartOf":{"@id":"https:\/\/drill-magnet.com\/de\/#website"},"primaryImageOfPage":{"@id":"https:\/\/drill-magnet.com\/de\/product\/magnetic-drill-machine-euroboor-eco-80s\/#primaryimage"},"image":{"@id":"https:\/\/drill-magnet.com\/de\/product\/magnetic-drill-machine-euroboor-eco-80s\/#primaryimage"},"thumbnailUrl":"https:\/\/drill-magnet.com\/de\/wp-content\/uploads\/2025\/02\/ECO.80-S-Euroboor-Magnetic-Drilling-Machine.png","datePublished":"2025-02-20T10:53:07+00:00","dateModified":"2025-08-05T19:27:26+00:00","breadcrumb":{"@id":"https:\/\/drill-magnet.com\/de\/product\/magnetic-drill-machine-euroboor-eco-80s\/#breadcrumb"},"inLanguage":"en-US","potentialAction":[{"@type":"ReadAction","target":["https:\/\/drill-magnet.com\/de\/product\/magnetic-drill-machine-euroboor-eco-80s\/"]}]},{"@type":"ImageObject","inLanguage":"en-US","@id":"https:\/\/drill-magnet.com\/de\/product\/magnetic-drill-machine-euroboor-eco-80s\/#primaryimage","url":"https:\/\/drill-magnet.com\/de\/wp-content\/uploads\/2025\/02\/ECO.80-S-Euroboor-Magnetic-Drilling-Machine.png","contentUrl":"https:\/\/drill-magnet.com\/de\/wp-content\/uploads\/2025\/02\/ECO.80-S-Euroboor-Magnetic-Drilling-Machine.png","width":300,"height":300,"caption":"Magnetic Drill Machine Euroboor ECO.80S+"},{"@type":"BreadcrumbList","@id":"https:\/\/drill-magnet.com\/de\/product\/magnetic-drill-machine-euroboor-eco-80s\/#breadcrumb","itemListElement":[{"@type":"ListItem","position":1,"name":"Home","item":"https:\/\/drill-magnet.com\/de\/"},{"@type":"ListItem","position":2,"name":"Shop","item":"https:\/\/drill-magnet.com\/de\/shop\/"},{"@type":"ListItem","position":3,"name":"Magnetbohrmaschine Euroboor ECO.80S+"}]},{"@type":"WebSite","@id":"https:\/\/drill-magnet.com\/de\/#website","url":"https:\/\/drill-magnet.com\/de\/","name":"RAHMANI Magnetic drill store group","description":"Buying and selling German, Polish, Belgian and\u00e2\u20ac\u00a6 Magnetic drill | Annular Cutter | Diamond Core Drilling |  Beveling Machine, along with guaranteed specialized repairs","publisher":{"@id":"https:\/\/drill-magnet.com\/de\/#organization"},"potentialAction":[{"@type":"SearchAction","target":{"@type":"EntryPoint","urlTemplate":"https:\/\/drill-magnet.com\/de\/?s={search_term_string}"},"query-input":{"@type":"PropertyValueSpecification","valueRequired":true,"valueName":"search_term_string"}}],"inLanguage":"en-US"},{"@type":["Organization","Place"],"@id":"https:\/\/drill-magnet.com\/de\/#organization","name":"RAHMANI Magnetic drill store group","url":"https:\/\/drill-magnet.com\/de\/","logo":{"@id":"https:\/\/drill-magnet.com\/de\/product\/magnetic-drill-machine-euroboor-eco-80s\/#local-main-organization-logo"},"image":{"@id":"https:\/\/drill-magnet.com\/de\/product\/magnetic-drill-machine-euroboor-eco-80s\/#local-main-organization-logo"},"telephone":[],"openingHoursSpecification":[{"@type":"OpeningHoursSpecification","dayOfWeek":["Sunday","Monday","Tuesday","Wednesday","Thursday","Friday","Saturday"],"opens":"09:00","closes":"17:00"}]},{"@type":"ImageObject","inLanguage":"en-US","@id":"https:\/\/drill-magnet.com\/de\/product\/magnetic-drill-machine-euroboor-eco-80s\/#local-main-organization-logo","url":"https:\/\/drill-magnet.com\/de\/wp-content\/uploads\/2023\/11\/Rahmani-En-Logo-site.png","contentUrl":"https:\/\/drill-magnet.com\/de\/wp-content\/uploads\/2023\/11\/Rahmani-En-Logo-site.png","width":350,"height":100,"caption":"RAHMANI Magnetic drill store group"}]},"product_price_currency":"USD","og_availability":"instock","product_availability":"instock","product_condition":"new"},"_links":{"self":[{"href":"https:\/\/drill-magnet.com\/de\/wp-json\/wp\/v2\/product\/16997","targetHints":{"allow":["GET"]}}],"collection":[{"href":"https:\/\/drill-magnet.com\/de\/wp-json\/wp\/v2\/product"}],"about":[{"href":"https:\/\/drill-magnet.com\/de\/wp-json\/wp\/v2\/types\/product"}],"replies":[{"embeddable":true,"href":"https:\/\/drill-magnet.com\/de\/wp-json\/wp\/v2\/comments?post=16997"}],"version-history":[{"count":2,"href":"https:\/\/drill-magnet.com\/de\/wp-json\/wp\/v2\/product\/16997\/revisions"}],"predecessor-version":[{"id":17752,"href":"https:\/\/drill-magnet.com\/de\/wp-json\/wp\/v2\/product\/16997\/revisions\/17752"}],"wp:featuredmedia":[{"embeddable":true,"href":"https:\/\/drill-magnet.com\/de\/wp-json\/wp\/v2\/media\/17005"}],"wp:attachment":[{"href":"https:\/\/drill-magnet.com\/de\/wp-json\/wp\/v2\/media?parent=16997"}],"wp:term":[{"taxonomy":"product_brand","embeddable":true,"href":"https:\/\/drill-magnet.com\/de\/wp-json\/wp\/v2\/product_brand?post=16997"},{"taxonomy":"product_cat","embeddable":true,"href":"https:\/\/drill-magnet.com\/de\/wp-json\/wp\/v2\/product_cat?post=16997"},{"taxonomy":"product_tag","embeddable":true,"href":"https:\/\/drill-magnet.com\/de\/wp-json\/wp\/v2\/product_tag?post=16997"}],"curies":[{"name":"wp","href":"https:\/\/api.w.org\/{rel}","templated":true}]}}