{"id":16990,"date":"2025-02-20T09:24:47","date_gmt":"2025-02-20T10:24:47","guid":{"rendered":"https:\/\/drill-magnet.com\/en\/?post_type=product&#038;p=16990"},"modified":"2025-08-05T19:36:14","modified_gmt":"2025-08-05T19:36:14","slug":"magnetic-drill-machine-euroboor-eco-50s","status":"publish","type":"product","link":"https:\/\/drill-magnet.com\/de\/product\/magnetic-drill-machine-euroboor-eco-50s\/","title":{"rendered":"Magnetbohrmaschine Euroboor ECO.50S+"},"content":{"rendered":"<div class=\"artdetail-usp\">\n<h1 class=\"usp-bullet\"><strong data-start=\"182\" data-end=\"222\">Magnetbohrmaschine Euroboor ECO.50S+<\/strong><\/h1>\n<\/div>\n<p data-start=\"224\" data-end=\"836\">Die Euroboor ECO.50S+ Magnet-Kernbohrmaschine \u00c3\u00bcbertr\u00c3\u00a4gt ihre maximale Leistung \u00c3\u00bcber ein \u00c3\u00b6lgeschmiertes Zweigang-Getriebe. Dies verbessert die Motoreffizienz sowie die Lebensdauer der Hauptkomponenten.<br data-start=\"440\" data-end=\"443\" \/>Diese tragbare industrielle Magnet-Kernbohrmaschine ist mit innovativer Elektronik ausgestattet, die mehr Sicherheit bietet, das Risiko von Sch\u00c3\u00a4den an Maschine, Werkzeug und Werkst\u00c3\u00bcck deutlich reduziert und den Anwender im Falle von \u00c3\u00bcberm\u00c3\u00a4\u00c3\u0178igen Vibrationen oder pl\u00c3\u00b6tzlicher Bewegung sch\u00c3\u00bctzt.<br data-start=\"746\" data-end=\"749\" \/>Die Lebensdauer wird erheblich verl\u00c3\u00a4ngert und hohe Wartungskosten werden vermieden.<\/p>\n<h2 data-start=\"838\" data-end=\"1146\"><strong data-start=\"838\" data-end=\"867\">Technische Daten ECO.50S+<\/strong><\/h2>\n<p data-start=\"838\" data-end=\"1146\">Kernbohren: \u00c3\u02dc 12 \u00e2\u20ac\u201c 50 mm<br data-start=\"894\" data-end=\"897\" \/>Spiralbohren: \u00c3\u02dc 1 \u00e2\u20ac\u201c 23 mm<br data-start=\"922\" data-end=\"925\" \/>Senken: \u00c3\u02dc 10 \u00e2\u20ac\u201c 55 mm<br data-start=\"945\" data-end=\"948\" \/>L\u00c3\u00a4nge: 320 mm<br data-start=\"961\" data-end=\"964\" \/>Breite: 200 mm<br data-start=\"978\" data-end=\"981\" \/>H\u00c3\u00b6he: 445 \u00e2\u20ac\u201c 615 mm<br data-start=\"999\" data-end=\"1002\" \/>Hub: 170 mm<br data-start=\"1013\" data-end=\"1016\" \/>Gewicht: 12 kg<br data-start=\"1030\" data-end=\"1033\" \/>Magnet (L x B x H): 160 x 80 x 42 mm<br data-start=\"1069\" data-end=\"1072\" data-is-only-node=\"\" \/>Magnetkraft: 1.700 kg<br data-start=\"1093\" data-end=\"1096\" \/>Motorleistung: 1.250 W<br data-start=\"1118\" data-end=\"1121\" \/>Gesamtleistung: 1.300 W<br \/>\nDrehzahl (Leerlauf):<br data-start=\"1172\" data-end=\"1175\" \/>(I) 380 U\/min<br data-start=\"1188\" data-end=\"1191\" \/>(II) 690 U\/min<br \/>\nDrehzahl (Belastung 1.250 W, 11,4 A):<br data-start=\"1250\" data-end=\"1253\" \/>(I) 235 U\/min<br data-start=\"1266\" data-end=\"1269\" \/>(II) 425 U\/min<br \/>\nSpindel (Weldon): MT3 19,05 mm<br \/>\nSpannung:<br data-start=\"1334\" data-end=\"1337\" \/>110 \u00e2\u20ac\u201c 120 V \/ 60 Hz<br data-start=\"1356\" data-end=\"1359\" \/>220 \u00e2\u20ac\u201c 240 V \/ 50 \u00e2\u20ac\u201c 60 Hz<\/p>\n<h3 data-start=\"1385\" data-end=\"1512\"><strong data-start=\"1385\" data-end=\"1411\">Hauptmerkmale ECO.50S+<\/strong><\/h3>\n<p data-start=\"1385\" data-end=\"1512\">High-accuracy capstan hub<br data-start=\"1439\" data-end=\"1442\" \/>Morsekonus 3 Spindel mit integrierter Werkzeugk\u00c3\u00bchlung und Schmierung<\/p>\n<p data-start=\"1514\" data-end=\"1610\"><strong data-start=\"1514\" data-end=\"1542\">Integrierte F\u00c3\u00bchrung f\u00c3\u00bcr:<\/strong><br data-start=\"1542\" data-end=\"1545\" \/>Hohe Genauigkeit<br data-start=\"1561\" data-end=\"1564\" \/>Verl\u00c3\u00a4ngerte Lebensdauer<br data-start=\"1587\" data-end=\"1590\" \/>Minimale Vibration<\/p>\n<p data-start=\"1612\" data-end=\"1717\"><strong data-start=\"1612\" data-end=\"1657\">H\u00c3\u00b6henverstellung mit hoher Pr\u00c3\u00a4zision f\u00c3\u00bcr:<\/strong><br data-start=\"1657\" data-end=\"1660\" \/>Geringen Wartungsaufwand<br data-start=\"1684\" data-end=\"1687\" \/>Minimale Verschlei\u00c3\u0178korrektur<\/p>\n<p data-start=\"1719\" data-end=\"2247\">Starker CNC-gefr\u00c3\u00a4ster Zweifachmagnet mit Doppelspule \u00e2\u20ac\u201c verbraucht weniger Energie, erzeugt weniger W\u00c3\u00a4rme und h\u00c3\u00a4lt dadurch l\u00c3\u00a4nger<br data-start=\"1847\" data-end=\"1850\" \/>Reduziertes Risiko von Sch\u00c3\u00a4den an Maschine, Werkzeugen und Werkst\u00c3\u00bcck sowie Verletzungen des Bedieners<br data-start=\"1951\" data-end=\"1954\" \/>Geeignet f\u00c3\u00bcr Einsatzorte mit minderwertiger Stromversorgung<br data-start=\"2013\" data-end=\"2016\" \/>Reduziertes Risiko von Sch\u00c3\u00a4den am Anker<br data-start=\"2055\" data-end=\"2058\" \/>Reduziertes Risiko von Sch\u00c3\u00a4den an der Steuereinheit<br data-start=\"2109\" data-end=\"2112\" \/>Service-Benachrichtigung rechtzeitig \u00e2\u20ac\u201c zur Vermeidung zus\u00c3\u00a4tzlicher Kosten durch unerwartete Ausfallzeiten oder unn\u00c3\u00b6tigen Teileaustausch<\/p>\n","protected":false},"excerpt":{"rendered":"<p>Magnetbohrmaschine Euroboor ECO.50S+ Die Euroboor ECO.50S+ Magnet-Kernbohrmaschine \u00c3\u00bcbertr\u00c3\u00a4gt ihre maximale Leistung \u00c3\u00bcber ein \u00c3\u00b6lgeschmiertes Zweigang-Getriebe. Dies verbessert die Motoreffizienz sowie<\/p>\n","protected":false},"featured_media":17011,"comment_status":"open","ping_status":"closed","template":"","meta":[],"product_brand":[488],"product_cat":[457,444,463],"product_tag":[498],"class_list":{"0":"post-16990","1":"product","2":"type-product","3":"status-publish","4":"has-post-thumbnail","6":"product_brand-eibenstock","7":"product_cat-euroboor","8":"product_cat-magnetbohrmaschine","9":"product_cat-universal-magnetic-drill","10":"product_tag-magnetic-drill-machine-euroboor-eco-50s","12":"first","13":"instock","14":"shipping-taxable","15":"product-type-simple"},"yoast_head":"<!-- This site is optimized with the Yoast SEO Premium plugin v23.9 (Yoast SEO v26.1.1) - https:\/\/yoast.com\/wordpress\/plugins\/seo\/ -->\n<title>Magnetbohrmaschine Euroboor ECO.50S+ - RAHMANI Magnetic drill store group<\/title>\n<meta name=\"robots\" content=\"index, follow, max-snippet:-1, max-image-preview:large, max-video-preview:-1\" \/>\n<link rel=\"canonical\" href=\"https:\/\/drill-magnet.com\/de\/product\/magnetic-drill-machine-euroboor-eco-50s\/\" \/>\n<meta property=\"og:locale\" content=\"en_US\" \/>\n<meta property=\"og:type\" content=\"article\" \/>\n<meta property=\"og:title\" content=\"Magnetbohrmaschine Euroboor ECO.50S+\" \/>\n<meta property=\"og:description\" content=\"Magnetbohrmaschine Euroboor ECO.50S+ Die Euroboor ECO.50S+ Magnet-Kernbohrmaschine \u00c3\u00bcbertr\u00c3\u00a4gt ihre maximale Leistung \u00c3\u00bcber ein \u00c3\u00b6lgeschmiertes Zweigang-Getriebe. Dies verbessert die Motoreffizienz sowie\" \/>\n<meta property=\"og:url\" content=\"https:\/\/drill-magnet.com\/de\/product\/magnetic-drill-machine-euroboor-eco-50s\/\" \/>\n<meta property=\"og:site_name\" content=\"RAHMANI Magnetic drill store group\" \/>\n<meta property=\"article:modified_time\" content=\"2025-08-05T19:36:14+00:00\" \/>\n<meta property=\"og:image\" content=\"https:\/\/drill-magnet.com\/de\/wp-content\/uploads\/2025\/02\/ECO.50-S-Euroboor-Magnetic-Drilling-Machine.png\" \/>\n\t<meta property=\"og:image:width\" content=\"300\" \/>\n\t<meta property=\"og:image:height\" content=\"300\" \/>\n\t<meta property=\"og:image:type\" content=\"image\/png\" \/>\n<meta name=\"twitter:card\" content=\"summary_large_image\" \/>\n<meta name=\"twitter:label1\" content=\"Price\" \/>\n\t<meta name=\"twitter:data1\" content=\"\" \/>\n\t<meta name=\"twitter:label2\" content=\"Availability\" \/>\n\t<meta name=\"twitter:data2\" content=\"In stock\" \/>\n<script type=\"application\/ld+json\" class=\"yoast-schema-graph\">{\"@context\":\"https:\/\/schema.org\",\"@graph\":[{\"@type\":\"WebPage\",\"@id\":\"https:\/\/drill-magnet.com\/de\/product\/magnetic-drill-machine-euroboor-eco-50s\/\",\"url\":\"https:\/\/drill-magnet.com\/de\/product\/magnetic-drill-machine-euroboor-eco-50s\/\",\"name\":\"Magnetbohrmaschine Euroboor ECO.50S+ - RAHMANI Magnetic drill store group\",\"isPartOf\":{\"@id\":\"https:\/\/drill-magnet.com\/de\/#website\"},\"primaryImageOfPage\":{\"@id\":\"https:\/\/drill-magnet.com\/de\/product\/magnetic-drill-machine-euroboor-eco-50s\/#primaryimage\"},\"image\":{\"@id\":\"https:\/\/drill-magnet.com\/de\/product\/magnetic-drill-machine-euroboor-eco-50s\/#primaryimage\"},\"thumbnailUrl\":\"https:\/\/drill-magnet.com\/de\/wp-content\/uploads\/2025\/02\/ECO.50-S-Euroboor-Magnetic-Drilling-Machine.png\",\"datePublished\":\"2025-02-20T10:24:47+00:00\",\"dateModified\":\"2025-08-05T19:36:14+00:00\",\"breadcrumb\":{\"@id\":\"https:\/\/drill-magnet.com\/de\/product\/magnetic-drill-machine-euroboor-eco-50s\/#breadcrumb\"},\"inLanguage\":\"en-US\",\"potentialAction\":[{\"@type\":\"ReadAction\",\"target\":[\"https:\/\/drill-magnet.com\/de\/product\/magnetic-drill-machine-euroboor-eco-50s\/\"]}]},{\"@type\":\"ImageObject\",\"inLanguage\":\"en-US\",\"@id\":\"https:\/\/drill-magnet.com\/de\/product\/magnetic-drill-machine-euroboor-eco-50s\/#primaryimage\",\"url\":\"https:\/\/drill-magnet.com\/de\/wp-content\/uploads\/2025\/02\/ECO.50-S-Euroboor-Magnetic-Drilling-Machine.png\",\"contentUrl\":\"https:\/\/drill-magnet.com\/de\/wp-content\/uploads\/2025\/02\/ECO.50-S-Euroboor-Magnetic-Drilling-Machine.png\",\"width\":300,\"height\":300,\"caption\":\"Magnetic Drill Machine Euroboor ECO.50S+\"},{\"@type\":\"BreadcrumbList\",\"@id\":\"https:\/\/drill-magnet.com\/de\/product\/magnetic-drill-machine-euroboor-eco-50s\/#breadcrumb\",\"itemListElement\":[{\"@type\":\"ListItem\",\"position\":1,\"name\":\"Home\",\"item\":\"https:\/\/drill-magnet.com\/de\/\"},{\"@type\":\"ListItem\",\"position\":2,\"name\":\"Shop\",\"item\":\"https:\/\/drill-magnet.com\/de\/shop\/\"},{\"@type\":\"ListItem\",\"position\":3,\"name\":\"Magnetbohrmaschine Euroboor ECO.50S+\"}]},{\"@type\":\"WebSite\",\"@id\":\"https:\/\/drill-magnet.com\/de\/#website\",\"url\":\"https:\/\/drill-magnet.com\/de\/\",\"name\":\"RAHMANI Magnetic drill store group\",\"description\":\"Buying and selling German, Polish, Belgian and\u00e2\u20ac\u00a6 Magnetic drill | Annular Cutter | Diamond Core Drilling |  Beveling Machine, along with guaranteed specialized repairs\",\"publisher\":{\"@id\":\"https:\/\/drill-magnet.com\/de\/#organization\"},\"potentialAction\":[{\"@type\":\"SearchAction\",\"target\":{\"@type\":\"EntryPoint\",\"urlTemplate\":\"https:\/\/drill-magnet.com\/de\/?s={search_term_string}\"},\"query-input\":{\"@type\":\"PropertyValueSpecification\",\"valueRequired\":true,\"valueName\":\"search_term_string\"}}],\"inLanguage\":\"en-US\"},{\"@type\":[\"Organization\",\"Place\"],\"@id\":\"https:\/\/drill-magnet.com\/de\/#organization\",\"name\":\"RAHMANI Magnetic drill store group\",\"url\":\"https:\/\/drill-magnet.com\/de\/\",\"logo\":{\"@id\":\"https:\/\/drill-magnet.com\/de\/product\/magnetic-drill-machine-euroboor-eco-50s\/#local-main-organization-logo\"},\"image\":{\"@id\":\"https:\/\/drill-magnet.com\/de\/product\/magnetic-drill-machine-euroboor-eco-50s\/#local-main-organization-logo\"},\"telephone\":[],\"openingHoursSpecification\":[{\"@type\":\"OpeningHoursSpecification\",\"dayOfWeek\":[\"Sunday\",\"Monday\",\"Tuesday\",\"Wednesday\",\"Thursday\",\"Friday\",\"Saturday\"],\"opens\":\"09:00\",\"closes\":\"17:00\"}]},{\"@type\":\"ImageObject\",\"inLanguage\":\"en-US\",\"@id\":\"https:\/\/drill-magnet.com\/de\/product\/magnetic-drill-machine-euroboor-eco-50s\/#local-main-organization-logo\",\"url\":\"https:\/\/drill-magnet.com\/de\/wp-content\/uploads\/2023\/11\/Rahmani-En-Logo-site.png\",\"contentUrl\":\"https:\/\/drill-magnet.com\/de\/wp-content\/uploads\/2023\/11\/Rahmani-En-Logo-site.png\",\"width\":350,\"height\":100,\"caption\":\"RAHMANI Magnetic drill store group\"}]}<\/script>\n<meta property=\"product:price:amount\" content=\"0\" \/>\n<meta property=\"product:price:currency\" content=\"USD\" \/>\n<meta property=\"og:availability\" content=\"instock\" \/>\n<meta property=\"product:availability\" content=\"instock\" \/>\n<meta property=\"product:condition\" content=\"new\" \/>\n<!-- \/ Yoast SEO Premium plugin. -->","yoast_head_json":{"title":"Magnetbohrmaschine Euroboor ECO.50S+ - RAHMANI Magnetic drill store group","robots":{"index":"index","follow":"follow","max-snippet":"max-snippet:-1","max-image-preview":"max-image-preview:large","max-video-preview":"max-video-preview:-1"},"canonical":"https:\/\/drill-magnet.com\/de\/product\/magnetic-drill-machine-euroboor-eco-50s\/","og_locale":"en_US","og_type":"article","og_title":"Magnetbohrmaschine Euroboor ECO.50S+","og_description":"Magnetbohrmaschine Euroboor ECO.50S+ Die Euroboor ECO.50S+ Magnet-Kernbohrmaschine \u00c3\u00bcbertr\u00c3\u00a4gt ihre maximale Leistung \u00c3\u00bcber ein \u00c3\u00b6lgeschmiertes Zweigang-Getriebe. Dies verbessert die Motoreffizienz sowie","og_url":"https:\/\/drill-magnet.com\/de\/product\/magnetic-drill-machine-euroboor-eco-50s\/","og_site_name":"RAHMANI Magnetic drill store group","article_modified_time":"2025-08-05T19:36:14+00:00","og_image":[{"width":300,"height":300,"url":"https:\/\/drill-magnet.com\/de\/wp-content\/uploads\/2025\/02\/ECO.50-S-Euroboor-Magnetic-Drilling-Machine.png","type":"image\/png"}],"twitter_card":"summary_large_image","twitter_misc":{"Price":"","Availability":"In stock"},"schema":{"@context":"https:\/\/schema.org","@graph":[{"@type":"WebPage","@id":"https:\/\/drill-magnet.com\/de\/product\/magnetic-drill-machine-euroboor-eco-50s\/","url":"https:\/\/drill-magnet.com\/de\/product\/magnetic-drill-machine-euroboor-eco-50s\/","name":"Magnetbohrmaschine Euroboor ECO.50S+ - RAHMANI Magnetic drill store group","isPartOf":{"@id":"https:\/\/drill-magnet.com\/de\/#website"},"primaryImageOfPage":{"@id":"https:\/\/drill-magnet.com\/de\/product\/magnetic-drill-machine-euroboor-eco-50s\/#primaryimage"},"image":{"@id":"https:\/\/drill-magnet.com\/de\/product\/magnetic-drill-machine-euroboor-eco-50s\/#primaryimage"},"thumbnailUrl":"https:\/\/drill-magnet.com\/de\/wp-content\/uploads\/2025\/02\/ECO.50-S-Euroboor-Magnetic-Drilling-Machine.png","datePublished":"2025-02-20T10:24:47+00:00","dateModified":"2025-08-05T19:36:14+00:00","breadcrumb":{"@id":"https:\/\/drill-magnet.com\/de\/product\/magnetic-drill-machine-euroboor-eco-50s\/#breadcrumb"},"inLanguage":"en-US","potentialAction":[{"@type":"ReadAction","target":["https:\/\/drill-magnet.com\/de\/product\/magnetic-drill-machine-euroboor-eco-50s\/"]}]},{"@type":"ImageObject","inLanguage":"en-US","@id":"https:\/\/drill-magnet.com\/de\/product\/magnetic-drill-machine-euroboor-eco-50s\/#primaryimage","url":"https:\/\/drill-magnet.com\/de\/wp-content\/uploads\/2025\/02\/ECO.50-S-Euroboor-Magnetic-Drilling-Machine.png","contentUrl":"https:\/\/drill-magnet.com\/de\/wp-content\/uploads\/2025\/02\/ECO.50-S-Euroboor-Magnetic-Drilling-Machine.png","width":300,"height":300,"caption":"Magnetic Drill Machine Euroboor ECO.50S+"},{"@type":"BreadcrumbList","@id":"https:\/\/drill-magnet.com\/de\/product\/magnetic-drill-machine-euroboor-eco-50s\/#breadcrumb","itemListElement":[{"@type":"ListItem","position":1,"name":"Home","item":"https:\/\/drill-magnet.com\/de\/"},{"@type":"ListItem","position":2,"name":"Shop","item":"https:\/\/drill-magnet.com\/de\/shop\/"},{"@type":"ListItem","position":3,"name":"Magnetbohrmaschine Euroboor ECO.50S+"}]},{"@type":"WebSite","@id":"https:\/\/drill-magnet.com\/de\/#website","url":"https:\/\/drill-magnet.com\/de\/","name":"RAHMANI Magnetic drill store group","description":"Buying and selling German, Polish, Belgian and\u00e2\u20ac\u00a6 Magnetic drill | Annular Cutter | Diamond Core Drilling |  Beveling Machine, along with guaranteed specialized repairs","publisher":{"@id":"https:\/\/drill-magnet.com\/de\/#organization"},"potentialAction":[{"@type":"SearchAction","target":{"@type":"EntryPoint","urlTemplate":"https:\/\/drill-magnet.com\/de\/?s={search_term_string}"},"query-input":{"@type":"PropertyValueSpecification","valueRequired":true,"valueName":"search_term_string"}}],"inLanguage":"en-US"},{"@type":["Organization","Place"],"@id":"https:\/\/drill-magnet.com\/de\/#organization","name":"RAHMANI Magnetic drill store group","url":"https:\/\/drill-magnet.com\/de\/","logo":{"@id":"https:\/\/drill-magnet.com\/de\/product\/magnetic-drill-machine-euroboor-eco-50s\/#local-main-organization-logo"},"image":{"@id":"https:\/\/drill-magnet.com\/de\/product\/magnetic-drill-machine-euroboor-eco-50s\/#local-main-organization-logo"},"telephone":[],"openingHoursSpecification":[{"@type":"OpeningHoursSpecification","dayOfWeek":["Sunday","Monday","Tuesday","Wednesday","Thursday","Friday","Saturday"],"opens":"09:00","closes":"17:00"}]},{"@type":"ImageObject","inLanguage":"en-US","@id":"https:\/\/drill-magnet.com\/de\/product\/magnetic-drill-machine-euroboor-eco-50s\/#local-main-organization-logo","url":"https:\/\/drill-magnet.com\/de\/wp-content\/uploads\/2023\/11\/Rahmani-En-Logo-site.png","contentUrl":"https:\/\/drill-magnet.com\/de\/wp-content\/uploads\/2023\/11\/Rahmani-En-Logo-site.png","width":350,"height":100,"caption":"RAHMANI Magnetic drill store group"}]},"product_price_currency":"USD","og_availability":"instock","product_availability":"instock","product_condition":"new"},"_links":{"self":[{"href":"https:\/\/drill-magnet.com\/de\/wp-json\/wp\/v2\/product\/16990","targetHints":{"allow":["GET"]}}],"collection":[{"href":"https:\/\/drill-magnet.com\/de\/wp-json\/wp\/v2\/product"}],"about":[{"href":"https:\/\/drill-magnet.com\/de\/wp-json\/wp\/v2\/types\/product"}],"replies":[{"embeddable":true,"href":"https:\/\/drill-magnet.com\/de\/wp-json\/wp\/v2\/comments?post=16990"}],"version-history":[{"count":2,"href":"https:\/\/drill-magnet.com\/de\/wp-json\/wp\/v2\/product\/16990\/revisions"}],"predecessor-version":[{"id":17756,"href":"https:\/\/drill-magnet.com\/de\/wp-json\/wp\/v2\/product\/16990\/revisions\/17756"}],"wp:featuredmedia":[{"embeddable":true,"href":"https:\/\/drill-magnet.com\/de\/wp-json\/wp\/v2\/media\/17011"}],"wp:attachment":[{"href":"https:\/\/drill-magnet.com\/de\/wp-json\/wp\/v2\/media?parent=16990"}],"wp:term":[{"taxonomy":"product_brand","embeddable":true,"href":"https:\/\/drill-magnet.com\/de\/wp-json\/wp\/v2\/product_brand?post=16990"},{"taxonomy":"product_cat","embeddable":true,"href":"https:\/\/drill-magnet.com\/de\/wp-json\/wp\/v2\/product_cat?post=16990"},{"taxonomy":"product_tag","embeddable":true,"href":"https:\/\/drill-magnet.com\/de\/wp-json\/wp\/v2\/product_tag?post=16990"}],"curies":[{"name":"wp","href":"https:\/\/api.w.org\/{rel}","templated":true}]}}