{"id":16987,"date":"2025-02-20T09:06:06","date_gmt":"2025-02-20T10:06:06","guid":{"rendered":"https:\/\/drill-magnet.com\/en\/?post_type=product&#038;p=16987"},"modified":"2025-08-05T19:38:58","modified_gmt":"2025-08-05T19:38:58","slug":"magnetic-drill-machine-euroboor-eco-40s-ic","status":"publish","type":"product","link":"https:\/\/drill-magnet.com\/de\/product\/magnetic-drill-machine-euroboor-eco-40s-ic\/","title":{"rendered":"Magnetbohrmaschine Euroboor ECO.40S+\/IC"},"content":{"rendered":"<div class=\"artdetail-usp\">\n<h1 class=\"usp-bullet\"><strong data-start=\"188\" data-end=\"231\">Magnetbohrmaschine Euroboor ECO.40S+\/IC<\/strong><\/h1>\n<\/div>\n<div>\n<p data-start=\"233\" data-end=\"875\">Unsere kompakte Euroboor ECO.40\/2+ ist die perfekte Magnet-Kernbohrmaschine f\u00c3\u00bcr Kernbohrungen bis 40 mm (1 9\/16\u00e2\u20ac\u00b3) und Spiralbohrungen bis 13 mm (1\/2\u00e2\u20ac\u00b3).<br data-start=\"396\" data-end=\"399\" \/>Die innovativen elektronischen Komponenten dieser Magnet-Kernbohrmaschine bieten h\u00c3\u00b6here Sicherheit, reduzieren deutlich das Risiko von Sch\u00c3\u00a4den an Maschine, Werkzeug und Werkst\u00c3\u00bcck und sch\u00c3\u00bctzen den Anwender bei \u00c3\u00bcberm\u00c3\u00a4\u00c3\u0178igen Vibrationen oder pl\u00c3\u00b6tzlichen Bewegungen.<br data-start=\"672\" data-end=\"675\" \/>Die Lebensdauer wird erheblich verl\u00c3\u00a4ngert und hohe Wartungskosten werden vermieden.<br data-start=\"766\" data-end=\"769\" \/>Diese leichte und zuverl\u00c3\u00a4ssige Magnetbohrmaschine ist eine wertvolle Erg\u00c3\u00a4nzung f\u00c3\u00bcr jeden Arbeitsplatz.<\/p>\n<h2 data-start=\"877\" data-end=\"1190\"><strong data-start=\"877\" data-end=\"909\">Technische Daten ECO.40S+\/IC<\/strong><\/h2>\n<p data-start=\"877\" data-end=\"1190\">Kernbohren: \u00c3\u02dc 12 \u00e2\u20ac\u201c 40 mm<br data-start=\"936\" data-end=\"939\" \/>Spiralbohren: \u00c3\u02dc 1 \u00e2\u20ac\u201c 16 mm<br data-start=\"964\" data-end=\"967\" \/>Senken: \u00c3\u02dc 10 \u00e2\u20ac\u201c 45 mm<br data-start=\"987\" data-end=\"990\" \/>L\u00c3\u00a4nge: 264 mm<br data-start=\"1003\" data-end=\"1006\" \/>Breite: 180 mm<br data-start=\"1020\" data-end=\"1023\" \/>H\u00c3\u00b6he: 360 \u00e2\u20ac\u201c 440 mm<br data-start=\"1041\" data-end=\"1044\" \/>Hub: 145 mm<br data-start=\"1055\" data-end=\"1058\" \/>Gewicht: 10,5 kg<br data-start=\"1074\" data-end=\"1077\" \/>Magnet (L x B x H): 160 x 80 x 42 mm<br data-start=\"1113\" data-end=\"1116\" data-is-only-node=\"\" \/>Magnetkraft: 1.500 kg<br data-start=\"1137\" data-end=\"1140\" \/>Motorleistung: 1.150 W<br data-start=\"1162\" data-end=\"1165\" \/>Gesamtleistung: 1.200 W<br \/>\nDrehzahl (Leerlauf): 600 U\/min<br data-start=\"1226\" data-end=\"1229\" \/>Drehzahl (Belastung 1.150 W, 10,5 A): 380 U\/min<br \/>\nSpindel (Weldon): 19,05 mm<br \/>\nSpannung:<br data-start=\"1327\" data-end=\"1330\" \/>110 \u00e2\u20ac\u201c 120 V \/ 60 Hz<br data-start=\"1349\" data-end=\"1352\" \/>220 \u00e2\u20ac\u201c 240 V \/ 50 \u00e2\u20ac\u201c 60 Hz<\/p>\n<h3 data-start=\"1378\" data-end=\"1502\"><strong data-start=\"1378\" data-end=\"1407\">Hauptmerkmale ECO.40S+\/IC<\/strong><\/h3>\n<p data-start=\"1378\" data-end=\"1502\">Integrierte F\u00c3\u00bchrung f\u00c3\u00bcr:<br data-start=\"1434\" data-end=\"1437\" \/>Hohe Genauigkeit<br data-start=\"1453\" data-end=\"1456\" \/>Verl\u00c3\u00a4ngerte Lebensdauer<br data-start=\"1479\" data-end=\"1482\" \/>Minimale Vibration<\/p>\n<p data-start=\"1504\" data-end=\"1576\">Direktantrieb der Spindel<br data-start=\"1529\" data-end=\"1532\" \/>Integrierte Werkzeugk\u00c3\u00bchlung und Schmierung<\/p>\n<p data-start=\"1578\" data-end=\"1683\"><strong data-start=\"1578\" data-end=\"1623\">H\u00c3\u00b6henverstellung mit hoher Pr\u00c3\u00a4zision f\u00c3\u00bcr:<\/strong><br data-start=\"1623\" data-end=\"1626\" \/>Geringen Wartungsaufwand<br data-start=\"1650\" data-end=\"1653\" \/>Minimale Verschlei\u00c3\u0178korrektur<\/p>\n<p data-start=\"1685\" data-end=\"1813\">Starker CNC-gefr\u00c3\u00a4ster Zweifachmagnet mit Doppelspule \u00e2\u20ac\u201c verbraucht weniger Energie, erzeugt weniger W\u00c3\u00a4rme und h\u00c3\u00a4lt daher l\u00c3\u00a4nger<\/p>\n<p data-start=\"1815\" data-end=\"1925\">Umschaltbare Handgriffe erm\u00c3\u00b6glichen den Seitenwechsel der Vorschubhebel \u00e2\u20ac\u201c ideal f\u00c3\u00bcr enge Arbeitsbereiche<\/p>\n<\/div>\n","protected":false},"excerpt":{"rendered":"<p>Magnetbohrmaschine Euroboor ECO.40S+\/IC Unsere kompakte Euroboor ECO.40\/2+ ist die perfekte Magnet-Kernbohrmaschine f\u00c3\u00bcr Kernbohrungen bis 40 mm (1 9\/16\u00e2\u20ac\u00b3) und Spiralbohrungen<\/p>\n","protected":false},"featured_media":17013,"comment_status":"open","ping_status":"closed","template":"","meta":[],"product_brand":[491],"product_cat":[461,457,444],"product_tag":[499],"class_list":{"0":"post-16987","1":"product","2":"type-product","3":"status-publish","4":"has-post-thumbnail","6":"product_brand-euroboor","7":"product_cat-endurance-magnetic-drill","8":"product_cat-euroboor","9":"product_cat-magnetbohrmaschine","10":"product_tag-magnetic-drill-machine-euroboor-eco-40s-ic","12":"first","13":"instock","14":"shipping-taxable","15":"product-type-simple"},"yoast_head":"<!-- This site is optimized with the Yoast SEO Premium plugin v23.9 (Yoast SEO v26.1.1) - https:\/\/yoast.com\/wordpress\/plugins\/seo\/ -->\n<title>Magnetbohrmaschine Euroboor ECO.40S+\/IC - RAHMANI Magnetic drill store group<\/title>\n<meta name=\"robots\" content=\"index, follow, max-snippet:-1, max-image-preview:large, max-video-preview:-1\" \/>\n<link rel=\"canonical\" href=\"https:\/\/drill-magnet.com\/de\/product\/magnetic-drill-machine-euroboor-eco-40s-ic\/\" \/>\n<meta property=\"og:locale\" content=\"en_US\" \/>\n<meta property=\"og:type\" content=\"article\" \/>\n<meta property=\"og:title\" content=\"Magnetbohrmaschine Euroboor ECO.40S+\/IC\" \/>\n<meta property=\"og:description\" content=\"Magnetbohrmaschine Euroboor ECO.40S+\/IC Unsere kompakte Euroboor ECO.40\/2+ ist die perfekte Magnet-Kernbohrmaschine f\u00c3\u00bcr Kernbohrungen bis 40 mm (1 9\/16\u00e2\u20ac\u00b3) und Spiralbohrungen\" \/>\n<meta property=\"og:url\" content=\"https:\/\/drill-magnet.com\/de\/product\/magnetic-drill-machine-euroboor-eco-40s-ic\/\" \/>\n<meta property=\"og:site_name\" content=\"RAHMANI Magnetic drill store group\" \/>\n<meta property=\"article:modified_time\" content=\"2025-08-05T19:38:58+00:00\" \/>\n<meta property=\"og:image\" content=\"https:\/\/drill-magnet.com\/de\/wp-content\/uploads\/2025\/02\/ECO.40SIC-Euroboor-Magnetic-Drilling-Machine.png\" \/>\n\t<meta property=\"og:image:width\" content=\"300\" \/>\n\t<meta property=\"og:image:height\" content=\"300\" \/>\n\t<meta property=\"og:image:type\" content=\"image\/png\" \/>\n<meta name=\"twitter:card\" content=\"summary_large_image\" \/>\n<meta name=\"twitter:label1\" content=\"Price\" \/>\n\t<meta name=\"twitter:data1\" content=\"\" \/>\n\t<meta name=\"twitter:label2\" content=\"Availability\" \/>\n\t<meta name=\"twitter:data2\" content=\"In stock\" \/>\n<script type=\"application\/ld+json\" class=\"yoast-schema-graph\">{\"@context\":\"https:\/\/schema.org\",\"@graph\":[{\"@type\":\"WebPage\",\"@id\":\"https:\/\/drill-magnet.com\/de\/product\/magnetic-drill-machine-euroboor-eco-40s-ic\/\",\"url\":\"https:\/\/drill-magnet.com\/de\/product\/magnetic-drill-machine-euroboor-eco-40s-ic\/\",\"name\":\"Magnetbohrmaschine Euroboor ECO.40S+\/IC - RAHMANI Magnetic drill store group\",\"isPartOf\":{\"@id\":\"https:\/\/drill-magnet.com\/de\/#website\"},\"primaryImageOfPage\":{\"@id\":\"https:\/\/drill-magnet.com\/de\/product\/magnetic-drill-machine-euroboor-eco-40s-ic\/#primaryimage\"},\"image\":{\"@id\":\"https:\/\/drill-magnet.com\/de\/product\/magnetic-drill-machine-euroboor-eco-40s-ic\/#primaryimage\"},\"thumbnailUrl\":\"https:\/\/drill-magnet.com\/de\/wp-content\/uploads\/2025\/02\/ECO.40SIC-Euroboor-Magnetic-Drilling-Machine.png\",\"datePublished\":\"2025-02-20T10:06:06+00:00\",\"dateModified\":\"2025-08-05T19:38:58+00:00\",\"breadcrumb\":{\"@id\":\"https:\/\/drill-magnet.com\/de\/product\/magnetic-drill-machine-euroboor-eco-40s-ic\/#breadcrumb\"},\"inLanguage\":\"en-US\",\"potentialAction\":[{\"@type\":\"ReadAction\",\"target\":[\"https:\/\/drill-magnet.com\/de\/product\/magnetic-drill-machine-euroboor-eco-40s-ic\/\"]}]},{\"@type\":\"ImageObject\",\"inLanguage\":\"en-US\",\"@id\":\"https:\/\/drill-magnet.com\/de\/product\/magnetic-drill-machine-euroboor-eco-40s-ic\/#primaryimage\",\"url\":\"https:\/\/drill-magnet.com\/de\/wp-content\/uploads\/2025\/02\/ECO.40SIC-Euroboor-Magnetic-Drilling-Machine.png\",\"contentUrl\":\"https:\/\/drill-magnet.com\/de\/wp-content\/uploads\/2025\/02\/ECO.40SIC-Euroboor-Magnetic-Drilling-Machine.png\",\"width\":300,\"height\":300,\"caption\":\"Magnetic Drill Machine Euroboor ECO.40S+\/IC\"},{\"@type\":\"BreadcrumbList\",\"@id\":\"https:\/\/drill-magnet.com\/de\/product\/magnetic-drill-machine-euroboor-eco-40s-ic\/#breadcrumb\",\"itemListElement\":[{\"@type\":\"ListItem\",\"position\":1,\"name\":\"Home\",\"item\":\"https:\/\/drill-magnet.com\/de\/\"},{\"@type\":\"ListItem\",\"position\":2,\"name\":\"Shop\",\"item\":\"https:\/\/drill-magnet.com\/de\/shop\/\"},{\"@type\":\"ListItem\",\"position\":3,\"name\":\"Magnetbohrmaschine Euroboor ECO.40S+\/IC\"}]},{\"@type\":\"WebSite\",\"@id\":\"https:\/\/drill-magnet.com\/de\/#website\",\"url\":\"https:\/\/drill-magnet.com\/de\/\",\"name\":\"RAHMANI Magnetic drill store group\",\"description\":\"Buying and selling German, Polish, Belgian and\u00e2\u20ac\u00a6 Magnetic drill | Annular Cutter | Diamond Core Drilling |  Beveling Machine, along with guaranteed specialized repairs\",\"publisher\":{\"@id\":\"https:\/\/drill-magnet.com\/de\/#organization\"},\"potentialAction\":[{\"@type\":\"SearchAction\",\"target\":{\"@type\":\"EntryPoint\",\"urlTemplate\":\"https:\/\/drill-magnet.com\/de\/?s={search_term_string}\"},\"query-input\":{\"@type\":\"PropertyValueSpecification\",\"valueRequired\":true,\"valueName\":\"search_term_string\"}}],\"inLanguage\":\"en-US\"},{\"@type\":[\"Organization\",\"Place\"],\"@id\":\"https:\/\/drill-magnet.com\/de\/#organization\",\"name\":\"RAHMANI Magnetic drill store group\",\"url\":\"https:\/\/drill-magnet.com\/de\/\",\"logo\":{\"@id\":\"https:\/\/drill-magnet.com\/de\/product\/magnetic-drill-machine-euroboor-eco-40s-ic\/#local-main-organization-logo\"},\"image\":{\"@id\":\"https:\/\/drill-magnet.com\/de\/product\/magnetic-drill-machine-euroboor-eco-40s-ic\/#local-main-organization-logo\"},\"telephone\":[],\"openingHoursSpecification\":[{\"@type\":\"OpeningHoursSpecification\",\"dayOfWeek\":[\"Sunday\",\"Monday\",\"Tuesday\",\"Wednesday\",\"Thursday\",\"Friday\",\"Saturday\"],\"opens\":\"09:00\",\"closes\":\"17:00\"}]},{\"@type\":\"ImageObject\",\"inLanguage\":\"en-US\",\"@id\":\"https:\/\/drill-magnet.com\/de\/product\/magnetic-drill-machine-euroboor-eco-40s-ic\/#local-main-organization-logo\",\"url\":\"https:\/\/drill-magnet.com\/de\/wp-content\/uploads\/2023\/11\/Rahmani-En-Logo-site.png\",\"contentUrl\":\"https:\/\/drill-magnet.com\/de\/wp-content\/uploads\/2023\/11\/Rahmani-En-Logo-site.png\",\"width\":350,\"height\":100,\"caption\":\"RAHMANI Magnetic drill store group\"}]}<\/script>\n<meta property=\"product:price:amount\" content=\"0\" \/>\n<meta property=\"product:price:currency\" content=\"USD\" \/>\n<meta property=\"og:availability\" content=\"instock\" \/>\n<meta property=\"product:availability\" content=\"instock\" \/>\n<meta property=\"product:condition\" content=\"new\" \/>\n<!-- \/ Yoast SEO Premium plugin. -->","yoast_head_json":{"title":"Magnetbohrmaschine Euroboor ECO.40S+\/IC - RAHMANI Magnetic drill store group","robots":{"index":"index","follow":"follow","max-snippet":"max-snippet:-1","max-image-preview":"max-image-preview:large","max-video-preview":"max-video-preview:-1"},"canonical":"https:\/\/drill-magnet.com\/de\/product\/magnetic-drill-machine-euroboor-eco-40s-ic\/","og_locale":"en_US","og_type":"article","og_title":"Magnetbohrmaschine Euroboor ECO.40S+\/IC","og_description":"Magnetbohrmaschine Euroboor ECO.40S+\/IC Unsere kompakte Euroboor ECO.40\/2+ ist die perfekte Magnet-Kernbohrmaschine f\u00c3\u00bcr Kernbohrungen bis 40 mm (1 9\/16\u00e2\u20ac\u00b3) und Spiralbohrungen","og_url":"https:\/\/drill-magnet.com\/de\/product\/magnetic-drill-machine-euroboor-eco-40s-ic\/","og_site_name":"RAHMANI Magnetic drill store group","article_modified_time":"2025-08-05T19:38:58+00:00","og_image":[{"width":300,"height":300,"url":"https:\/\/drill-magnet.com\/de\/wp-content\/uploads\/2025\/02\/ECO.40SIC-Euroboor-Magnetic-Drilling-Machine.png","type":"image\/png"}],"twitter_card":"summary_large_image","twitter_misc":{"Price":"","Availability":"In stock"},"schema":{"@context":"https:\/\/schema.org","@graph":[{"@type":"WebPage","@id":"https:\/\/drill-magnet.com\/de\/product\/magnetic-drill-machine-euroboor-eco-40s-ic\/","url":"https:\/\/drill-magnet.com\/de\/product\/magnetic-drill-machine-euroboor-eco-40s-ic\/","name":"Magnetbohrmaschine Euroboor ECO.40S+\/IC - RAHMANI Magnetic drill store group","isPartOf":{"@id":"https:\/\/drill-magnet.com\/de\/#website"},"primaryImageOfPage":{"@id":"https:\/\/drill-magnet.com\/de\/product\/magnetic-drill-machine-euroboor-eco-40s-ic\/#primaryimage"},"image":{"@id":"https:\/\/drill-magnet.com\/de\/product\/magnetic-drill-machine-euroboor-eco-40s-ic\/#primaryimage"},"thumbnailUrl":"https:\/\/drill-magnet.com\/de\/wp-content\/uploads\/2025\/02\/ECO.40SIC-Euroboor-Magnetic-Drilling-Machine.png","datePublished":"2025-02-20T10:06:06+00:00","dateModified":"2025-08-05T19:38:58+00:00","breadcrumb":{"@id":"https:\/\/drill-magnet.com\/de\/product\/magnetic-drill-machine-euroboor-eco-40s-ic\/#breadcrumb"},"inLanguage":"en-US","potentialAction":[{"@type":"ReadAction","target":["https:\/\/drill-magnet.com\/de\/product\/magnetic-drill-machine-euroboor-eco-40s-ic\/"]}]},{"@type":"ImageObject","inLanguage":"en-US","@id":"https:\/\/drill-magnet.com\/de\/product\/magnetic-drill-machine-euroboor-eco-40s-ic\/#primaryimage","url":"https:\/\/drill-magnet.com\/de\/wp-content\/uploads\/2025\/02\/ECO.40SIC-Euroboor-Magnetic-Drilling-Machine.png","contentUrl":"https:\/\/drill-magnet.com\/de\/wp-content\/uploads\/2025\/02\/ECO.40SIC-Euroboor-Magnetic-Drilling-Machine.png","width":300,"height":300,"caption":"Magnetic Drill Machine Euroboor ECO.40S+\/IC"},{"@type":"BreadcrumbList","@id":"https:\/\/drill-magnet.com\/de\/product\/magnetic-drill-machine-euroboor-eco-40s-ic\/#breadcrumb","itemListElement":[{"@type":"ListItem","position":1,"name":"Home","item":"https:\/\/drill-magnet.com\/de\/"},{"@type":"ListItem","position":2,"name":"Shop","item":"https:\/\/drill-magnet.com\/de\/shop\/"},{"@type":"ListItem","position":3,"name":"Magnetbohrmaschine Euroboor ECO.40S+\/IC"}]},{"@type":"WebSite","@id":"https:\/\/drill-magnet.com\/de\/#website","url":"https:\/\/drill-magnet.com\/de\/","name":"RAHMANI Magnetic drill store group","description":"Buying and selling German, Polish, Belgian and\u00e2\u20ac\u00a6 Magnetic drill | Annular Cutter | Diamond Core Drilling |  Beveling Machine, along with guaranteed specialized repairs","publisher":{"@id":"https:\/\/drill-magnet.com\/de\/#organization"},"potentialAction":[{"@type":"SearchAction","target":{"@type":"EntryPoint","urlTemplate":"https:\/\/drill-magnet.com\/de\/?s={search_term_string}"},"query-input":{"@type":"PropertyValueSpecification","valueRequired":true,"valueName":"search_term_string"}}],"inLanguage":"en-US"},{"@type":["Organization","Place"],"@id":"https:\/\/drill-magnet.com\/de\/#organization","name":"RAHMANI Magnetic drill store group","url":"https:\/\/drill-magnet.com\/de\/","logo":{"@id":"https:\/\/drill-magnet.com\/de\/product\/magnetic-drill-machine-euroboor-eco-40s-ic\/#local-main-organization-logo"},"image":{"@id":"https:\/\/drill-magnet.com\/de\/product\/magnetic-drill-machine-euroboor-eco-40s-ic\/#local-main-organization-logo"},"telephone":[],"openingHoursSpecification":[{"@type":"OpeningHoursSpecification","dayOfWeek":["Sunday","Monday","Tuesday","Wednesday","Thursday","Friday","Saturday"],"opens":"09:00","closes":"17:00"}]},{"@type":"ImageObject","inLanguage":"en-US","@id":"https:\/\/drill-magnet.com\/de\/product\/magnetic-drill-machine-euroboor-eco-40s-ic\/#local-main-organization-logo","url":"https:\/\/drill-magnet.com\/de\/wp-content\/uploads\/2023\/11\/Rahmani-En-Logo-site.png","contentUrl":"https:\/\/drill-magnet.com\/de\/wp-content\/uploads\/2023\/11\/Rahmani-En-Logo-site.png","width":350,"height":100,"caption":"RAHMANI Magnetic drill store group"}]},"product_price_currency":"USD","og_availability":"instock","product_availability":"instock","product_condition":"new"},"_links":{"self":[{"href":"https:\/\/drill-magnet.com\/de\/wp-json\/wp\/v2\/product\/16987","targetHints":{"allow":["GET"]}}],"collection":[{"href":"https:\/\/drill-magnet.com\/de\/wp-json\/wp\/v2\/product"}],"about":[{"href":"https:\/\/drill-magnet.com\/de\/wp-json\/wp\/v2\/types\/product"}],"replies":[{"embeddable":true,"href":"https:\/\/drill-magnet.com\/de\/wp-json\/wp\/v2\/comments?post=16987"}],"version-history":[{"count":2,"href":"https:\/\/drill-magnet.com\/de\/wp-json\/wp\/v2\/product\/16987\/revisions"}],"predecessor-version":[{"id":17758,"href":"https:\/\/drill-magnet.com\/de\/wp-json\/wp\/v2\/product\/16987\/revisions\/17758"}],"wp:featuredmedia":[{"embeddable":true,"href":"https:\/\/drill-magnet.com\/de\/wp-json\/wp\/v2\/media\/17013"}],"wp:attachment":[{"href":"https:\/\/drill-magnet.com\/de\/wp-json\/wp\/v2\/media?parent=16987"}],"wp:term":[{"taxonomy":"product_brand","embeddable":true,"href":"https:\/\/drill-magnet.com\/de\/wp-json\/wp\/v2\/product_brand?post=16987"},{"taxonomy":"product_cat","embeddable":true,"href":"https:\/\/drill-magnet.com\/de\/wp-json\/wp\/v2\/product_cat?post=16987"},{"taxonomy":"product_tag","embeddable":true,"href":"https:\/\/drill-magnet.com\/de\/wp-json\/wp\/v2\/product_tag?post=16987"}],"curies":[{"name":"wp","href":"https:\/\/api.w.org\/{rel}","templated":true}]}}